{"id":2574,"date":"2024-11-11T19:33:50","date_gmt":"2024-11-12T00:33:50","guid":{"rendered":"https:\/\/cala-analytics.com\/tezt\/?page_id=2574"},"modified":"2024-11-24T22:41:41","modified_gmt":"2024-11-25T03:41:41","slug":"universidad-santo-tomas","status":"publish","type":"page","link":"https:\/\/cala-analytics.com\/tezt\/universidad-santo-tomas\/","title":{"rendered":"Universidad Santo Tom\u00e1s"},"content":{"rendered":"<div class=\"wpb-content-wrapper\"><p>[vc_row][vc_column]\n\t\t\t\t<p class=\"rs-p-wp-fix\"><\/p>\n\t\t\t\t<sr7-module data-alias=\"color-back\" data-id=\"19\" id=\"SR7_19_1\" class=\"rs-ov-hidden\" data-version=\"6.7.23\">\n\t\t\t\t\t<sr7-adjuster><\/sr7-adjuster>\n\t\t\t\t\t<sr7-content>\n\t\t\t\t\t\t<sr7-slide id=\"SR7_19_1-63\" data-key=\"63\">\n\t\t\t\t\t\t<\/sr7-slide>\n\t\t\t\t\t\t<sr7-slide id=\"SR7_19_1-64\" data-key=\"64\">\n\t\t\t\t\t\t<\/sr7-slide>\n\t\t\t\t\t<\/sr7-content>\n\t\t\t\t\t<image_lists style=\"display:none\">\n\t\t\t\t\t\t<img data-src=\"\/\/cala-analytics.com\/tezt\/wp-content\/uploads\/2024\/11\/color-bann-M.png\" width=\"0\" height=\"0\" data-dbsrc=\"Ly9jYWxhLWFuYWx5dGljcy5jb20vdGV6dC93cC1jb250ZW50L3VwbG9hZHMvMjAyNC8xMS9jb2xvci1iYW5uLU0ucG5n\"\/>\n\t\t\t\t\t<\/image_lists>\n\t\t\t\t<\/sr7-module>\n\t\t\t\t<script>\n\t\t\t\t\tSR7.PMH ??={}; SR7.PMH[\"SR7_19_1\"] = {cn:100,state:false,fn: function() { if (_tpt!==undefined && _tpt.prepareModuleHeight !== undefined) {  _tpt.prepareModuleHeight({id:\"SR7_19_1\",el:[120,120,768,768,768],type:'standard',shdw:'0',gh:[120,120,95,95,95],gw:[2540,2540,1024,1024,1024],vpt:['-100px&#039;,&#039;-100px&#039;,&#039;-100px&#039;,&#039;-100px&#039;,&#039;-100px'],size:{fullWidth:true, fullHeight:false},mh:'0',onh:0,onw:0,bg:{color:'{\"orig\":\"transparent\",\"type\":\"solid\",\"string\":\"transparent\"}',image:{src:'https:\/\/cala-analytics.com\/tezt\/wp-content\/uploads\/2024\/11\/color-bann-M.png',size:'',position:'center center',repeat:''}}});   SR7.PMH[\"SR7_19_1\"].state=true;} else if(SR7.PMH[\"SR7_19_1\"].cn-->0)\tsetTimeout( SR7.PMH[\"SR7_19_1\"].fn,19);}};SR7.PMH[\"SR7_19_1\" ].fn();\n\t\t\t\t<\/script>\n[\/vc_column][\/vc_row][vc_row][vc_column]<!-- Start Case Details \r\n    ============================================= -->\r\n    <div class=\"case-details-area default-padding\">\r\n        <div class=\"container\">\r\n            <div class=\"case-details-info\">\r\n                <div class=\"row\">\r\n                    <div class=\"col-md-12\">\r\n                        <div class=\"case-single-carousel owl-carousel owl-theme\">[vc_single_image image=&#8221;2575&#8243; img_size=&#8221;medium&#8221; alignment=&#8221;center&#8221; css=&#8221;&#8221;]<\/div>\r\n                    <\/div>\r\n                <\/div><div class=\"case-basic mt-5 text-center\">\r\n                    <div class=\"row\"><div class=\"col-lg-3 col-md-6\">\r\n                            <div class=\"item\">\r\n                                <i class=\"fas fa-user\"><\/i>\r\n                                <h5>Cliente<\/h5>\r\n                                <span>UNIVERSIDAD SANTO TOM\u00c1S<\/span>\r\n                            <\/div><\/div><div class=\"col-lg-3 col-md-6\">\r\n                            <div class=\"item\">\r\n                                <i class=\"fas fa-cog\"><\/i>\r\n                                <h5>Categor\u00eda<\/h5>\r\n                                <span>Sector Acad\u00e9mico<\/span>\r\n                            <\/div><\/div><div class=\"col-lg-3 col-md-6\">\r\n                            <div class=\"item\">\r\n                                <i class=\"fas fa-clock\"><\/i>\r\n                                <h5>Objetivo del Proyecto<\/h5>\r\n                                <span>Establecer la mejor plataforma para fortalecer la ense\u00f1anza.<\/span>\r\n                            <\/div><\/div><div class=\"col-lg-3 col-md-6\">\r\n                            <div class=\"item\">\r\n                                <i class=\"fas fa-globe\"><\/i>\r\n                                <h5>Soluci\u00f3n<\/h5>\r\n                                <span>Implementaci\u00f3n de Mathematica a trav\u00e9s de CALA Analytics y unificaci\u00f3n de plataformas de ense\u00f1anza.<\/span>\r\n                            <\/div><\/div><\/div>\r\n        <\/div>\r\n    <\/div>\r\n    <!-- End Case Details --><\/div>\r\n    <\/div>\r\n    <!-- End Case Details -->[vc_column_text css=&#8221;.vc_custom_1732506095960{margin-right: 10% !important;margin-left: 10% !important;}&#8221;]<\/p>\n<blockquote>\n<h5 style=\"text-align: center;\"><em>&#8220;En el a\u00f1o 2.000 conoc\u00ed <strong>Mathematica<\/strong> y qued\u00e9 impactado, me gust\u00f3 la capacidad que ten\u00eda para manejar los datos. Hab\u00eda manejado otras plataformas y el cambio fue impresionante. Gracias a esta experiencia, involucre a mis compa\u00f1eros, cre\u00e9 un seminario, el cual dirig\u00ed y en el que ense\u00f1\u00e9 a un grupo de docentes los aspectos b\u00e1sicos de la soluci\u00f3n <strong>Mathematica.<\/strong>&#8220;<\/em><\/h5>\n<h6 style=\"text-align: center;\"><em><br \/>\n<\/em><strong><em>Germ\u00e1n Alvarado<\/em><\/strong><br \/>\n<em>Coordinador Acad\u00e9mico de Ciencias B\u00e1sicas<\/em><\/h6>\n<\/blockquote>\n<p>[\/vc_column_text]<!-- Start Case Details \r\n    ============================================= -->\r\n    <div class=\"case-details-area default-padding\">\r\n        <div class=\"container\">\r\n            <div class=\"case-details-info\">\r\n                <div class=\"row\">\r\n                    <div class=\"col-md-12\">\r\n                        <div class=\"case-single-carousel owl-carousel owl-theme\"><\/div>\r\n                    <\/div>\r\n                <\/div>[vc_column_text css=&#8221;.vc_custom_1729529216021{margin-bottom: 25px !important;}&#8221;]<\/p>\n<h2 style=\"text-align: left;\"><strong>Informaci\u00f3n del Proyecto<\/strong><\/h2>\n<p>[\/vc_column_text][vc_column_text css=&#8221;&#8221;]El primer claustro universitario de Colombia, la <strong>Universidad Santo Tom\u00e1s<\/strong>, fue fundada en 1580 y durante este tiempo, ha sido fuente inagotable de pensamiento y cultura, formando cientos de generaciones. Llegado el siglo XXI, la Universidad se encontraba en la transici\u00f3n a nuevas tecnolog\u00edas de comunicaci\u00f3n. Por tal raz\u00f3n adquiri\u00f3 nuevas plataformas para apoyar sus aulas virtuales, las cuales facilitaron el proceso de alimentaci\u00f3n de la informaci\u00f3n.<\/p>\n<p>En cuanto a los sistemas algebraicos, en las facultades estaban manejando diferentes plataformas, la facultad de Ciencias B\u00e1sicas no ten\u00eda ninguna establecida.<\/p>\n<p>\u00ab<em>En el a\u00f1o 2.000 conoc\u00ed <strong>Mathematica<\/strong> y qued\u00e9 impactado, me gust\u00f3 la capacidad que ten\u00eda para manejar los datos. Hab\u00eda manejado otras plataformas y el cambio fue impresionante. Gracias a esta experiencia, involucre a mis compa\u00f1eros, cre\u00e9 un seminario, el cual dirig\u00ed y en el que ense\u00f1\u00e9 a un grupo de docentes los aspectos b\u00e1sicos de la soluci\u00f3n <strong>Mathematica<\/strong><\/em>\u00bb, Germ\u00e1n Alvarado, Coordinador Acad\u00e9mico de Ciencias B\u00e1sicas.<\/p>\n<p>EN 2012 LA UNIVERSIDAD SANTO TOM\u00c1S ADQUIRI\u00d3:<\/p>\n<p>Una sala con 20 terminales.<\/p>\n<p>Mathematica versi\u00f3n 8.0 en red.<\/p>\n<p>10 licencias cliente adicionales para los docentes.<\/p>\n<p>\u00ab<em>Con <strong>Mathematica<\/strong> mejoramos la calidad de la educaci\u00f3n y rompemos paradigmas en los m\u00e9todos de ense\u00f1anza<\/em>\u00bb Germ\u00e1n Alvarado, Coordinador Acad\u00e9mico de Ciencias B\u00e1sicas.<\/p>\n<p>A partir de la implementaci\u00f3n de <strong>Mathematica<\/strong> comenz\u00f3 el proceso para concientizar a los profesores y estudiantes sobre el uso correcto de la herramienta.<\/p>\n<p>Actualmente, la Universidad Santo Tom\u00e1s tiene en su facultad de Ciencias B\u00e1sicas el uso principal de la soluci\u00f3n. Tambi\u00e9n se encuentra presente en la divisi\u00f3n de ingenier\u00edas, la facultad de estad\u00edstica y la facultad de econom\u00eda.<\/p>\n<p>\u00ab<em>Otro de los beneficios de contar con <strong>Mathematica<\/strong> es que se pueden descargar las demostraciones de la Web, adecuarlas a las clases, subirlas a las plataformas virtuales, los estudiantes pueden bajarlas en sus casas y manipularlas<\/em>\u00bb Germ\u00e1n Alvarado, Coordinador Acad\u00e9mico de Ciencias B\u00e1sicas.<\/p>\n<p><strong>Mathematica<\/strong> tiene la capacidad de resolver los problemas simb\u00f3licamente, brindando, respuestas anal\u00edticas.<\/p>\n<p>Cuenta con <strong>Wolfram Alfa<\/strong>, brindando informaci\u00f3n en tiempo real, asegurando la calidad de los datos a descargar.[\/vc_column_text]<\/div>\r\n        <\/div>\r\n    <\/div>\r\n    <!-- End Case Details --><\/div>\r\n    <\/div>\r\n    <!-- End Case Details -->[\/vc_column][\/vc_row]<\/p>\n<\/div>","protected":false},"excerpt":{"rendered":"<p>[vc_row][vc_column][\/vc_column][\/vc_row][vc_row][vc_column][vc_single_image image=&#8221;2575&#8243; img_size=&#8221;medium&#8221; alignment=&#8221;center&#8221; css=&#8221;&#8221;][vc_column_text css=&#8221;.vc_custom_1732506095960{margin-right: 10% !important;margin-left: 10% !important;}&#8221;] &#8220;En el a\u00f1o 2.000 conoc\u00ed Mathematica y qued\u00e9 impactado, me gust\u00f3 la capacidad que ten\u00eda para manejar los datos. Hab\u00eda manejado otras plataformas y el cambio fue impresionante. Gracias a esta experiencia, involucre a mis compa\u00f1eros, cre\u00e9 un seminario, el cual dirig\u00ed y en el [&hellip;]<\/p>\n","protected":false},"author":1,"featured_media":0,"parent":0,"menu_order":0,"comment_status":"closed","ping_status":"closed","template":"page-templates\/pages.php","meta":{"_joinchat":[],"footnotes":""},"class_list":["post-2574","page","type-page","status-publish","hentry"],"_links":{"self":[{"href":"https:\/\/cala-analytics.com\/tezt\/wp-json\/wp\/v2\/pages\/2574","targetHints":{"allow":["GET"]}}],"collection":[{"href":"https:\/\/cala-analytics.com\/tezt\/wp-json\/wp\/v2\/pages"}],"about":[{"href":"https:\/\/cala-analytics.com\/tezt\/wp-json\/wp\/v2\/types\/page"}],"author":[{"embeddable":true,"href":"https:\/\/cala-analytics.com\/tezt\/wp-json\/wp\/v2\/users\/1"}],"replies":[{"embeddable":true,"href":"https:\/\/cala-analytics.com\/tezt\/wp-json\/wp\/v2\/comments?post=2574"}],"version-history":[{"count":4,"href":"https:\/\/cala-analytics.com\/tezt\/wp-json\/wp\/v2\/pages\/2574\/revisions"}],"predecessor-version":[{"id":2913,"href":"https:\/\/cala-analytics.com\/tezt\/wp-json\/wp\/v2\/pages\/2574\/revisions\/2913"}],"wp:attachment":[{"href":"https:\/\/cala-analytics.com\/tezt\/wp-json\/wp\/v2\/media?parent=2574"}],"curies":[{"name":"wp","href":"https:\/\/api.w.org\/{rel}","templated":true}]}}