{"id":2561,"date":"2024-11-11T19:20:36","date_gmt":"2024-11-12T00:20:36","guid":{"rendered":"https:\/\/cala-analytics.com\/tezt\/?page_id=2561"},"modified":"2024-11-24T22:37:48","modified_gmt":"2024-11-25T03:37:48","slug":"universidad-cooperativa","status":"publish","type":"page","link":"https:\/\/cala-analytics.com\/tezt\/universidad-cooperativa\/","title":{"rendered":"Universidad Cooperativa"},"content":{"rendered":"<div class=\"wpb-content-wrapper\"><p>[vc_row][vc_column]\n\t\t\t\t<p class=\"rs-p-wp-fix\"><\/p>\n\t\t\t\t<sr7-module data-alias=\"color-back\" data-id=\"19\" id=\"SR7_19_1\" class=\"rs-ov-hidden\" data-version=\"6.7.23\">\n\t\t\t\t\t<sr7-adjuster><\/sr7-adjuster>\n\t\t\t\t\t<sr7-content>\n\t\t\t\t\t\t<sr7-slide id=\"SR7_19_1-63\" data-key=\"63\">\n\t\t\t\t\t\t<\/sr7-slide>\n\t\t\t\t\t\t<sr7-slide id=\"SR7_19_1-64\" data-key=\"64\">\n\t\t\t\t\t\t<\/sr7-slide>\n\t\t\t\t\t<\/sr7-content>\n\t\t\t\t\t<image_lists style=\"display:none\">\n\t\t\t\t\t\t<img data-src=\"\/\/cala-analytics.com\/tezt\/wp-content\/uploads\/2024\/11\/color-bann-M.png\" width=\"0\" height=\"0\" data-dbsrc=\"Ly9jYWxhLWFuYWx5dGljcy5jb20vdGV6dC93cC1jb250ZW50L3VwbG9hZHMvMjAyNC8xMS9jb2xvci1iYW5uLU0ucG5n\"\/>\n\t\t\t\t\t<\/image_lists>\n\t\t\t\t<\/sr7-module>\n\t\t\t\t<script>\n\t\t\t\t\tSR7.PMH ??={}; SR7.PMH[\"SR7_19_1\"] = {cn:100,state:false,fn: function() { if (_tpt!==undefined && _tpt.prepareModuleHeight !== undefined) {  _tpt.prepareModuleHeight({id:\"SR7_19_1\",el:[120,120,768,768,768],type:'standard',shdw:'0',gh:[120,120,95,95,95],gw:[2540,2540,1024,1024,1024],vpt:['-100px&#039;,&#039;-100px&#039;,&#039;-100px&#039;,&#039;-100px&#039;,&#039;-100px'],size:{fullWidth:true, fullHeight:false},mh:'0',onh:0,onw:0,bg:{color:'{\"orig\":\"transparent\",\"type\":\"solid\",\"string\":\"transparent\"}',image:{src:'https:\/\/cala-analytics.com\/tezt\/wp-content\/uploads\/2024\/11\/color-bann-M.png',size:'',position:'center center',repeat:''}}});   SR7.PMH[\"SR7_19_1\"].state=true;} else if(SR7.PMH[\"SR7_19_1\"].cn-->0)\tsetTimeout( SR7.PMH[\"SR7_19_1\"].fn,19);}};SR7.PMH[\"SR7_19_1\" ].fn();\n\t\t\t\t<\/script>\n[\/vc_column][\/vc_row][vc_row][vc_column]<!-- Start Case Details \r\n    ============================================= -->\r\n    <div class=\"case-details-area default-padding\">\r\n        <div class=\"container\">\r\n            <div class=\"case-details-info\">\r\n                <div class=\"row\">\r\n                    <div class=\"col-md-12\">\r\n                        <div class=\"case-single-carousel owl-carousel owl-theme\">[vc_single_image image=&#8221;2562&#8243; img_size=&#8221;medium&#8221; alignment=&#8221;center&#8221; css=&#8221;&#8221;]<\/div>\r\n                    <\/div>\r\n                <\/div><div class=\"case-basic mt-5 text-center\">\r\n                    <div class=\"row\"><div class=\"col-lg-3 col-md-6\">\r\n                            <div class=\"item\">\r\n                                <i class=\"fas fa-user\"><\/i>\r\n                                <h5>Cliente<\/h5>\r\n                                <span>UNIVERSIDAD COOPERATIVA<\/span>\r\n                            <\/div><\/div><div class=\"col-lg-3 col-md-6\">\r\n                            <div class=\"item\">\r\n                                <i class=\"fas fa-cog\"><\/i>\r\n                                <h5>Categor\u00eda<\/h5>\r\n                                <span>Sector Acad\u00e9mico<\/span>\r\n                            <\/div><\/div><div class=\"col-lg-3 col-md-6\">\r\n                            <div class=\"item\">\r\n                                <i class=\"fas fa-clock\"><\/i>\r\n                                <h5>Objetivo del Proyecto<\/h5>\r\n                                <span>Crear, validar e implementar el sistema de evaluaci\u00f3n docente por parte de los estudiantes.<\/span>\r\n                            <\/div><\/div><div class=\"col-lg-3 col-md-6\">\r\n                            <div class=\"item\">\r\n                                <i class=\"fas fa-globe\"><\/i>\r\n                                <h5>Soluci\u00f3n<\/h5>\r\n                                <span>Implementaci\u00f3n de IBM SPSS Statistics y an\u00e1lisis de las respuestas provenientes del instrumento de medici\u00f3n de las competencias docentes.<\/span>\r\n                            <\/div><\/div><\/div>\r\n        <\/div>\r\n    <\/div>\r\n    <!-- End Case Details --><\/div>\r\n    <\/div>\r\n    <!-- End Case Details -->[vc_column_text css=&#8221;.vc_custom_1732505861505{margin-right: 10% !important;margin-left: 10% !important;}&#8221;]<\/p>\n<blockquote>\n<h5 style=\"text-align: center;\"><em>&#8220;Gracias al uso de la plataforma <strong>IBM SPSS Statistics<\/strong> y el acompa\u00f1amiento de <strong>CALA Analytics<\/strong>, la Universidad Cooperativa de Colombia obtuvo un instrumento de medici\u00f3n confiable de las competencias docentes con los criterios de validaci\u00f3n adecuados, de an\u00e1lisis factorial de cl\u00faster.&#8221;<\/em><\/h5>\n<\/blockquote>\n<p>[\/vc_column_text]<!-- Start Case Details \r\n    ============================================= -->\r\n    <div class=\"case-details-area default-padding\">\r\n        <div class=\"container\">\r\n            <div class=\"case-details-info\">\r\n                <div class=\"row\">\r\n                    <div class=\"col-md-12\">\r\n                        <div class=\"case-single-carousel owl-carousel owl-theme\"><\/div>\r\n                    <\/div>\r\n                <\/div>[vc_column_text css=&#8221;.vc_custom_1729529216021{margin-bottom: 25px !important;}&#8221;]<\/p>\n<h2 style=\"text-align: left;\"><strong>Informaci\u00f3n del Proyecto<\/strong><\/h2>\n<p>[\/vc_column_text][vc_column_text css=&#8221;&#8221;]La <strong>Universidad Cooperativa de Colombia<\/strong> fue fundada en 1958. En la d\u00e9cada de los 90, la instituci\u00f3n educativa consolid\u00f3 cinco seccionales en lugares estrat\u00e9gicos del pa\u00eds: Bogot\u00e1, Medell\u00edn, Barrancabermeja, Santa Marta y Bucaramanga. Su expansi\u00f3n no se detuvo, actualmente cuenta tambi\u00e9n con sedes en ciudades como Monter\u00eda, Pereira, Ibagu\u00e9, Villavicencio, Cali y Quibd\u00f3.<\/p>\n<p>La <strong>Universidad Cooperativa de Colombia<\/strong> necesitaba un sistema unificado de evaluaci\u00f3n docente a nivel nacional, que tomara en cuenta las competencias necesarias para la pr\u00e1ctica docente universitaria.<\/p>\n<p>La instituci\u00f3n, con el \u00e1nimo de mejorar el proceso de ense\u00f1anza y aprendizaje, identific\u00f3 que era necesario determinar las variables que caracterizan la actividad docente para su posterior evaluaci\u00f3n.<\/p>\n<p>Sin embargo, a la hora de llevar a cabo este proceso, encontraron que esta tarea resultaba compleja debido al tama\u00f1o de la Universidad, que cuenta con:<\/p>\n<p>18 sedes.<\/p>\n<p>50.000 estudiantes.<\/p>\n<p>4.000 docentes.<\/p>\n<p>Adem\u00e1s, cada sede contaba con un sistema de evaluaci\u00f3n docente diferente que arrojaba resultados que en muchas ocasiones no estaban sustentados con referentes conceptuales, sino con opiniones de docentes y expertos.<\/p>\n<p>Con esta dificultad presente, la <strong>Universidad Cooperativa de Colombia<\/strong> identific\u00f3 la necesidad de crear un sistema de evaluaci\u00f3n unificado, basado en datos confiables y que permitiera hacer f\u00e1cilmente la caracterizaci\u00f3n de la actividad docente.<\/p>\n<p>Para garantizar la calidad del sistema, realizaron un estudio tomando los estudiantes de las 18 sedes de la Universidad, lo que constitu\u00eda una poblaci\u00f3n de 50.870 estudiantes.<\/p>\n<p>El instrumento utilizado para recolectar la informaci\u00f3n fue una encuesta de 58 preguntas con respuestas de opci\u00f3n m\u00faltiple, divididas en seis categor\u00edas pertinentes en:<\/p>\n<p>Ambiente en el aula.<\/p>\n<p>Planificaci\u00f3n.<\/p>\n<p>Estrategias de mediaci\u00f3n cognitiva.<\/p>\n<p>Estrategias de mediaci\u00f3n emocional.<\/p>\n<p>Estrategias evaluativas.<\/p>\n<p>Recursos did\u00e1cticos.<\/p>\n<p>20,051 personas, que representan un 39% de la poblaci\u00f3n estudiantil, completaron la encuesta.<\/p>\n<p>Esta es una gran cantidad de datos para ser analizados, pues se obtuvieron cerca de 112,041 respuestas. Para obtener un an\u00e1lisis acertado, r\u00e1pido y confiable, utilizaron<strong> IBM SPSS Statistics<\/strong>.<\/p>\n<p>En la etapa del an\u00e1lisis del contenido utilizaron dos enfoques, uno cualitativo y otro cuantitativo. Entre las t\u00e9cnicas aplicadas con <strong>IBM SPSS Statistic<\/strong>s, se encuentran un an\u00e1lisis factorial mediante el m\u00e9todo de m\u00e1xima verosimilitud y un an\u00e1lisis de cl\u00faster para agrupar las categor\u00edas de \u00edtems. Finalmente, para establecer la consistencia, emplearon el coeficiente alfa de Cronbach.[\/vc_column_text]<\/div>\r\n        <\/div>\r\n    <\/div>\r\n    <!-- End Case Details --><\/div>\r\n    <\/div>\r\n    <!-- End Case Details -->[\/vc_column][\/vc_row]<\/p>\n<\/div>","protected":false},"excerpt":{"rendered":"<p>[vc_row][vc_column][\/vc_column][\/vc_row][vc_row][vc_column][vc_single_image image=&#8221;2562&#8243; img_size=&#8221;medium&#8221; alignment=&#8221;center&#8221; css=&#8221;&#8221;][vc_column_text css=&#8221;.vc_custom_1732505861505{margin-right: 10% !important;margin-left: 10% !important;}&#8221;] &#8220;Gracias al uso de la plataforma IBM SPSS Statistics y el acompa\u00f1amiento de CALA Analytics, la Universidad Cooperativa de Colombia obtuvo un instrumento de medici\u00f3n confiable de las competencias docentes con los criterios de validaci\u00f3n adecuados, de an\u00e1lisis factorial de cl\u00faster.&#8221; [\/vc_column_text][vc_column_text css=&#8221;.vc_custom_1729529216021{margin-bottom: 25px !important;}&#8221;] [&hellip;]<\/p>\n","protected":false},"author":1,"featured_media":0,"parent":0,"menu_order":0,"comment_status":"closed","ping_status":"closed","template":"page-templates\/pages.php","meta":{"_joinchat":[],"footnotes":""},"class_list":["post-2561","page","type-page","status-publish","hentry"],"_links":{"self":[{"href":"https:\/\/cala-analytics.com\/tezt\/wp-json\/wp\/v2\/pages\/2561","targetHints":{"allow":["GET"]}}],"collection":[{"href":"https:\/\/cala-analytics.com\/tezt\/wp-json\/wp\/v2\/pages"}],"about":[{"href":"https:\/\/cala-analytics.com\/tezt\/wp-json\/wp\/v2\/types\/page"}],"author":[{"embeddable":true,"href":"https:\/\/cala-analytics.com\/tezt\/wp-json\/wp\/v2\/users\/1"}],"replies":[{"embeddable":true,"href":"https:\/\/cala-analytics.com\/tezt\/wp-json\/wp\/v2\/comments?post=2561"}],"version-history":[{"count":4,"href":"https:\/\/cala-analytics.com\/tezt\/wp-json\/wp\/v2\/pages\/2561\/revisions"}],"predecessor-version":[{"id":2907,"href":"https:\/\/cala-analytics.com\/tezt\/wp-json\/wp\/v2\/pages\/2561\/revisions\/2907"}],"wp:attachment":[{"href":"https:\/\/cala-analytics.com\/tezt\/wp-json\/wp\/v2\/media?parent=2561"}],"curies":[{"name":"wp","href":"https:\/\/api.w.org\/{rel}","templated":true}]}}