{"id":2556,"date":"2024-11-11T19:15:49","date_gmt":"2024-11-12T00:15:49","guid":{"rendered":"https:\/\/cala-analytics.com\/tezt\/?page_id=2556"},"modified":"2024-11-24T22:36:50","modified_gmt":"2024-11-25T03:36:50","slug":"universidad-autonoma-metropolitana","status":"publish","type":"page","link":"https:\/\/cala-analytics.com\/tezt\/universidad-autonoma-metropolitana\/","title":{"rendered":"Universidad Aut\u00f3noma Metropolitana"},"content":{"rendered":"<div class=\"wpb-content-wrapper\"><p>[vc_row][vc_column]\n\t\t\t\t<p class=\"rs-p-wp-fix\"><\/p>\n\t\t\t\t<sr7-module data-alias=\"color-back\" data-id=\"19\" id=\"SR7_19_1\" class=\"rs-ov-hidden\" data-version=\"6.7.23\">\n\t\t\t\t\t<sr7-adjuster><\/sr7-adjuster>\n\t\t\t\t\t<sr7-content>\n\t\t\t\t\t\t<sr7-slide id=\"SR7_19_1-63\" data-key=\"63\">\n\t\t\t\t\t\t<\/sr7-slide>\n\t\t\t\t\t\t<sr7-slide id=\"SR7_19_1-64\" data-key=\"64\">\n\t\t\t\t\t\t<\/sr7-slide>\n\t\t\t\t\t<\/sr7-content>\n\t\t\t\t\t<image_lists style=\"display:none\">\n\t\t\t\t\t\t<img data-src=\"\/\/cala-analytics.com\/tezt\/wp-content\/uploads\/2024\/11\/color-bann-M.png\" width=\"0\" height=\"0\" data-dbsrc=\"Ly9jYWxhLWFuYWx5dGljcy5jb20vdGV6dC93cC1jb250ZW50L3VwbG9hZHMvMjAyNC8xMS9jb2xvci1iYW5uLU0ucG5n\"\/>\n\t\t\t\t\t<\/image_lists>\n\t\t\t\t<\/sr7-module>\n\t\t\t\t<script>\n\t\t\t\t\tSR7.PMH ??={}; SR7.PMH[\"SR7_19_1\"] = {cn:100,state:false,fn: function() { if (_tpt!==undefined && _tpt.prepareModuleHeight !== undefined) {  _tpt.prepareModuleHeight({id:\"SR7_19_1\",el:[120,120,768,768,768],type:'standard',shdw:'0',gh:[120,120,95,95,95],gw:[2540,2540,1024,1024,1024],vpt:['-100px&#039;,&#039;-100px&#039;,&#039;-100px&#039;,&#039;-100px&#039;,&#039;-100px'],size:{fullWidth:true, fullHeight:false},mh:'0',onh:0,onw:0,bg:{color:'{\"orig\":\"transparent\",\"type\":\"solid\",\"string\":\"transparent\"}',image:{src:'https:\/\/cala-analytics.com\/tezt\/wp-content\/uploads\/2024\/11\/color-bann-M.png',size:'',position:'center center',repeat:''}}});   SR7.PMH[\"SR7_19_1\"].state=true;} else if(SR7.PMH[\"SR7_19_1\"].cn-->0)\tsetTimeout( SR7.PMH[\"SR7_19_1\"].fn,19);}};SR7.PMH[\"SR7_19_1\" ].fn();\n\t\t\t\t<\/script>\n[\/vc_column][\/vc_row][vc_row][vc_column]<!-- Start Case Details \r\n    ============================================= -->\r\n    <div class=\"case-details-area default-padding\">\r\n        <div class=\"container\">\r\n            <div class=\"case-details-info\">\r\n                <div class=\"row\">\r\n                    <div class=\"col-md-12\">\r\n                        <div class=\"case-single-carousel owl-carousel owl-theme\">[vc_single_image image=&#8221;2557&#8243; img_size=&#8221;medium&#8221; alignment=&#8221;center&#8221; css=&#8221;&#8221;]<\/div>\r\n                    <\/div>\r\n                <\/div><div class=\"case-basic mt-5 text-center\">\r\n                    <div class=\"row\"><div class=\"col-lg-3 col-md-6\">\r\n                            <div class=\"item\">\r\n                                <i class=\"fas fa-user\"><\/i>\r\n                                <h5>Cliente<\/h5>\r\n                                <span>UNIVERSIDAD AUT\u00d3NOMA METROPOLITANA<\/span>\r\n                            <\/div><\/div><div class=\"col-lg-3 col-md-6\">\r\n                            <div class=\"item\">\r\n                                <i class=\"fas fa-cog\"><\/i>\r\n                                <h5>Categor\u00eda<\/h5>\r\n                                <span>Sector Acad\u00e9mico<\/span>\r\n                            <\/div><\/div><div class=\"col-lg-3 col-md-6\">\r\n                            <div class=\"item\">\r\n                                <i class=\"fas fa-clock\"><\/i>\r\n                                <h5>Objetivo del Proyecto<\/h5>\r\n                                <span>Contar con herramientas robustas para investigar a sus egresados dentro del mercado laboral.<\/span>\r\n                            <\/div><\/div><div class=\"col-lg-3 col-md-6\">\r\n                            <div class=\"item\">\r\n                                <i class=\"fas fa-globe\"><\/i>\r\n                                <h5>Soluci\u00f3n<\/h5>\r\n                                <span>Contar con herramientas robustas para investigar a sus egresados dentro del mercado laboral.<\/span>\r\n                            <\/div><\/div><\/div>\r\n        <\/div>\r\n    <\/div>\r\n    <!-- End Case Details --><\/div>\r\n    <\/div>\r\n    <!-- End Case Details -->[vc_column_text css=&#8221;.vc_custom_1732505805265{margin-right: 10% !important;margin-left: 10% !important;}&#8221;]<\/p>\n<blockquote>\n<h5 style=\"text-align: center;\"><em>&#8220;<strong>SPSS<\/strong> nos ha permitido ser referente en la recopilaci\u00f3n, sistematizaci\u00f3n y an\u00e1lisis de alumnos y egresados al ser confiable, accesible y relevante sobre <strong>las nuevas necesidades del mercado<\/strong> laboral, por ello, esta informaci\u00f3n ha sido utilizada con fines acad\u00e9micos entre sectores profesionales internos y externos conscientes de la importancia del tema.&#8221;<\/em><\/h5>\n<h6 style=\"text-align: center;\"><strong><em>Edgar Adolfo Su\u00e1rez S\u00e1nchez<\/em><\/strong><br \/>\n<em>Jefe del Departamento de Egresados y Bolsa de Trabajo<\/em><\/h6>\n<\/blockquote>\n<p>[\/vc_column_text]<!-- Start Case Details \r\n    ============================================= -->\r\n    <div class=\"case-details-area default-padding\">\r\n        <div class=\"container\">\r\n            <div class=\"case-details-info\">\r\n                <div class=\"row\">\r\n                    <div class=\"col-md-12\">\r\n                        <div class=\"case-single-carousel owl-carousel owl-theme\"><\/div>\r\n                    <\/div>\r\n                <\/div>[vc_column_text css=&#8221;.vc_custom_1729529216021{margin-bottom: 25px !important;}&#8221;]<\/p>\n<h2 style=\"text-align: left;\"><strong>Informaci\u00f3n del Proyecto<\/strong><\/h2>\n<p>[\/vc_column_text][vc_column_text css=&#8221;&#8221;]La <strong>UAM<\/strong> requer\u00eda de un rigor t\u00e9cnico y de una herramienta inform\u00e1tica confiable, s\u00f3lida y potente que permitiera analizar, integrar y gestionar grandes vol\u00famenes de informaci\u00f3n contenida sobre sus estudiantes y egresados, esto, a trav\u00e9s de la implementaci\u00f3n de <strong>IBM SPSS Statistics<\/strong>, fue posible.<\/p>\n<p>Se lograron integrar:<\/p>\n<p>Grandes vol\u00famenes de datos.<\/p>\n<p>Tiempo de empleabilidad.<\/p>\n<p>Condiciones laborales.<\/p>\n<p>Ingresos econ\u00f3micos.<\/p>\n<p>Desempe\u00f1o del egresado en el \u00e1mbito profesional.<\/p>\n<p>Necesidades de actualizaci\u00f3n.<\/p>\n<p>Valoraci\u00f3n de la informaci\u00f3n.<\/p>\n<p>Se encuestaron 40.493 egresados de pregrado y 6.571 estudiantes de posgrado dentro de las<br \/>\ncinco unidades universitarias de la instituci\u00f3n.<\/p>\n<p><strong>825 REPORTES DE SEGUIMIENTO<\/strong><br \/>\nY a la fecha, se han realizado 825 reportes de seguimiento a nivel de toda la universidad y desagregados por unidad, por divisi\u00f3n, incluso por programa de estudio.<\/p>\n<p>Despu\u00e9s de la implementaci\u00f3n se logr\u00f3:<br \/>\nFortalecer la cultura universitaria dentro del mundo digital.<\/p>\n<p>Aprovechar los recursos tecnol\u00f3gicos.<\/p>\n<p>La realizaci\u00f3n de an\u00e1lisis adecuados.<\/p>\n<p>Implementar una variedad de t\u00e9cnicas estad\u00edsticas para la soluci\u00f3n y el cumplimiento de objetivos trazados por la instituci\u00f3n.[\/vc_column_text]<\/div>\r\n        <\/div>\r\n    <\/div>\r\n    <!-- End Case Details --><\/div>\r\n    <\/div>\r\n    <!-- End Case Details -->[\/vc_column][\/vc_row]<\/p>\n<\/div>","protected":false},"excerpt":{"rendered":"<p>[vc_row][vc_column][\/vc_column][\/vc_row][vc_row][vc_column][vc_single_image image=&#8221;2557&#8243; img_size=&#8221;medium&#8221; alignment=&#8221;center&#8221; css=&#8221;&#8221;][vc_column_text css=&#8221;.vc_custom_1732505805265{margin-right: 10% !important;margin-left: 10% !important;}&#8221;] &#8220;SPSS nos ha permitido ser referente en la recopilaci\u00f3n, sistematizaci\u00f3n y an\u00e1lisis de alumnos y egresados al ser confiable, accesible y relevante sobre las nuevas necesidades del mercado laboral, por ello, esta informaci\u00f3n ha sido utilizada con fines acad\u00e9micos entre sectores profesionales internos y externos [&hellip;]<\/p>\n","protected":false},"author":1,"featured_media":0,"parent":0,"menu_order":0,"comment_status":"closed","ping_status":"closed","template":"page-templates\/pages.php","meta":{"_joinchat":[],"footnotes":""},"class_list":["post-2556","page","type-page","status-publish","hentry"],"_links":{"self":[{"href":"https:\/\/cala-analytics.com\/tezt\/wp-json\/wp\/v2\/pages\/2556","targetHints":{"allow":["GET"]}}],"collection":[{"href":"https:\/\/cala-analytics.com\/tezt\/wp-json\/wp\/v2\/pages"}],"about":[{"href":"https:\/\/cala-analytics.com\/tezt\/wp-json\/wp\/v2\/types\/page"}],"author":[{"embeddable":true,"href":"https:\/\/cala-analytics.com\/tezt\/wp-json\/wp\/v2\/users\/1"}],"replies":[{"embeddable":true,"href":"https:\/\/cala-analytics.com\/tezt\/wp-json\/wp\/v2\/comments?post=2556"}],"version-history":[{"count":4,"href":"https:\/\/cala-analytics.com\/tezt\/wp-json\/wp\/v2\/pages\/2556\/revisions"}],"predecessor-version":[{"id":2905,"href":"https:\/\/cala-analytics.com\/tezt\/wp-json\/wp\/v2\/pages\/2556\/revisions\/2905"}],"wp:attachment":[{"href":"https:\/\/cala-analytics.com\/tezt\/wp-json\/wp\/v2\/media?parent=2556"}],"curies":[{"name":"wp","href":"https:\/\/api.w.org\/{rel}","templated":true}]}}