{"id":2551,"date":"2024-11-11T19:11:35","date_gmt":"2024-11-12T00:11:35","guid":{"rendered":"https:\/\/cala-analytics.com\/tezt\/?page_id=2551"},"modified":"2024-11-24T22:35:36","modified_gmt":"2024-11-25T03:35:36","slug":"tecnologico-de-comfenalco","status":"publish","type":"page","link":"https:\/\/cala-analytics.com\/tezt\/tecnologico-de-comfenalco\/","title":{"rendered":"Tecnol\u00f3gico de Comfenalco"},"content":{"rendered":"<div class=\"wpb-content-wrapper\"><p>[vc_row][vc_column]\n\t\t\t\t<p class=\"rs-p-wp-fix\"><\/p>\n\t\t\t\t<sr7-module data-alias=\"color-back\" data-id=\"19\" id=\"SR7_19_1\" class=\"rs-ov-hidden\" data-version=\"6.7.23\">\n\t\t\t\t\t<sr7-adjuster><\/sr7-adjuster>\n\t\t\t\t\t<sr7-content>\n\t\t\t\t\t\t<sr7-slide id=\"SR7_19_1-63\" data-key=\"63\">\n\t\t\t\t\t\t<\/sr7-slide>\n\t\t\t\t\t\t<sr7-slide id=\"SR7_19_1-64\" data-key=\"64\">\n\t\t\t\t\t\t<\/sr7-slide>\n\t\t\t\t\t<\/sr7-content>\n\t\t\t\t\t<image_lists style=\"display:none\">\n\t\t\t\t\t\t<img data-src=\"\/\/cala-analytics.com\/tezt\/wp-content\/uploads\/2024\/11\/color-bann-M.png\" width=\"0\" height=\"0\" data-dbsrc=\"Ly9jYWxhLWFuYWx5dGljcy5jb20vdGV6dC93cC1jb250ZW50L3VwbG9hZHMvMjAyNC8xMS9jb2xvci1iYW5uLU0ucG5n\"\/>\n\t\t\t\t\t<\/image_lists>\n\t\t\t\t<\/sr7-module>\n\t\t\t\t<script>\n\t\t\t\t\tSR7.PMH ??={}; SR7.PMH[\"SR7_19_1\"] = {cn:100,state:false,fn: function() { if (_tpt!==undefined && _tpt.prepareModuleHeight !== undefined) {  _tpt.prepareModuleHeight({id:\"SR7_19_1\",el:[120,120,768,768,768],type:'standard',shdw:'0',gh:[120,120,95,95,95],gw:[2540,2540,1024,1024,1024],vpt:['-100px&#039;,&#039;-100px&#039;,&#039;-100px&#039;,&#039;-100px&#039;,&#039;-100px'],size:{fullWidth:true, fullHeight:false},mh:'0',onh:0,onw:0,bg:{color:'{\"orig\":\"transparent\",\"type\":\"solid\",\"string\":\"transparent\"}',image:{src:'https:\/\/cala-analytics.com\/tezt\/wp-content\/uploads\/2024\/11\/color-bann-M.png',size:'',position:'center center',repeat:''}}});   SR7.PMH[\"SR7_19_1\"].state=true;} else if(SR7.PMH[\"SR7_19_1\"].cn-->0)\tsetTimeout( SR7.PMH[\"SR7_19_1\"].fn,19);}};SR7.PMH[\"SR7_19_1\" ].fn();\n\t\t\t\t<\/script>\n[\/vc_column][\/vc_row][vc_row][vc_column]<!-- Start Case Details \r\n    ============================================= -->\r\n    <div class=\"case-details-area default-padding\">\r\n        <div class=\"container\">\r\n            <div class=\"case-details-info\">\r\n                <div class=\"row\">\r\n                    <div class=\"col-md-12\">\r\n                        <div class=\"case-single-carousel owl-carousel owl-theme\">[vc_single_image image=&#8221;2552&#8243; img_size=&#8221;medium&#8221; alignment=&#8221;center&#8221; css=&#8221;&#8221;]<\/div>\r\n                    <\/div>\r\n                <\/div><div class=\"case-basic mt-5 text-center\">\r\n                    <div class=\"row\"><div class=\"col-lg-3 col-md-6\">\r\n                            <div class=\"item\">\r\n                                <i class=\"fas fa-user\"><\/i>\r\n                                <h5>Cliente<\/h5>\r\n                                <span>TECNOL\u00d3GICO DE COMFENALCO<\/span>\r\n                            <\/div><\/div><div class=\"col-lg-3 col-md-6\">\r\n                            <div class=\"item\">\r\n                                <i class=\"fas fa-cog\"><\/i>\r\n                                <h5>Categor\u00eda<\/h5>\r\n                                <span>Sector Gobierno<\/span>\r\n                            <\/div><\/div><div class=\"col-lg-3 col-md-6\">\r\n                            <div class=\"item\">\r\n                                <i class=\"fas fa-clock\"><\/i>\r\n                                <h5>Objetivo del Proyecto<\/h5>\r\n                                <span>Fortalecer los proyectos de investigaci\u00f3n en la entidad educativa.<\/span>\r\n                            <\/div><\/div><div class=\"col-lg-3 col-md-6\">\r\n                            <div class=\"item\">\r\n                                <i class=\"fas fa-globe\"><\/i>\r\n                                <h5>Soluci\u00f3n<\/h5>\r\n                                <span>Implementaci\u00f3n de IBM SPSS Statistics. Implementaci\u00f3n de modelos anal\u00edticos para el c\u00e1lculo y la caracterizaci\u00f3n del objeto de estudio.<\/span>\r\n                            <\/div><\/div><\/div>\r\n        <\/div>\r\n    <\/div>\r\n    <!-- End Case Details --><\/div>\r\n    <\/div>\r\n    <!-- End Case Details -->[vc_column_text css=&#8221;.vc_custom_1732505727045{margin-right: 10% !important;margin-left: 10% !important;}&#8221;]<\/p>\n<blockquote>\n<h5 style=\"text-align: center;\"><em>&#8220;Se redujo el tiempo de an\u00e1lisis, asegurando la calidad de la informaci\u00f3n. Ahora, la <strong>Fundaci\u00f3n Universitaria Tecnol\u00f3gico Comfenalco<\/strong> trabaja en nuevos proyectos de investigaci\u00f3n impulsados por el poder de los datos y herramientas como<strong> IBM SPSS Statistics<\/strong>.&#8221;<\/em><\/h5>\n<h6 style=\"text-align: center;\"><strong><em>Iv\u00e1n Javier Monterrosa<\/em><\/strong><br \/>\n<em>L\u00edder del grupo de investigaci\u00f3n Gesti\u00f3n y Desarrollo Empresarial<\/em><\/h6>\n<\/blockquote>\n<p>[\/vc_column_text]<!-- Start Case Details \r\n    ============================================= -->\r\n    <div class=\"case-details-area default-padding\">\r\n        <div class=\"container\">\r\n            <div class=\"case-details-info\">\r\n                <div class=\"row\">\r\n                    <div class=\"col-md-12\">\r\n                        <div class=\"case-single-carousel owl-carousel owl-theme\"><\/div>\r\n                    <\/div>\r\n                <\/div>[vc_column_text css=&#8221;.vc_custom_1729529216021{margin-bottom: 25px !important;}&#8221;]<\/p>\n<h2 style=\"text-align: left;\"><strong>Informaci\u00f3n del Proyecto<\/strong><\/h2>\n<p>[\/vc_column_text][vc_column_text css=&#8221;&#8221;]La <strong>Fundaci\u00f3n Universitaria Tecnol\u00f3gico Comfenalco<\/strong>, fue fundada por la <strong>Caja de Compensaci\u00f3n Familiar Comfenalco<\/strong> en 1984. Esta instituci\u00f3n de educaci\u00f3n superior privada que concibe el desarrollo de las potencialidades del ser humano de manera integral en los campos de la ciencia, tecnolog\u00eda, humanidades, arte y la filosof\u00eda como un proceso permanente.<\/p>\n<p>Con este objetivo, el grupo de <strong>Investigaci\u00f3n Gesti\u00f3n y Desarrollo Empresarial<\/strong> de la instituci\u00f3n desarrolla proyectos que le permiten entender las din\u00e1micas de las organizaciones en el mercado.<\/p>\n<p>Uno de los proyectos desarrollados fue la caracterizaci\u00f3n del uso de la inteligencia de negocios en las empresas de diferentes sectores productivos y de servicios de Cartagena como:<\/p>\n<p>Variedades y confecciones.<\/p>\n<p>Aduanero.<\/p>\n<p>Automotriz.<\/p>\n<p>Log\u00edstica.<\/p>\n<p>Hotelero.<\/p>\n<p>Autoservicios.<\/p>\n<p>Restaurantes.<\/p>\n<p>Esto lo hicieron con el objetivo de dise\u00f1ar un modelo de inteligencia de negocios en empresas innovadoras para la toma de decisiones y la competitividad en el mercado emergente.<\/p>\n<p>Sin embargo, encontraban dificultades para tabular los datos, realizar los c\u00e1lculos y cruces de variables, analizar c\u00e1lculos estad\u00edsticos avanzados y presentar los datos de manera gr\u00e1fica y profesional.<\/p>\n<p>Por ello, decidieron implementar <strong>IBM SPSS Statistics<\/strong> para apoyar el proceso investigativo.<\/p>\n<p>Con la implementaci\u00f3n de <strong>IBM SPSS Statistics<\/strong>, se facilit\u00f3 la organizaci\u00f3n y tabulaci\u00f3n de los datos. Mejorando al an\u00e1lisis de los resultados del proyecto.<\/p>\n<p>Realizaron cruces de variables en los diferentes sectores analizados para generar c\u00e1lculos estad\u00edsticos, como <strong>ANOVAS<\/strong> de los diferentes segmentos de estudio.[\/vc_column_text]<\/div>\r\n        <\/div>\r\n    <\/div>\r\n    <!-- End Case Details --><\/div>\r\n    <\/div>\r\n    <!-- End Case Details -->[\/vc_column][\/vc_row]<\/p>\n<\/div>","protected":false},"excerpt":{"rendered":"<p>[vc_row][vc_column][\/vc_column][\/vc_row][vc_row][vc_column][vc_single_image image=&#8221;2552&#8243; img_size=&#8221;medium&#8221; alignment=&#8221;center&#8221; css=&#8221;&#8221;][vc_column_text css=&#8221;.vc_custom_1732505727045{margin-right: 10% !important;margin-left: 10% !important;}&#8221;] &#8220;Se redujo el tiempo de an\u00e1lisis, asegurando la calidad de la informaci\u00f3n. Ahora, la Fundaci\u00f3n Universitaria Tecnol\u00f3gico Comfenalco trabaja en nuevos proyectos de investigaci\u00f3n impulsados por el poder de los datos y herramientas como IBM SPSS Statistics.&#8221; Iv\u00e1n Javier Monterrosa L\u00edder del grupo de investigaci\u00f3n [&hellip;]<\/p>\n","protected":false},"author":1,"featured_media":0,"parent":0,"menu_order":0,"comment_status":"closed","ping_status":"closed","template":"page-templates\/pages.php","meta":{"_joinchat":[],"footnotes":""},"class_list":["post-2551","page","type-page","status-publish","hentry"],"_links":{"self":[{"href":"https:\/\/cala-analytics.com\/tezt\/wp-json\/wp\/v2\/pages\/2551","targetHints":{"allow":["GET"]}}],"collection":[{"href":"https:\/\/cala-analytics.com\/tezt\/wp-json\/wp\/v2\/pages"}],"about":[{"href":"https:\/\/cala-analytics.com\/tezt\/wp-json\/wp\/v2\/types\/page"}],"author":[{"embeddable":true,"href":"https:\/\/cala-analytics.com\/tezt\/wp-json\/wp\/v2\/users\/1"}],"replies":[{"embeddable":true,"href":"https:\/\/cala-analytics.com\/tezt\/wp-json\/wp\/v2\/comments?post=2551"}],"version-history":[{"count":5,"href":"https:\/\/cala-analytics.com\/tezt\/wp-json\/wp\/v2\/pages\/2551\/revisions"}],"predecessor-version":[{"id":2903,"href":"https:\/\/cala-analytics.com\/tezt\/wp-json\/wp\/v2\/pages\/2551\/revisions\/2903"}],"wp:attachment":[{"href":"https:\/\/cala-analytics.com\/tezt\/wp-json\/wp\/v2\/media?parent=2551"}],"curies":[{"name":"wp","href":"https:\/\/api.w.org\/{rel}","templated":true}]}}