{"id":2542,"date":"2024-11-11T19:02:27","date_gmt":"2024-11-12T00:02:27","guid":{"rendered":"https:\/\/cala-analytics.com\/tezt\/?page_id=2542"},"modified":"2024-11-24T22:33:12","modified_gmt":"2024-11-25T03:33:12","slug":"sonepar","status":"publish","type":"page","link":"https:\/\/cala-analytics.com\/tezt\/sonepar\/","title":{"rendered":"Sonepar"},"content":{"rendered":"<div class=\"wpb-content-wrapper\"><p>[vc_row][vc_column]\n\t\t\t\t<p class=\"rs-p-wp-fix\"><\/p>\n\t\t\t\t<sr7-module data-alias=\"color-back\" data-id=\"19\" id=\"SR7_19_1\" class=\"rs-ov-hidden\" data-version=\"6.7.23\">\n\t\t\t\t\t<sr7-adjuster><\/sr7-adjuster>\n\t\t\t\t\t<sr7-content>\n\t\t\t\t\t\t<sr7-slide id=\"SR7_19_1-63\" data-key=\"63\">\n\t\t\t\t\t\t<\/sr7-slide>\n\t\t\t\t\t\t<sr7-slide id=\"SR7_19_1-64\" data-key=\"64\">\n\t\t\t\t\t\t<\/sr7-slide>\n\t\t\t\t\t<\/sr7-content>\n\t\t\t\t\t<image_lists style=\"display:none\">\n\t\t\t\t\t\t<img data-src=\"\/\/cala-analytics.com\/tezt\/wp-content\/uploads\/2024\/11\/color-bann-M.png\" width=\"0\" height=\"0\" data-dbsrc=\"Ly9jYWxhLWFuYWx5dGljcy5jb20vdGV6dC93cC1jb250ZW50L3VwbG9hZHMvMjAyNC8xMS9jb2xvci1iYW5uLU0ucG5n\"\/>\n\t\t\t\t\t<\/image_lists>\n\t\t\t\t<\/sr7-module>\n\t\t\t\t<script>\n\t\t\t\t\tSR7.PMH ??={}; SR7.PMH[\"SR7_19_1\"] = {cn:100,state:false,fn: function() { if (_tpt!==undefined && _tpt.prepareModuleHeight !== undefined) {  _tpt.prepareModuleHeight({id:\"SR7_19_1\",el:[120,120,768,768,768],type:'standard',shdw:'0',gh:[120,120,95,95,95],gw:[2540,2540,1024,1024,1024],vpt:['-100px&#039;,&#039;-100px&#039;,&#039;-100px&#039;,&#039;-100px&#039;,&#039;-100px'],size:{fullWidth:true, fullHeight:false},mh:'0',onh:0,onw:0,bg:{color:'{\"orig\":\"transparent\",\"type\":\"solid\",\"string\":\"transparent\"}',image:{src:'https:\/\/cala-analytics.com\/tezt\/wp-content\/uploads\/2024\/11\/color-bann-M.png',size:'',position:'center center',repeat:''}}});   SR7.PMH[\"SR7_19_1\"].state=true;} else if(SR7.PMH[\"SR7_19_1\"].cn-->0)\tsetTimeout( SR7.PMH[\"SR7_19_1\"].fn,19);}};SR7.PMH[\"SR7_19_1\" ].fn();\n\t\t\t\t<\/script>\n[\/vc_column][\/vc_row][vc_row][vc_column]<!-- Start Case Details \r\n    ============================================= -->\r\n    <div class=\"case-details-area default-padding\">\r\n        <div class=\"container\">\r\n            <div class=\"case-details-info\">\r\n                <div class=\"row\">\r\n                    <div class=\"col-md-12\">\r\n                        <div class=\"case-single-carousel owl-carousel owl-theme\">[vc_single_image image=&#8221;2543&#8243; img_size=&#8221;medium&#8221; alignment=&#8221;center&#8221; css=&#8221;&#8221;]<\/div>\r\n                    <\/div>\r\n                <\/div><div class=\"case-basic mt-5 text-center\">\r\n                    <div class=\"row\"><div class=\"col-lg-3 col-md-6\">\r\n                            <div class=\"item\">\r\n                                <i class=\"fas fa-user\"><\/i>\r\n                                <h5>Cliente<\/h5>\r\n                                <span>SONEPAR<\/span>\r\n                            <\/div><\/div><div class=\"col-lg-3 col-md-6\">\r\n                            <div class=\"item\">\r\n                                <i class=\"fas fa-cog\"><\/i>\r\n                                <h5>Categor\u00eda<\/h5>\r\n                                <span>Sector Multindustria<\/span>\r\n                            <\/div><\/div><div class=\"col-lg-3 col-md-6\">\r\n                            <div class=\"item\">\r\n                                <i class=\"fas fa-clock\"><\/i>\r\n                                <h5>Objetivo del Proyecto<\/h5>\r\n                                <span>Realizar un modelo de abastecimiento y conocer su camino ideal para convertirse en una organizaci\u00f3n anal\u00edticamente competitiva.<\/span>\r\n                            <\/div><\/div><div class=\"col-lg-3 col-md-6\">\r\n                            <div class=\"item\">\r\n                                <i class=\"fas fa-globe\"><\/i>\r\n                                <h5>Soluci\u00f3n<\/h5>\r\n                                <span>IBM SPSS Modeler y CALA Roadmap Anal\u00edtico.<\/span>\r\n                            <\/div><\/div><\/div>\r\n        <\/div>\r\n    <\/div>\r\n    <!-- End Case Details --><\/div>\r\n    <\/div>\r\n    <!-- End Case Details -->[vc_column_text css=&#8221;.vc_custom_1732505587925{margin-right: 10% !important;margin-left: 10% !important;}&#8221;]<\/p>\n<blockquote>\n<h5 style=\"text-align: center;\"><em>&#8220;El modelo anal\u00edtico ha permitido que el proceso de compra sea m\u00e1s eficiente y confiable de cara a log\u00edstica, auditor\u00eda y gerencia, ya que <strong>est\u00e1 basado en datos y no en personas o intuici\u00f3n<\/strong>. Teniendo presente que adem\u00e1s del reto de negocio, tambi\u00e9n hay un reto de apropiaci\u00f3n y credibilidad del modelo para que genere confianza y cultura anal\u00edtica para la toma de decisiones dentro de SONEPAR.&#8221;<\/em><\/h5>\n<h6 style=\"text-align: center;\"><strong><em>David Roger Huamanyauri Cu\u00e9llar<\/em><\/strong><br \/>\n<em>IT Manager<\/em><\/h6>\n<\/blockquote>\n<p>[\/vc_column_text]<!-- Start Case Details \r\n    ============================================= -->\r\n    <div class=\"case-details-area default-padding\">\r\n        <div class=\"container\">\r\n            <div class=\"case-details-info\">\r\n                <div class=\"row\">\r\n                    <div class=\"col-md-12\">\r\n                        <div class=\"case-single-carousel owl-carousel owl-theme\"><\/div>\r\n                    <\/div>\r\n                <\/div>[vc_column_text css=&#8221;.vc_custom_1729529216021{margin-bottom: 25px !important;}&#8221;]<\/p>\n<h2 style=\"text-align: left;\"><strong>Informaci\u00f3n del Proyecto<\/strong><\/h2>\n<p>[\/vc_column_text][vc_column_text css=&#8221;&#8221;]<strong>SONEPAR<\/strong> es una empresa transaccional francesa, l\u00edder en el mercado B2B, enfocada en la distribuci\u00f3n, desarrollo de soluciones y servicios de materiales el\u00e9ctricos. Se encuentran en 40 pa\u00edses y lleva m\u00e1s de 50 a\u00f1os asesorando a sus clientes en el rubro el\u00e9ctrico.<\/p>\n<p>El \u00e1rea de abastecimiento de <strong>SONEPAR Per\u00fa<\/strong> estaba en b\u00fasqueda de una soluci\u00f3n anal\u00edtica para el desarrollo de la proyecci\u00f3n de compras; sin embargo, en este camino, adem\u00e1s de seleccionar a <strong>IBM SPSS Modeler<\/strong> como herramienta que permit\u00eda cubrir dicha necesidad, identific\u00f3 la importancia de conocer su estado actual y plantear el camino ideal para que <strong>SONEPAR<\/strong> tome sus decisiones basadas en los datos y avance en su transformaci\u00f3n organizacional con base en la anal\u00edtica.<\/p>\n<p>\u00ab<em><strong>CALA Analytics<\/strong> nos apoy\u00f3 con el Roadmap anal\u00edtico de <strong>SONEPAR<\/strong>, en donde se identificaron las fortalezas de la organizaci\u00f3n y los puntos de mejora a trabajar. Adicionalmente, se plante\u00f3 ese camino ideal, e identificaron iniciativas importantes para el core de negocio, en funci\u00f3n de prioridades e impacto<\/em>\u00bb David Roger Huamanyauri Cu\u00e9llar, IT Manager, SONEPAR<\/p>\n<p><strong>SONEPAR<\/strong> inici\u00f3 con la organizaci\u00f3n y consolidaci\u00f3n de sus datos, centr\u00e1ndolos para que el \u00e1rea de <strong>DATA<\/strong>, construida a partir de la necesidad de que toda la organizaci\u00f3n obtenga el valor de su informaci\u00f3n, se enfocar\u00e1, adem\u00e1s de en la visualizaci\u00f3n con BI de los KPIs, y de los resultados de lo que ya se ha realizado organizacionalmente, en los esfuerzos sobre temas predictivos para adelantarse a ser m\u00e1s estrat\u00e9gicos para la toma de decisiones desde \u00e1reas como Comercial, Abastecimiento, Log\u00edstica, TI, entre otras.<\/p>\n<p>Uno de los retos iniciales resueltos con anal\u00edtica predictiva fue para el \u00e1rea de abastecimiento, quienes requer\u00edan determinar, con base en datos, las cantidades de productos que deb\u00edan adquirir para atender todos los pedidos y abastecer a las 12 sucursales, ya que inicialmente, se realizaba de forma manual y con base a la experiencia de la persona encargada del proceso. Actualmente, el modelo permite incluir las reglas de negocio y toma como base el hist\u00f3rico de compras de los \u00faltimos 2 a\u00f1os, disminuyendo el riesgo, permitiendo que el proceso sea auditable y entregando mensualmente una base de compras basada en los datos, la cual el comprador utiliza para su gesti\u00f3n y aprovisionamiento.<\/p>\n<p>En el acompa\u00f1amiento realizado por <strong>CALA Analytics<\/strong> se ha realizado transferencia de conocimiento a <strong>SONEPAR<\/strong>, generando autonom\u00eda para el desarrollo de nuevos modelos anal\u00edticos que sean transversales para la organizaci\u00f3n. Adicionalmente, ha permitido que el \u00e1rea de <strong>DATA<\/strong> identifique nuevas variables e informaci\u00f3n de valor que las diversas \u00e1reas pueden documentar para modelos futuros.<\/p>\n<p>\u00ab<em><strong>CALA Analytics<\/strong> nos ayud\u00f3 a entrar a este mundo nuevo, nos ha acompa\u00f1ado y apoyado para llegar m\u00e1s r\u00e1pido a ser Data Driven<\/em>\u00bb David Roger Huamanyauri Cu\u00e9llar, IT Manager, SONEPAR[\/vc_column_text]<\/div>\r\n        <\/div>\r\n    <\/div>\r\n    <!-- End Case Details --><\/div>\r\n    <\/div>\r\n    <!-- End Case Details -->[\/vc_column][\/vc_row]<\/p>\n<\/div>","protected":false},"excerpt":{"rendered":"<p>[vc_row][vc_column][\/vc_column][\/vc_row][vc_row][vc_column][vc_single_image image=&#8221;2543&#8243; img_size=&#8221;medium&#8221; alignment=&#8221;center&#8221; css=&#8221;&#8221;][vc_column_text css=&#8221;.vc_custom_1732505587925{margin-right: 10% !important;margin-left: 10% !important;}&#8221;] &#8220;El modelo anal\u00edtico ha permitido que el proceso de compra sea m\u00e1s eficiente y confiable de cara a log\u00edstica, auditor\u00eda y gerencia, ya que est\u00e1 basado en datos y no en personas o intuici\u00f3n. Teniendo presente que adem\u00e1s del reto de negocio, tambi\u00e9n hay un [&hellip;]<\/p>\n","protected":false},"author":1,"featured_media":0,"parent":0,"menu_order":0,"comment_status":"closed","ping_status":"closed","template":"page-templates\/pages.php","meta":{"_joinchat":[],"footnotes":""},"class_list":["post-2542","page","type-page","status-publish","hentry"],"_links":{"self":[{"href":"https:\/\/cala-analytics.com\/tezt\/wp-json\/wp\/v2\/pages\/2542","targetHints":{"allow":["GET"]}}],"collection":[{"href":"https:\/\/cala-analytics.com\/tezt\/wp-json\/wp\/v2\/pages"}],"about":[{"href":"https:\/\/cala-analytics.com\/tezt\/wp-json\/wp\/v2\/types\/page"}],"author":[{"embeddable":true,"href":"https:\/\/cala-analytics.com\/tezt\/wp-json\/wp\/v2\/users\/1"}],"replies":[{"embeddable":true,"href":"https:\/\/cala-analytics.com\/tezt\/wp-json\/wp\/v2\/comments?post=2542"}],"version-history":[{"count":5,"href":"https:\/\/cala-analytics.com\/tezt\/wp-json\/wp\/v2\/pages\/2542\/revisions"}],"predecessor-version":[{"id":2899,"href":"https:\/\/cala-analytics.com\/tezt\/wp-json\/wp\/v2\/pages\/2542\/revisions\/2899"}],"wp:attachment":[{"href":"https:\/\/cala-analytics.com\/tezt\/wp-json\/wp\/v2\/media?parent=2542"}],"curies":[{"name":"wp","href":"https:\/\/api.w.org\/{rel}","templated":true}]}}