{"id":2536,"date":"2024-11-11T18:57:18","date_gmt":"2024-11-11T23:57:18","guid":{"rendered":"https:\/\/cala-analytics.com\/tezt\/?page_id=2536"},"modified":"2024-11-24T22:32:03","modified_gmt":"2024-11-25T03:32:03","slug":"sentinel","status":"publish","type":"page","link":"https:\/\/cala-analytics.com\/tezt\/sentinel\/","title":{"rendered":"Sentinel \u2013 Central de Alertas Crediticias"},"content":{"rendered":"<div class=\"wpb-content-wrapper\"><p>[vc_row][vc_column]\n\t\t\t\t<p class=\"rs-p-wp-fix\"><\/p>\n\t\t\t\t<sr7-module data-alias=\"color-back\" data-id=\"19\" id=\"SR7_19_1\" class=\"rs-ov-hidden\" data-version=\"6.7.23\">\n\t\t\t\t\t<sr7-adjuster><\/sr7-adjuster>\n\t\t\t\t\t<sr7-content>\n\t\t\t\t\t\t<sr7-slide id=\"SR7_19_1-63\" data-key=\"63\">\n\t\t\t\t\t\t<\/sr7-slide>\n\t\t\t\t\t\t<sr7-slide id=\"SR7_19_1-64\" data-key=\"64\">\n\t\t\t\t\t\t<\/sr7-slide>\n\t\t\t\t\t<\/sr7-content>\n\t\t\t\t\t<image_lists style=\"display:none\">\n\t\t\t\t\t\t<img data-src=\"\/\/cala-analytics.com\/tezt\/wp-content\/uploads\/2024\/11\/color-bann-M.png\" width=\"0\" height=\"0\" data-dbsrc=\"Ly9jYWxhLWFuYWx5dGljcy5jb20vdGV6dC93cC1jb250ZW50L3VwbG9hZHMvMjAyNC8xMS9jb2xvci1iYW5uLU0ucG5n\"\/>\n\t\t\t\t\t<\/image_lists>\n\t\t\t\t<\/sr7-module>\n\t\t\t\t<script>\n\t\t\t\t\tSR7.PMH ??={}; SR7.PMH[\"SR7_19_1\"] = {cn:100,state:false,fn: function() { if (_tpt!==undefined && _tpt.prepareModuleHeight !== undefined) {  _tpt.prepareModuleHeight({id:\"SR7_19_1\",el:[120,120,768,768,768],type:'standard',shdw:'0',gh:[120,120,95,95,95],gw:[2540,2540,1024,1024,1024],vpt:['-100px&#039;,&#039;-100px&#039;,&#039;-100px&#039;,&#039;-100px&#039;,&#039;-100px'],size:{fullWidth:true, fullHeight:false},mh:'0',onh:0,onw:0,bg:{color:'{\"orig\":\"transparent\",\"type\":\"solid\",\"string\":\"transparent\"}',image:{src:'https:\/\/cala-analytics.com\/tezt\/wp-content\/uploads\/2024\/11\/color-bann-M.png',size:'',position:'center center',repeat:''}}});   SR7.PMH[\"SR7_19_1\"].state=true;} else if(SR7.PMH[\"SR7_19_1\"].cn-->0)\tsetTimeout( SR7.PMH[\"SR7_19_1\"].fn,19);}};SR7.PMH[\"SR7_19_1\" ].fn();\n\t\t\t\t<\/script>\n[\/vc_column][\/vc_row][vc_row][vc_column]<!-- Start Case Details \r\n    ============================================= -->\r\n    <div class=\"case-details-area default-padding\">\r\n        <div class=\"container\">\r\n            <div class=\"case-details-info\">\r\n                <div class=\"row\">\r\n                    <div class=\"col-md-12\">\r\n                        <div class=\"case-single-carousel owl-carousel owl-theme\">[vc_single_image image=&#8221;2537&#8243; img_size=&#8221;medium&#8221; alignment=&#8221;center&#8221; css=&#8221;&#8221;]<\/div>\r\n                    <\/div>\r\n                <\/div><div class=\"case-basic mt-5 text-center\">\r\n                    <div class=\"row\"><div class=\"col-lg-3 col-md-6\">\r\n                            <div class=\"item\">\r\n                                <i class=\"fas fa-user\"><\/i>\r\n                                <h5>Cliente<\/h5>\r\n                                <span>SENTINEL - CENTRAL DE ALERTAS CREDITICIAS<\/span>\r\n                            <\/div><\/div><div class=\"col-lg-3 col-md-6\">\r\n                            <div class=\"item\">\r\n                                <i class=\"fas fa-cog\"><\/i>\r\n                                <h5>Categor\u00eda<\/h5>\r\n                                <span>Sector Financiero<\/span>\r\n                            <\/div><\/div><div class=\"col-lg-3 col-md-6\">\r\n                            <div class=\"item\">\r\n                                <i class=\"fas fa-clock\"><\/i>\r\n                                <h5>Objetivo del Proyecto<\/h5>\r\n                                <span>Automatizar la gesti\u00f3n de las carteras de clientes del sector financiero.<\/span>\r\n                            <\/div><\/div><div class=\"col-lg-3 col-md-6\">\r\n                            <div class=\"item\">\r\n                                <i class=\"fas fa-globe\"><\/i>\r\n                                <h5>Soluci\u00f3n<\/h5>\r\n                                <span>Implementaci\u00f3n de IBM SPSS Modeler e implementaci\u00f3n de an\u00e1lisis de cosechas y matriz de transici\u00f3n para la gesti\u00f3n de carteras en entidades financieras.<\/span>\r\n                            <\/div><\/div><\/div>\r\n        <\/div>\r\n    <\/div>\r\n    <!-- End Case Details --><\/div>\r\n    <\/div>\r\n    <!-- End Case Details -->[vc_column_text css=&#8221;.vc_custom_1732505517298{margin-right: 10% !important;margin-left: 10% !important;}&#8221;]<\/p>\n<blockquote>\n<h5 style=\"text-align: center;\"><em>&#8220;La implementaci\u00f3n de <strong>IBM SPSS<\/strong> nos ayud\u00f3 a optimizar el tiempo, reducir costos y mejorar el tiempo de respuesta a clientes. Adem\u00e1s, ofrece seguridad porque es una herramienta posicionada internacionalmente, lo que garantiza su eficacia y respaldo.&#8221;<\/em><\/h5>\n<h6 style=\"text-align: center;\"><strong><em>Yesika Neyra<\/em><\/strong><br \/>\n<em>Gerente de Analytics<\/em><\/h6>\n<\/blockquote>\n<p>[\/vc_column_text]<!-- Start Case Details \r\n    ============================================= -->\r\n    <div class=\"case-details-area default-padding\">\r\n        <div class=\"container\">\r\n            <div class=\"case-details-info\">\r\n                <div class=\"row\">\r\n                    <div class=\"col-md-12\">\r\n                        <div class=\"case-single-carousel owl-carousel owl-theme\"><\/div>\r\n                    <\/div>\r\n                <\/div>[vc_column_text css=&#8221;.vc_custom_1729529216021{margin-bottom: 25px !important;}&#8221;]<\/p>\n<h2 style=\"text-align: left;\"><strong>Informaci\u00f3n del Proyecto<\/strong><\/h2>\n<p>[\/vc_column_text][vc_column_text css=&#8221;&#8221;]<strong>Sentinel<\/strong> inici\u00f3 sus operaciones en el 2010 y actualmente, cuenta con m\u00e1s de 5.000 clientes. Desde su creaci\u00f3n, ha velado por el desarrollo de aplicativos que permitan aprovechar la informaci\u00f3n para anticipar riesgos en la cartera de sus clientes.<\/p>\n<p>Bajo esta premisa, identificaron que muchas entidades del sistema financiero no contaban con la automatizaci\u00f3n en la gesti\u00f3n de carteras masivas, lo que afecta directamente el seguimiento del riesgo de cr\u00e9dito. Esto genera efectos como no tener se\u00f1ales de alerta, obtener observaciones regulatorias o no identificar los riesgos crediticios oportunamente.<\/p>\n<p>Apoyados en <strong>IBM SPSS Statistics<\/strong>, crearon dos productos con an\u00e1lisis de cosechas y matriz de transici\u00f3n que ayudaran a sus clientes a superar las observaciones regulatorias, automatizar procesos y a tener un control sobre sus carteras, aunque manejen datos masivos.<\/p>\n<p>La flexibilidad de <strong>IBM SPSS<\/strong> le permiti\u00f3 personalizar sus servicios e integrar a sus clientes en cada parte del proceso, asegur\u00e1ndoles confianza y transparencia.<\/p>\n<p>Despu\u00e9s de 1 a\u00f1o y medio de este desarrollo, nueve entidades financieras ya cuentan con productos desarrollados con <strong>IBM SPSS<\/strong>. Esto representa el 20% de la participaci\u00f3n de las ventas de Sentinel.<\/p>\n<p>Ahora, <strong>Sentinel<\/strong> trabaja en la implementaci\u00f3n de un producto de p\u00e9rdida esperada para las empresas del sector financiero; este en primera etapa es desarrollado, probado y testeado utilizando <strong>IBM SPSS Statistics<\/strong>, para que en segunda etapa radique en el aplicativo Sentinel y lo desplieguen a sus clientes finales.<\/p>\n<p>Ahora, los clientes logran una gesti\u00f3n m\u00e1s eficiente y preventiva de sus carteras al contar con una herramienta anal\u00edtica en la explotaci\u00f3n de fuentes de datos. Adem\u00e1s, pueden aplicar diferentes indicadores y segmentaciones para comprobar que las t\u00e9cnicas est\u00e9n funcionando correctamente.[\/vc_column_text]<\/div>\r\n        <\/div>\r\n    <\/div>\r\n    <!-- End Case Details --><\/div>\r\n    <\/div>\r\n    <!-- End Case Details -->[\/vc_column][\/vc_row]<\/p>\n<\/div>","protected":false},"excerpt":{"rendered":"<p>[vc_row][vc_column][\/vc_column][\/vc_row][vc_row][vc_column][vc_single_image image=&#8221;2537&#8243; img_size=&#8221;medium&#8221; alignment=&#8221;center&#8221; css=&#8221;&#8221;][vc_column_text css=&#8221;.vc_custom_1732505517298{margin-right: 10% !important;margin-left: 10% !important;}&#8221;] &#8220;La implementaci\u00f3n de IBM SPSS nos ayud\u00f3 a optimizar el tiempo, reducir costos y mejorar el tiempo de respuesta a clientes. Adem\u00e1s, ofrece seguridad porque es una herramienta posicionada internacionalmente, lo que garantiza su eficacia y respaldo.&#8221; Yesika Neyra Gerente de Analytics [\/vc_column_text][vc_column_text css=&#8221;.vc_custom_1729529216021{margin-bottom: 25px [&hellip;]<\/p>\n","protected":false},"author":1,"featured_media":0,"parent":0,"menu_order":0,"comment_status":"closed","ping_status":"closed","template":"page-templates\/pages.php","meta":{"_joinchat":[],"footnotes":""},"class_list":["post-2536","page","type-page","status-publish","hentry"],"_links":{"self":[{"href":"https:\/\/cala-analytics.com\/tezt\/wp-json\/wp\/v2\/pages\/2536","targetHints":{"allow":["GET"]}}],"collection":[{"href":"https:\/\/cala-analytics.com\/tezt\/wp-json\/wp\/v2\/pages"}],"about":[{"href":"https:\/\/cala-analytics.com\/tezt\/wp-json\/wp\/v2\/types\/page"}],"author":[{"embeddable":true,"href":"https:\/\/cala-analytics.com\/tezt\/wp-json\/wp\/v2\/users\/1"}],"replies":[{"embeddable":true,"href":"https:\/\/cala-analytics.com\/tezt\/wp-json\/wp\/v2\/comments?post=2536"}],"version-history":[{"count":5,"href":"https:\/\/cala-analytics.com\/tezt\/wp-json\/wp\/v2\/pages\/2536\/revisions"}],"predecessor-version":[{"id":2897,"href":"https:\/\/cala-analytics.com\/tezt\/wp-json\/wp\/v2\/pages\/2536\/revisions\/2897"}],"wp:attachment":[{"href":"https:\/\/cala-analytics.com\/tezt\/wp-json\/wp\/v2\/media?parent=2536"}],"curies":[{"name":"wp","href":"https:\/\/api.w.org\/{rel}","templated":true}]}}