{"id":2531,"date":"2024-11-11T18:53:02","date_gmt":"2024-11-11T23:53:02","guid":{"rendered":"https:\/\/cala-analytics.com\/tezt\/?page_id=2531"},"modified":"2024-11-24T22:30:52","modified_gmt":"2024-11-25T03:30:52","slug":"save-the-children","status":"publish","type":"page","link":"https:\/\/cala-analytics.com\/tezt\/save-the-children\/","title":{"rendered":"Save the Children"},"content":{"rendered":"<div class=\"wpb-content-wrapper\"><p>[vc_row][vc_column]\n\t\t\t\t<p class=\"rs-p-wp-fix\"><\/p>\n\t\t\t\t<sr7-module data-alias=\"color-back\" data-id=\"19\" id=\"SR7_19_1\" class=\"rs-ov-hidden\" data-version=\"6.7.23\">\n\t\t\t\t\t<sr7-adjuster><\/sr7-adjuster>\n\t\t\t\t\t<sr7-content>\n\t\t\t\t\t\t<sr7-slide id=\"SR7_19_1-63\" data-key=\"63\">\n\t\t\t\t\t\t<\/sr7-slide>\n\t\t\t\t\t\t<sr7-slide id=\"SR7_19_1-64\" data-key=\"64\">\n\t\t\t\t\t\t<\/sr7-slide>\n\t\t\t\t\t<\/sr7-content>\n\t\t\t\t\t<image_lists style=\"display:none\">\n\t\t\t\t\t\t<img data-src=\"\/\/cala-analytics.com\/tezt\/wp-content\/uploads\/2024\/11\/color-bann-M.png\" width=\"0\" height=\"0\" data-dbsrc=\"Ly9jYWxhLWFuYWx5dGljcy5jb20vdGV6dC93cC1jb250ZW50L3VwbG9hZHMvMjAyNC8xMS9jb2xvci1iYW5uLU0ucG5n\"\/>\n\t\t\t\t\t<\/image_lists>\n\t\t\t\t<\/sr7-module>\n\t\t\t\t<script>\n\t\t\t\t\tSR7.PMH ??={}; SR7.PMH[\"SR7_19_1\"] = {cn:100,state:false,fn: function() { if (_tpt!==undefined && _tpt.prepareModuleHeight !== undefined) {  _tpt.prepareModuleHeight({id:\"SR7_19_1\",el:[120,120,768,768,768],type:'standard',shdw:'0',gh:[120,120,95,95,95],gw:[2540,2540,1024,1024,1024],vpt:['-100px&#039;,&#039;-100px&#039;,&#039;-100px&#039;,&#039;-100px&#039;,&#039;-100px'],size:{fullWidth:true, fullHeight:false},mh:'0',onh:0,onw:0,bg:{color:'{\"orig\":\"transparent\",\"type\":\"solid\",\"string\":\"transparent\"}',image:{src:'https:\/\/cala-analytics.com\/tezt\/wp-content\/uploads\/2024\/11\/color-bann-M.png',size:'',position:'center center',repeat:''}}});   SR7.PMH[\"SR7_19_1\"].state=true;} else if(SR7.PMH[\"SR7_19_1\"].cn-->0)\tsetTimeout( SR7.PMH[\"SR7_19_1\"].fn,19);}};SR7.PMH[\"SR7_19_1\" ].fn();\n\t\t\t\t<\/script>\n[\/vc_column][\/vc_row][vc_row][vc_column]<!-- Start Case Details \r\n    ============================================= -->\r\n    <div class=\"case-details-area default-padding\">\r\n        <div class=\"container\">\r\n            <div class=\"case-details-info\">\r\n                <div class=\"row\">\r\n                    <div class=\"col-md-12\">\r\n                        <div class=\"case-single-carousel owl-carousel owl-theme\">[vc_single_image image=&#8221;2532&#8243; img_size=&#8221;medium&#8221; alignment=&#8221;center&#8221; css=&#8221;&#8221;]<\/div>\r\n                    <\/div>\r\n                <\/div><div class=\"case-basic mt-5 text-center\">\r\n                    <div class=\"row\"><div class=\"col-lg-3 col-md-6\">\r\n                            <div class=\"item\">\r\n                                <i class=\"fas fa-user\"><\/i>\r\n                                <h5>Cliente<\/h5>\r\n                                <span>SAVE THE CHILDREN<\/span>\r\n                            <\/div><\/div><div class=\"col-lg-3 col-md-6\">\r\n                            <div class=\"item\">\r\n                                <i class=\"fas fa-cog\"><\/i>\r\n                                <h5>Categor\u00eda<\/h5>\r\n                                <span>Sector Gobierno<\/span>\r\n                            <\/div><\/div><div class=\"col-lg-3 col-md-6\">\r\n                            <div class=\"item\">\r\n                                <i class=\"fas fa-clock\"><\/i>\r\n                                <h5>Objetivo del Proyecto<\/h5>\r\n                                <span>Procesar y analizar diversas fuentes de datos disminuyendo tiempos y errores humanos.<\/span>\r\n                            <\/div><\/div><div class=\"col-lg-3 col-md-6\">\r\n                            <div class=\"item\">\r\n                                <i class=\"fas fa-globe\"><\/i>\r\n                                <h5>Soluci\u00f3n<\/h5>\r\n                                <span>Implementaci\u00f3n de IBM SPSS Statistics.<\/span>\r\n                            <\/div><\/div><\/div>\r\n        <\/div>\r\n    <\/div>\r\n    <!-- End Case Details --><\/div>\r\n    <\/div>\r\n    <!-- End Case Details -->[vc_column_text css=&#8221;.vc_custom_1732505447538{margin-right: 10% !important;margin-left: 10% !important;}&#8221;]<\/p>\n<blockquote>\n<h5 style=\"text-align: center;\"><em>&#8220;<strong>IBM SPSS<\/strong> es una herramienta sencilla de utilizar, que no requiere de conocimientos espec\u00edficos de programaci\u00f3n y dado que somos una organizaci\u00f3n financiada a partir de donativos, no nos es posible contar con programadores.&#8221;<\/em><\/h5>\n<h6 style=\"text-align: center;\"><strong><em>Argisof\u00eda P\u00e9rez Moreno<\/em><\/strong><br \/>\n<em>Coordinadora de monitoreo, evaluaci\u00f3n, rendici\u00f3n de cuentas y aprendizaje<\/em><\/h6>\n<\/blockquote>\n<p>[\/vc_column_text]<!-- Start Case Details \r\n    ============================================= -->\r\n    <div class=\"case-details-area default-padding\">\r\n        <div class=\"container\">\r\n            <div class=\"case-details-info\">\r\n                <div class=\"row\">\r\n                    <div class=\"col-md-12\">\r\n                        <div class=\"case-single-carousel owl-carousel owl-theme\"><\/div>\r\n                    <\/div>\r\n                <\/div>[vc_column_text css=&#8221;.vc_custom_1729529216021{margin-bottom: 25px !important;}&#8221;]<\/p>\n<h2 style=\"text-align: left;\"><strong>Informaci\u00f3n del Proyecto<\/strong><\/h2>\n<p>[\/vc_column_text][vc_column_text css=&#8221;&#8221;]<strong>Save the Children<\/strong> es la organizaci\u00f3n l\u00edder en la defensa de los derechos de la ni\u00f1ez, protegi\u00e9ndolos de violencia infantil, desnutrici\u00f3n, acoso, maltrato y explotaci\u00f3n. Ha apoyado a m\u00e1s de 157 millones de ni\u00f1as, ni\u00f1os y adolescentes en 123 pa\u00edses.<\/p>\n<p><strong>Save the Children M\u00e9xico<\/strong> necesitaba contar con una herramienta potente que le permitiera identificar las necesidades de protecci\u00f3n y atenci\u00f3n de ni\u00f1as, ni\u00f1os y adolescentes.<\/p>\n<p>Actualmente, M\u00e9xico no cuenta con un sistema de informaci\u00f3n sobre la situaci\u00f3n de los derechos de las ni\u00f1as, ni\u00f1os y adolescentes, por lo que deb\u00edan recopilar informaci\u00f3n para analizarla y poder desarrollar estrategias que les permitieran atender las necesidades. <strong>Save the Children M\u00e9xico<\/strong> analizaba con Excel la informaci\u00f3n recopilada; sin embargo, el procesamiento de la gran cantidad de informaci\u00f3n era muy lento y hab\u00eda posibilidad de errores humanos. Ahora con <strong>IBM SPSS<\/strong> el procesamiento de la informaci\u00f3n se realiza de una manera sencilla y en tiempos cortos.<\/p>\n<p>Ahora la organizaci\u00f3n analiza con <strong>IBM SPSS Statistics<\/strong> la informaci\u00f3n proveniente de los cuestionarios digitales <strong>KoBo Toolbox<\/strong>, encuestas, censos, registros administrativos e informes de instituciones de referencia. Igualmente, con <strong>IBM SPSS<\/strong> se estimaron y generaron indicadores a partir de microdatos de fuentes de informaci\u00f3n oficial que permiten generar valor agregado a <strong>Save the Children<\/strong>.<\/p>\n<p>\u201c<em><strong>IBM SPSS Statistics<\/strong> nos ha dado la posibilidad de trabajar con grandes cantidades de datos en tiempos m\u00e1s cortos, permiti\u00e9ndonos contar con informaci\u00f3n actualizada que ninguna otra instituci\u00f3n posee<\/em>.\u201d Argisof\u00eda P\u00e9rez Moreno, Coordinadora de monitoreo, evaluaci\u00f3n, rendici\u00f3n de cuentas y aprendizaje, Save the Children M\u00e9xico.[\/vc_column_text]<\/div>\r\n        <\/div>\r\n    <\/div>\r\n    <!-- End Case Details --><\/div>\r\n    <\/div>\r\n    <!-- End Case Details -->[\/vc_column][\/vc_row]<\/p>\n<\/div>","protected":false},"excerpt":{"rendered":"<p>[vc_row][vc_column][\/vc_column][\/vc_row][vc_row][vc_column][vc_single_image image=&#8221;2532&#8243; img_size=&#8221;medium&#8221; alignment=&#8221;center&#8221; css=&#8221;&#8221;][vc_column_text css=&#8221;.vc_custom_1732505447538{margin-right: 10% !important;margin-left: 10% !important;}&#8221;] &#8220;IBM SPSS es una herramienta sencilla de utilizar, que no requiere de conocimientos espec\u00edficos de programaci\u00f3n y dado que somos una organizaci\u00f3n financiada a partir de donativos, no nos es posible contar con programadores.&#8221; Argisof\u00eda P\u00e9rez Moreno Coordinadora de monitoreo, evaluaci\u00f3n, rendici\u00f3n de cuentas y [&hellip;]<\/p>\n","protected":false},"author":1,"featured_media":0,"parent":0,"menu_order":0,"comment_status":"closed","ping_status":"closed","template":"page-templates\/pages.php","meta":{"_joinchat":[],"footnotes":""},"class_list":["post-2531","page","type-page","status-publish","hentry"],"_links":{"self":[{"href":"https:\/\/cala-analytics.com\/tezt\/wp-json\/wp\/v2\/pages\/2531","targetHints":{"allow":["GET"]}}],"collection":[{"href":"https:\/\/cala-analytics.com\/tezt\/wp-json\/wp\/v2\/pages"}],"about":[{"href":"https:\/\/cala-analytics.com\/tezt\/wp-json\/wp\/v2\/types\/page"}],"author":[{"embeddable":true,"href":"https:\/\/cala-analytics.com\/tezt\/wp-json\/wp\/v2\/users\/1"}],"replies":[{"embeddable":true,"href":"https:\/\/cala-analytics.com\/tezt\/wp-json\/wp\/v2\/comments?post=2531"}],"version-history":[{"count":5,"href":"https:\/\/cala-analytics.com\/tezt\/wp-json\/wp\/v2\/pages\/2531\/revisions"}],"predecessor-version":[{"id":2896,"href":"https:\/\/cala-analytics.com\/tezt\/wp-json\/wp\/v2\/pages\/2531\/revisions\/2896"}],"wp:attachment":[{"href":"https:\/\/cala-analytics.com\/tezt\/wp-json\/wp\/v2\/media?parent=2531"}],"curies":[{"name":"wp","href":"https:\/\/api.w.org\/{rel}","templated":true}]}}