{"id":2524,"date":"2024-11-11T18:43:39","date_gmt":"2024-11-11T23:43:39","guid":{"rendered":"https:\/\/cala-analytics.com\/tezt\/?page_id=2524"},"modified":"2024-11-24T22:27:23","modified_gmt":"2024-11-25T03:27:23","slug":"porvenir","status":"publish","type":"page","link":"https:\/\/cala-analytics.com\/tezt\/porvenir\/","title":{"rendered":"Porvenir"},"content":{"rendered":"<div class=\"wpb-content-wrapper\"><p>[vc_row][vc_column]\n\t\t\t\t<p class=\"rs-p-wp-fix\"><\/p>\n\t\t\t\t<sr7-module data-alias=\"color-back\" data-id=\"19\" id=\"SR7_19_1\" class=\"rs-ov-hidden\" data-version=\"6.7.23\">\n\t\t\t\t\t<sr7-adjuster><\/sr7-adjuster>\n\t\t\t\t\t<sr7-content>\n\t\t\t\t\t\t<sr7-slide id=\"SR7_19_1-63\" data-key=\"63\">\n\t\t\t\t\t\t<\/sr7-slide>\n\t\t\t\t\t\t<sr7-slide id=\"SR7_19_1-64\" data-key=\"64\">\n\t\t\t\t\t\t<\/sr7-slide>\n\t\t\t\t\t<\/sr7-content>\n\t\t\t\t\t<image_lists style=\"display:none\">\n\t\t\t\t\t\t<img data-src=\"\/\/cala-analytics.com\/tezt\/wp-content\/uploads\/2024\/11\/color-bann-M.png\" width=\"0\" height=\"0\" data-dbsrc=\"Ly9jYWxhLWFuYWx5dGljcy5jb20vdGV6dC93cC1jb250ZW50L3VwbG9hZHMvMjAyNC8xMS9jb2xvci1iYW5uLU0ucG5n\"\/>\n\t\t\t\t\t<\/image_lists>\n\t\t\t\t<\/sr7-module>\n\t\t\t\t<script>\n\t\t\t\t\tSR7.PMH ??={}; SR7.PMH[\"SR7_19_1\"] = {cn:100,state:false,fn: function() { if (_tpt!==undefined && _tpt.prepareModuleHeight !== undefined) {  _tpt.prepareModuleHeight({id:\"SR7_19_1\",el:[120,120,768,768,768],type:'standard',shdw:'0',gh:[120,120,95,95,95],gw:[2540,2540,1024,1024,1024],vpt:['-100px&#039;,&#039;-100px&#039;,&#039;-100px&#039;,&#039;-100px&#039;,&#039;-100px'],size:{fullWidth:true, fullHeight:false},mh:'0',onh:0,onw:0,bg:{color:'{\"orig\":\"transparent\",\"type\":\"solid\",\"string\":\"transparent\"}',image:{src:'https:\/\/cala-analytics.com\/tezt\/wp-content\/uploads\/2024\/11\/color-bann-M.png',size:'',position:'center center',repeat:''}}});   SR7.PMH[\"SR7_19_1\"].state=true;} else if(SR7.PMH[\"SR7_19_1\"].cn-->0)\tsetTimeout( SR7.PMH[\"SR7_19_1\"].fn,19);}};SR7.PMH[\"SR7_19_1\" ].fn();\n\t\t\t\t<\/script>\n[\/vc_column][\/vc_row][vc_row][vc_column]<!-- Start Case Details \r\n    ============================================= -->\r\n    <div class=\"case-details-area default-padding\">\r\n        <div class=\"container\">\r\n            <div class=\"case-details-info\">\r\n                <div class=\"row\">\r\n                    <div class=\"col-md-12\">\r\n                        <div class=\"case-single-carousel owl-carousel owl-theme\">[vc_single_image image=&#8221;2525&#8243; img_size=&#8221;medium&#8221; alignment=&#8221;center&#8221; css=&#8221;&#8221;]<\/div>\r\n                    <\/div>\r\n                <\/div><div class=\"case-basic mt-5 text-center\">\r\n                    <div class=\"row\"><div class=\"col-lg-3 col-md-6\">\r\n                            <div class=\"item\">\r\n                                <i class=\"fas fa-user\"><\/i>\r\n                                <h5>Cliente<\/h5>\r\n                                <span>PORVENIR<\/span>\r\n                            <\/div><\/div><div class=\"col-lg-3 col-md-6\">\r\n                            <div class=\"item\">\r\n                                <i class=\"fas fa-cog\"><\/i>\r\n                                <h5>Categor\u00eda<\/h5>\r\n                                <span>Sector Salud<\/span>\r\n                            <\/div><\/div><div class=\"col-lg-3 col-md-6\">\r\n                            <div class=\"item\">\r\n                                <i class=\"fas fa-clock\"><\/i>\r\n                                <h5>Objetivo del Proyecto<\/h5>\r\n                                <span>Administrar grandes vol\u00famenes de informaci\u00f3n, segmentar factores de riesgo, monitorear operaciones y generar de reportes normativos.<\/span>\r\n                            <\/div><\/div><div class=\"col-lg-3 col-md-6\">\r\n                            <div class=\"item\">\r\n                                <i class=\"fas fa-globe\"><\/i>\r\n                                <h5>Soluci\u00f3n<\/h5>\r\n                                <span>Implementaci\u00f3n de IBM SPSS Statistics e implementaci\u00f3n de una base de datos centralizada para atender las solicitudes internas y externas de manera oportuna y eficiente.<\/span>\r\n                            <\/div><\/div><\/div>\r\n        <\/div>\r\n    <\/div>\r\n    <!-- End Case Details --><\/div>\r\n    <\/div>\r\n    <!-- End Case Details -->[vc_column_text css=&#8221;.vc_custom_1732505238439{margin-right: 10% !important;margin-left: 10% !important;}&#8221;]<\/p>\n<blockquote>\n<h5 style=\"text-align: center;\"><em>&#8220;Permiti\u00f3 optimizar las horas, logrando eficiencia y eficacia; <strong>el poblamiento de las bases de datos, la consolidaci\u00f3n de registros a nivel transaccional y de cliente en la bodega de datos<\/strong>, han provisto de informaci\u00f3n m\u00e1s cualificada a la gesti\u00f3n de los procesos misionales y dem\u00e1s procesos de apoyo en la entidad.&#8221;<\/em><\/h5>\n<\/blockquote>\n<p>[\/vc_column_text]<!-- Start Case Details \r\n    ============================================= -->\r\n    <div class=\"case-details-area default-padding\">\r\n        <div class=\"container\">\r\n            <div class=\"case-details-info\">\r\n                <div class=\"row\">\r\n                    <div class=\"col-md-12\">\r\n                        <div class=\"case-single-carousel owl-carousel owl-theme\"><\/div>\r\n                    <\/div>\r\n                <\/div>[vc_column_text css=&#8221;.vc_custom_1729529216021{margin-bottom: 25px !important;}&#8221;]<\/p>\n<h2 style=\"text-align: left;\"><strong>Informaci\u00f3n del Proyecto<\/strong><\/h2>\n<p>[\/vc_column_text][vc_column_text css=&#8221;&#8221;]<strong>IBM SPSS<\/strong> ha permitido integrar y generar an\u00e1lisis de informaci\u00f3n, bajo los par\u00e1metros del <strong>Sistema de Administraci\u00f3n de Riesgos de Lavado de Activos y Financiaci\u00f3n del Terrorismo<\/strong> y la<strong> Ley FATCA<\/strong>.<\/p>\n<p>La capacidad mejorada de generar reportes autom\u00e1ticamente, con la<br \/>\ncerteza de cumplir con los t\u00e9rminos establecidos por Ley, ha optimizado en gran medida la efectividad y eficiencia del \u00e1rea.<\/p>\n<p>Es as\u00ed como para el caso del Reporte de Productos, se incluyen todas las cuentas de pensiones voluntarias, los aportes voluntarios en pensiones obligatorias y el Reporte de Efectivo -que contempla operaciones mayores o iguales a 10 millones y operaciones m\u00faltiples\u2013 las cuales son consolidadas por cliente y en un mes calendario, superan los 50 millones.<\/p>\n<p>Tras el mapeo y la consolidaci\u00f3n de la soluci\u00f3n anal\u00edtica, se han podido generar reportes complejos superiores a m\u00e1s de un mill\u00f3n de registros desde el mes de agosto del 2015, sin que se presenten devoluciones por parte de la Unidad de Informaci\u00f3n y An\u00e1lisis Financiero.<\/p>\n<p>Adem\u00e1s, los procesos de segmentaci\u00f3n de factores de riesgo fueron llevados a cabo exitosamente bajo los lineamientos de la metodolog\u00eda <strong>CRISP-DM<\/strong>. En esencia, se desarrollaron 6 etapas:<\/p>\n<p>Comprensi\u00f3n del Negocio.<\/p>\n<p>Comprensi\u00f3n de los datos.<\/p>\n<p>Preparaci\u00f3n de los datos.<\/p>\n<p>Modelamiento.<\/p>\n<p>Evaluaci\u00f3n.<\/p>\n<p>Despliegue.<\/p>\n<p>Dentro de los atributos de la soluci\u00f3n suministrada por <strong>CALA Analytics<\/strong>, se encuentra la calidad y el soporte estad\u00edstico para respaldar las decisiones a nivel de reporte de operaciones sospechosas y de la implementaci\u00f3n de controles, dependiendo del comportamiento que se establece a trav\u00e9s del perfil de riesgo LA\/FT de los afiliados a Porvenir.<\/p>\n<p>Durante el a\u00f1o 2015, se elaboraron rutas de consulta y generaci\u00f3n de estructuras, las cuales ayudaron a la identificaci\u00f3n de los clientes (mediante indicios establecidos por la ley) para desarrollar el reporte FATCA con su respectiva estructura en formato xml. El reto para el a\u00f1o 2016 es la realizaci\u00f3n del modelo CRS.<\/p>\n<p>La <strong>Gerencia de Tecnolog\u00eda, Auditor\u00eda y la Direcci\u00f3n de Inteligencia del Servicio<\/strong>, se beneficiaron directamente con los hallazgos realizados a trav\u00e9s de <strong>IBM SPSS Modeler<\/strong>, motivo por el cual han volcado su inter\u00e9s en incorporar nuevas licencias en dichas \u00e1reas.<\/p>\n<p>Todo lo anterior se traduce en minimizar el riesgo legal y reputacional, en beneficio de la administradora, sus colaboradores, afiliados y la comunidad en general.[\/vc_column_text]<\/div>\r\n        <\/div>\r\n    <\/div>\r\n    <!-- End Case Details --><\/div>\r\n    <\/div>\r\n    <!-- End Case Details -->[\/vc_column][\/vc_row]<\/p>\n<\/div>","protected":false},"excerpt":{"rendered":"<p>[vc_row][vc_column][\/vc_column][\/vc_row][vc_row][vc_column][vc_single_image image=&#8221;2525&#8243; img_size=&#8221;medium&#8221; alignment=&#8221;center&#8221; css=&#8221;&#8221;][vc_column_text css=&#8221;.vc_custom_1732505238439{margin-right: 10% !important;margin-left: 10% !important;}&#8221;] &#8220;Permiti\u00f3 optimizar las horas, logrando eficiencia y eficacia; el poblamiento de las bases de datos, la consolidaci\u00f3n de registros a nivel transaccional y de cliente en la bodega de datos, han provisto de informaci\u00f3n m\u00e1s cualificada a la gesti\u00f3n de los procesos misionales y dem\u00e1s [&hellip;]<\/p>\n","protected":false},"author":1,"featured_media":0,"parent":0,"menu_order":0,"comment_status":"closed","ping_status":"closed","template":"page-templates\/pages.php","meta":{"_joinchat":[],"footnotes":""},"class_list":["post-2524","page","type-page","status-publish","hentry"],"_links":{"self":[{"href":"https:\/\/cala-analytics.com\/tezt\/wp-json\/wp\/v2\/pages\/2524","targetHints":{"allow":["GET"]}}],"collection":[{"href":"https:\/\/cala-analytics.com\/tezt\/wp-json\/wp\/v2\/pages"}],"about":[{"href":"https:\/\/cala-analytics.com\/tezt\/wp-json\/wp\/v2\/types\/page"}],"author":[{"embeddable":true,"href":"https:\/\/cala-analytics.com\/tezt\/wp-json\/wp\/v2\/users\/1"}],"replies":[{"embeddable":true,"href":"https:\/\/cala-analytics.com\/tezt\/wp-json\/wp\/v2\/comments?post=2524"}],"version-history":[{"count":3,"href":"https:\/\/cala-analytics.com\/tezt\/wp-json\/wp\/v2\/pages\/2524\/revisions"}],"predecessor-version":[{"id":2890,"href":"https:\/\/cala-analytics.com\/tezt\/wp-json\/wp\/v2\/pages\/2524\/revisions\/2890"}],"wp:attachment":[{"href":"https:\/\/cala-analytics.com\/tezt\/wp-json\/wp\/v2\/media?parent=2524"}],"curies":[{"name":"wp","href":"https:\/\/api.w.org\/{rel}","templated":true}]}}