{"id":2520,"date":"2024-11-11T18:39:26","date_gmt":"2024-11-11T23:39:26","guid":{"rendered":"https:\/\/cala-analytics.com\/tezt\/?page_id=2520"},"modified":"2024-11-24T22:28:34","modified_gmt":"2024-11-25T03:28:34","slug":"positiva-compania-de-seguros","status":"publish","type":"page","link":"https:\/\/cala-analytics.com\/tezt\/positiva-compania-de-seguros\/","title":{"rendered":"Positiva Compa\u00f1\u00eda de Seguros"},"content":{"rendered":"<div class=\"wpb-content-wrapper\"><p>[vc_row][vc_column]\n\t\t\t\t<p class=\"rs-p-wp-fix\"><\/p>\n\t\t\t\t<sr7-module data-alias=\"color-back\" data-id=\"19\" id=\"SR7_19_1\" class=\"rs-ov-hidden\" data-version=\"6.7.23\">\n\t\t\t\t\t<sr7-adjuster><\/sr7-adjuster>\n\t\t\t\t\t<sr7-content>\n\t\t\t\t\t\t<sr7-slide id=\"SR7_19_1-63\" data-key=\"63\">\n\t\t\t\t\t\t<\/sr7-slide>\n\t\t\t\t\t\t<sr7-slide id=\"SR7_19_1-64\" data-key=\"64\">\n\t\t\t\t\t\t<\/sr7-slide>\n\t\t\t\t\t<\/sr7-content>\n\t\t\t\t\t<image_lists style=\"display:none\">\n\t\t\t\t\t\t<img data-src=\"\/\/cala-analytics.com\/tezt\/wp-content\/uploads\/2024\/11\/color-bann-M.png\" width=\"0\" height=\"0\" data-dbsrc=\"Ly9jYWxhLWFuYWx5dGljcy5jb20vdGV6dC93cC1jb250ZW50L3VwbG9hZHMvMjAyNC8xMS9jb2xvci1iYW5uLU0ucG5n\"\/>\n\t\t\t\t\t<\/image_lists>\n\t\t\t\t<\/sr7-module>\n\t\t\t\t<script>\n\t\t\t\t\tSR7.PMH ??={}; SR7.PMH[\"SR7_19_1\"] = {cn:100,state:false,fn: function() { if (_tpt!==undefined && _tpt.prepareModuleHeight !== undefined) {  _tpt.prepareModuleHeight({id:\"SR7_19_1\",el:[120,120,768,768,768],type:'standard',shdw:'0',gh:[120,120,95,95,95],gw:[2540,2540,1024,1024,1024],vpt:['-100px&#039;,&#039;-100px&#039;,&#039;-100px&#039;,&#039;-100px&#039;,&#039;-100px'],size:{fullWidth:true, fullHeight:false},mh:'0',onh:0,onw:0,bg:{color:'{\"orig\":\"transparent\",\"type\":\"solid\",\"string\":\"transparent\"}',image:{src:'https:\/\/cala-analytics.com\/tezt\/wp-content\/uploads\/2024\/11\/color-bann-M.png',size:'',position:'center center',repeat:''}}});   SR7.PMH[\"SR7_19_1\"].state=true;} else if(SR7.PMH[\"SR7_19_1\"].cn-->0)\tsetTimeout( SR7.PMH[\"SR7_19_1\"].fn,19);}};SR7.PMH[\"SR7_19_1\" ].fn();\n\t\t\t\t<\/script>\n[\/vc_column][\/vc_row][vc_row][vc_column]<!-- Start Case Details \r\n    ============================================= -->\r\n    <div class=\"case-details-area default-padding\">\r\n        <div class=\"container\">\r\n            <div class=\"case-details-info\">\r\n                <div class=\"row\">\r\n                    <div class=\"col-md-12\">\r\n                        <div class=\"case-single-carousel owl-carousel owl-theme\">[vc_single_image image=&#8221;2521&#8243; img_size=&#8221;medium&#8221; alignment=&#8221;center&#8221; css=&#8221;&#8221;]<\/div>\r\n                    <\/div>\r\n                <\/div><div class=\"case-basic mt-5 text-center\">\r\n                    <div class=\"row\"><div class=\"col-lg-3 col-md-6\">\r\n                            <div class=\"item\">\r\n                                <i class=\"fas fa-user\"><\/i>\r\n                                <h5>Cliente<\/h5>\r\n                                <span>POSITIVA COMPA\u00d1\u00cdA DE SEGUROS<\/span>\r\n                            <\/div><\/div><div class=\"col-lg-3 col-md-6\">\r\n                            <div class=\"item\">\r\n                                <i class=\"fas fa-cog\"><\/i>\r\n                                <h5>Categor\u00eda<\/h5>\r\n                                <span>Sector Salud<\/span>\r\n                            <\/div><\/div><div class=\"col-lg-3 col-md-6\">\r\n                            <div class=\"item\">\r\n                                <i class=\"fas fa-clock\"><\/i>\r\n                                <h5>Objetivo del Proyecto<\/h5>\r\n                                <span>Segmentar los clientes para desarrollar estrategias de mantenimiento y fidelizaci\u00f3n.<\/span>\r\n                            <\/div><\/div><div class=\"col-lg-3 col-md-6\">\r\n                            <div class=\"item\">\r\n                                <i class=\"fas fa-globe\"><\/i>\r\n                                <h5>Soluci\u00f3n<\/h5>\r\n                                <span>Implementaci\u00f3n de IBM SPSS Modeler. Fortalecimiento de la rentabilidad empresarial a partir del establecimiento de segmentos para el desarrollo de estrategias.<\/span>\r\n                            <\/div><\/div><\/div>\r\n        <\/div>\r\n    <\/div>\r\n    <!-- End Case Details --><\/div>\r\n    <\/div>\r\n    <!-- End Case Details -->[vc_column_text css=&#8221;.vc_custom_1732505307727{margin-right: 10% !important;margin-left: 10% !important;}&#8221;]<\/p>\n<blockquote>\n<h5 style=\"text-align: center;\"><em>&#8220;Uno de los beneficios m\u00e1s importantes es que la soluci\u00f3n permiti\u00f3 <strong>conocer nuestros clientes<\/strong> y transferir conocimiento a todas las \u00e1reas de la compa\u00f1\u00eda.&#8221;<\/em><\/h5>\n<h6 style=\"text-align: center;\"><strong><em>Andr\u00e9s P\u00e1ez<\/em><\/strong><br \/>\n<em>Gerencia de Mercadeo<\/em><\/h6>\n<\/blockquote>\n<p>[\/vc_column_text]<!-- Start Case Details \r\n    ============================================= -->\r\n    <div class=\"case-details-area default-padding\">\r\n        <div class=\"container\">\r\n            <div class=\"case-details-info\">\r\n                <div class=\"row\">\r\n                    <div class=\"col-md-12\">\r\n                        <div class=\"case-single-carousel owl-carousel owl-theme\"><\/div>\r\n                    <\/div>\r\n                <\/div>[vc_column_text css=&#8221;.vc_custom_1729529216021{margin-bottom: 25px !important;}&#8221;]<\/p>\n<h2 style=\"text-align: left;\"><strong>Informaci\u00f3n del Proyecto<\/strong><\/h2>\n<p>[\/vc_column_text][vc_column_text css=&#8221;&#8221;]<strong>Positiva e<\/strong>s una compa\u00f1\u00eda de seguros que inici\u00f3 formalmente sus actividades a partir del 1 de septiembre de 2008, como respuesta a la estrategia del gobierno que buscaba garantizar la presencia estatal en el marco de los riesgos laborales y una participaci\u00f3n activa en el mercado de seguros de personas en Colombia. <strong>Positiva Compa\u00f1\u00eda de Seguros S.A.<\/strong> es el resultado de la cesi\u00f3n de la Administradora de Riesgos Profesionales del Instituto de Seguro Social de Colombia a la Previsora Vida. De esta forma, comenz\u00f3 sus operaciones con una cobertura de 320.266 empresas, es decir, el 72.7% de participaci\u00f3n en el mercado.<\/p>\n<p>La aseguradora se ha convertido en una de las m\u00e1s s\u00f3lidas en su sector y por ello enfrenta retos a la hora de manejar grandes vol\u00famenes de informaci\u00f3n.<br \/>\nPositiva mantiene afiliadas en riesgos laborales un promedio de 400 mil empresas, por esta raz\u00f3n, una de sus necesidades m\u00e1s importantes era segmentar sus clientes para desarrollar estrategias de mantenimiento y fidelizaci\u00f3n. Con <strong>IBM SPSS Modeler<\/strong> establecieron cinco diferentes segmentos que ofrec\u00edan las mejores opciones para el desarrollo de las estrategias empresariales; con el objetivo, de fortalecer la rentabilidad de la compa\u00f1\u00eda.<br \/>\nUno de los logros obtenidos en este proyecto fue pasar de un manejo inform\u00e1tico basado en unidades o variables independientes, como la informaci\u00f3n demogr\u00e1fica y transaccional de las empresas, a incluir variables de rentabilidad de mayor convergencia. Estas han logrado darle mayor soporte a las decisiones sobre reinvenci\u00f3n e identificaci\u00f3n de los problemas empresariales.<\/p>\n<p><em>&#8220;Los sistemas operativos que exist\u00edan, trabajaban de forma independiente, no hab\u00eda un software que unificara todos los an\u00e1lisis sin importar el origen del archivo.&#8221;<\/em> Andr\u00e9s P\u00e1ez, Gerencia de Mercadeo.<br \/>\nUn trabajo conjunto entre <strong>CALA ANALYTICS<\/strong> suministr\u00f3 el licenciamiento y brind\u00f3 consultor\u00eda y capacitaci\u00f3n, logr\u00f3 que la principal compa\u00f1\u00eda de seguros colombiana optimizara su gesti\u00f3n de datos.<\/p>\n<p>\u00ab<em>Con <strong>IBM SPSS l<\/strong>ogramos un trabajo conjunto entre toda la compa\u00f1\u00eda, integrando varias \u00e1reas y personal, lo cual nos entreg\u00f3 un modelo exitoso<\/em>\u00ab. Andr\u00e9s P\u00e1ez, Gerencia de Mercadeo.<\/p>\n<p>Por ahora, <strong>Positiva Compa\u00f1\u00eda de Seguros<\/strong> ha logrado integrar m\u00e1s de 25 millones de registros en menos de 10 minutos, lo que ha permitido realizar seguimiento a las empresas en un t\u00e9rmino de tres a\u00f1os, fidelizando a sus clientes m\u00e1s rentables y generando estrategias de mantenimiento, con control de la siniestralidad de las empresas y generando mayores ingresos a la compa\u00f1\u00eda.[\/vc_column_text]<\/div>\r\n        <\/div>\r\n    <\/div>\r\n    <!-- End Case Details --><\/div>\r\n    <\/div>\r\n    <!-- End Case Details -->[\/vc_column][\/vc_row]<\/p>\n<\/div>","protected":false},"excerpt":{"rendered":"<p>[vc_row][vc_column][\/vc_column][\/vc_row][vc_row][vc_column][vc_single_image image=&#8221;2521&#8243; img_size=&#8221;medium&#8221; alignment=&#8221;center&#8221; css=&#8221;&#8221;][vc_column_text css=&#8221;.vc_custom_1732505307727{margin-right: 10% !important;margin-left: 10% !important;}&#8221;] &#8220;Uno de los beneficios m\u00e1s importantes es que la soluci\u00f3n permiti\u00f3 conocer nuestros clientes y transferir conocimiento a todas las \u00e1reas de la compa\u00f1\u00eda.&#8221; Andr\u00e9s P\u00e1ez Gerencia de Mercadeo [\/vc_column_text][vc_column_text css=&#8221;.vc_custom_1729529216021{margin-bottom: 25px !important;}&#8221;] Informaci\u00f3n del Proyecto [\/vc_column_text][vc_column_text css=&#8221;&#8221;]Positiva es una compa\u00f1\u00eda de seguros que inici\u00f3 [&hellip;]<\/p>\n","protected":false},"author":1,"featured_media":0,"parent":0,"menu_order":0,"comment_status":"closed","ping_status":"closed","template":"page-templates\/pages.php","meta":{"_joinchat":[],"footnotes":""},"class_list":["post-2520","page","type-page","status-publish","hentry"],"_links":{"self":[{"href":"https:\/\/cala-analytics.com\/tezt\/wp-json\/wp\/v2\/pages\/2520","targetHints":{"allow":["GET"]}}],"collection":[{"href":"https:\/\/cala-analytics.com\/tezt\/wp-json\/wp\/v2\/pages"}],"about":[{"href":"https:\/\/cala-analytics.com\/tezt\/wp-json\/wp\/v2\/types\/page"}],"author":[{"embeddable":true,"href":"https:\/\/cala-analytics.com\/tezt\/wp-json\/wp\/v2\/users\/1"}],"replies":[{"embeddable":true,"href":"https:\/\/cala-analytics.com\/tezt\/wp-json\/wp\/v2\/comments?post=2520"}],"version-history":[{"count":4,"href":"https:\/\/cala-analytics.com\/tezt\/wp-json\/wp\/v2\/pages\/2520\/revisions"}],"predecessor-version":[{"id":2892,"href":"https:\/\/cala-analytics.com\/tezt\/wp-json\/wp\/v2\/pages\/2520\/revisions\/2892"}],"wp:attachment":[{"href":"https:\/\/cala-analytics.com\/tezt\/wp-json\/wp\/v2\/media?parent=2520"}],"curies":[{"name":"wp","href":"https:\/\/api.w.org\/{rel}","templated":true}]}}