{"id":2510,"date":"2024-11-11T18:30:32","date_gmt":"2024-11-11T23:30:32","guid":{"rendered":"https:\/\/cala-analytics.com\/tezt\/?page_id=2510"},"modified":"2024-11-24T22:25:18","modified_gmt":"2024-11-25T03:25:18","slug":"ministerio-de-la-mujer-de-peru","status":"publish","type":"page","link":"https:\/\/cala-analytics.com\/tezt\/ministerio-de-la-mujer-de-peru\/","title":{"rendered":"Ministerio de la Mujer de Per\u00fa"},"content":{"rendered":"<div class=\"wpb-content-wrapper\"><p>[vc_row][vc_column]\n\t\t\t\t<p class=\"rs-p-wp-fix\"><\/p>\n\t\t\t\t<sr7-module data-alias=\"color-back\" data-id=\"19\" id=\"SR7_19_1\" class=\"rs-ov-hidden\" data-version=\"6.7.23\">\n\t\t\t\t\t<sr7-adjuster><\/sr7-adjuster>\n\t\t\t\t\t<sr7-content>\n\t\t\t\t\t\t<sr7-slide id=\"SR7_19_1-63\" data-key=\"63\">\n\t\t\t\t\t\t<\/sr7-slide>\n\t\t\t\t\t\t<sr7-slide id=\"SR7_19_1-64\" data-key=\"64\">\n\t\t\t\t\t\t<\/sr7-slide>\n\t\t\t\t\t<\/sr7-content>\n\t\t\t\t\t<image_lists style=\"display:none\">\n\t\t\t\t\t\t<img data-src=\"\/\/cala-analytics.com\/tezt\/wp-content\/uploads\/2024\/11\/color-bann-M.png\" width=\"0\" height=\"0\" data-dbsrc=\"Ly9jYWxhLWFuYWx5dGljcy5jb20vdGV6dC93cC1jb250ZW50L3VwbG9hZHMvMjAyNC8xMS9jb2xvci1iYW5uLU0ucG5n\"\/>\n\t\t\t\t\t<\/image_lists>\n\t\t\t\t<\/sr7-module>\n\t\t\t\t<script>\n\t\t\t\t\tSR7.PMH ??={}; SR7.PMH[\"SR7_19_1\"] = {cn:100,state:false,fn: function() { if (_tpt!==undefined && _tpt.prepareModuleHeight !== undefined) {  _tpt.prepareModuleHeight({id:\"SR7_19_1\",el:[120,120,768,768,768],type:'standard',shdw:'0',gh:[120,120,95,95,95],gw:[2540,2540,1024,1024,1024],vpt:['-100px&#039;,&#039;-100px&#039;,&#039;-100px&#039;,&#039;-100px&#039;,&#039;-100px'],size:{fullWidth:true, fullHeight:false},mh:'0',onh:0,onw:0,bg:{color:'{\"orig\":\"transparent\",\"type\":\"solid\",\"string\":\"transparent\"}',image:{src:'https:\/\/cala-analytics.com\/tezt\/wp-content\/uploads\/2024\/11\/color-bann-M.png',size:'',position:'center center',repeat:''}}});   SR7.PMH[\"SR7_19_1\"].state=true;} else if(SR7.PMH[\"SR7_19_1\"].cn-->0)\tsetTimeout( SR7.PMH[\"SR7_19_1\"].fn,19);}};SR7.PMH[\"SR7_19_1\" ].fn();\n\t\t\t\t<\/script>\n[\/vc_column][\/vc_row][vc_row][vc_column]<!-- Start Case Details \r\n    ============================================= -->\r\n    <div class=\"case-details-area default-padding\">\r\n        <div class=\"container\">\r\n            <div class=\"case-details-info\">\r\n                <div class=\"row\">\r\n                    <div class=\"col-md-12\">\r\n                        <div class=\"case-single-carousel owl-carousel owl-theme\">[vc_single_image image=&#8221;2511&#8243; img_size=&#8221;medium&#8221; alignment=&#8221;center&#8221; css=&#8221;&#8221;]<\/div>\r\n                    <\/div>\r\n                <\/div><div class=\"case-basic mt-5 text-center\">\r\n                    <div class=\"row\"><div class=\"col-lg-3 col-md-6\">\r\n                            <div class=\"item\">\r\n                                <i class=\"fas fa-user\"><\/i>\r\n                                <h5>Cliente<\/h5>\r\n                                <span>MINISTERIO DE LA MUJER DE PER\u00da<\/span>\r\n                            <\/div><\/div><div class=\"col-lg-3 col-md-6\">\r\n                            <div class=\"item\">\r\n                                <i class=\"fas fa-cog\"><\/i>\r\n                                <h5>Categor\u00eda<\/h5>\r\n                                <span>Sector Gobierno<\/span>\r\n                            <\/div><\/div><div class=\"col-lg-3 col-md-6\">\r\n                            <div class=\"item\">\r\n                                <i class=\"fas fa-clock\"><\/i>\r\n                                <h5>Objetivo del Proyecto<\/h5>\r\n                                <span>Sistematizar y analizar la informaci\u00f3n tra\u00edda de diferentes instituciones p\u00fablicas, que les permitir\u00eda entender m\u00e1s las problem\u00e1ticas sociales de violencia de g\u00e9nero.<\/span>\r\n                            <\/div><\/div><div class=\"col-lg-3 col-md-6\">\r\n                            <div class=\"item\">\r\n                                <i class=\"fas fa-globe\"><\/i>\r\n                                <h5>Soluci\u00f3n<\/h5>\r\n                                <span>Sistematizar y analizar la informaci\u00f3n tra\u00edda de diferentes instituciones p\u00fablicas, que les permitir\u00eda entender m\u00e1s las problem\u00e1ticas sociales de violencia de g\u00e9nero.<\/span>\r\n                            <\/div><\/div><\/div>\r\n        <\/div>\r\n    <\/div>\r\n    <!-- End Case Details --><\/div>\r\n    <\/div>\r\n    <!-- End Case Details -->[vc_column_text css=&#8221;.vc_custom_1732505113498{margin-right: 10% !important;margin-left: 10% !important;}&#8221;]<\/p>\n<blockquote>\n<h5 style=\"text-align: center;\"><em>&#8220;<strong>CALA Analytics<\/strong> nos ha acompa\u00f1ado y orientado en los beneficios de herramientas anal\u00edticas para identificar los diferentes hechos de violencia del pa\u00eds.&#8221;<\/em><\/h5>\n<h6 style=\"text-align: center;\"><strong><em>Orlando Angulo<\/em><\/strong><br \/>\n<em>Especialista estad\u00edstico<\/em><\/h6>\n<\/blockquote>\n<p>[\/vc_column_text]<!-- Start Case Details \r\n    ============================================= -->\r\n    <div class=\"case-details-area default-padding\">\r\n        <div class=\"container\">\r\n            <div class=\"case-details-info\">\r\n                <div class=\"row\">\r\n                    <div class=\"col-md-12\">\r\n                        <div class=\"case-single-carousel owl-carousel owl-theme\"><\/div>\r\n                    <\/div>\r\n                <\/div>[vc_column_text css=&#8221;.vc_custom_1729529216021{margin-bottom: 25px !important;}&#8221;]<\/p>\n<h2 style=\"text-align: left;\"><strong>Informaci\u00f3n del Proyecto<\/strong><\/h2>\n<p>[\/vc_column_text][vc_column_text css=&#8221;&#8221;]En el <strong>Ministerio de la Mujer y Poblaciones Vulnerables del Per\u00fa<\/strong>, trabajan para convertir al Per\u00fa en un pa\u00eds donde todas y todos sean iguales, viven sin discriminaci\u00f3n y con igualdad de oportunidades. Su misi\u00f3n es dise\u00f1ar, establecer, promover, ejecutar y supervisar pol\u00edticas p\u00fablicas a favor de las mujeres, ni\u00f1as, ni\u00f1os, adolescentes, personas adultas mayores, personas con discapacidad y migrantes internos, para garantizar el ejercicio de sus derechos y una vida libre de violencia, desprotecci\u00f3n y discriminaci\u00f3n, en el marco de una cultura de paz.<\/p>\n<p>El sector est\u00e1 integrado por el <strong>Viceministerio de la Mujer<\/strong> y el <strong>Viceministerio de Poblaciones Vulnerables<\/strong>.<\/p>\n<p>El <strong>MIMP<\/strong> necesitaba una herramienta que les ayude, a trav\u00e9s de la anal\u00edtica, a sistematizar y analizar la informaci\u00f3n tra\u00edda de diferentes instituciones p\u00fablicas y que les permitiera entender m\u00e1s las problem\u00e1ticas sociales de violencia de g\u00e9nero. Conoc\u00edan varias herramientas, pero no sab\u00edan cu\u00e1l era la adecuada y no contaban con el personal adecuado (Cient\u00edficos de datos) para implementarlas y controlarlas.<\/p>\n<p>Es ah\u00ed donde <strong>CALA Analytics<\/strong> entra a ser su socio anal\u00edtico, gui\u00e1ndolos en la implementaci\u00f3n de la mejor herramienta de IBM SPSS y llevando el poder de la anal\u00edtica a otras instituciones p\u00fablicas del Per\u00fa.<\/p>\n<p><strong>GRACIAS A LAS SOLUCIONES DE IBM SPSS MODELER Y COGNOS<\/strong>.<\/p>\n<p>Operativamente, se disminuyen los tiempos en procesos que tardaban meses y socialmente en 2019 se crean 9 foros d\u00f3nde se muestran indicadores de violencia nunca vistos en el Per\u00fa, dando visibilidad a casos como:<\/p>\n<p>Violencia econ\u00f3mica y patrimonial, logrando modificar normativas pol\u00edticas para contrarrestar dicha violencia.<\/p>\n<p>Violencia sexual a menores de edad, determinando cu\u00e1les eran los factores que causaban dichos actos de violencias y posteriormente generar medidas preventivas.<\/p>\n<p>Violencia en personas con discapacidad y muchas otras m\u00e1s.<\/p>\n<p>Gracias a la visibilidad que hace el <strong>MIMP<\/strong> al gobierno del Per\u00fa, se hacen mejoras a normativas que contrarresten la violencia en poblaciones vulnerables, otorgando presupuesto a las entidades p\u00fablicas para que generen resultados en pro de la poblaci\u00f3n. Con programas sociales como <em>No est\u00e1s sola<\/em>, el Gobierno del Per\u00fa proporciona canales de comunicaci\u00f3n para que las mujeres sepan a donde ir, c\u00f3mo actuar y con quien comunicarse en caso de sufrir alg\u00fan acto de violencia.<\/p>\n<p>La meta del MIMP es lograr mejorar conductas sociales que no normalicen actos de violencia en mujeres, ni\u00f1as, ni\u00f1os, adolescentes, personas adultas mayores, personas con discapacidad y migrantes internos.<\/p>\n<p>Desde el <strong>#TeamCALA<\/strong> queremos que en el futuro el poder del <strong>DATAVERSO<\/strong> logre predecir y perfilar posibles actos de violencia que mejoren la sociedad y la seguridad de todos[\/vc_column_text]<\/div>\r\n        <\/div>\r\n    <\/div>\r\n    <!-- End Case Details --><\/div>\r\n    <\/div>\r\n    <!-- End Case Details -->[\/vc_column][\/vc_row]<\/p>\n<\/div>","protected":false},"excerpt":{"rendered":"<p>[vc_row][vc_column][\/vc_column][\/vc_row][vc_row][vc_column][vc_single_image image=&#8221;2511&#8243; img_size=&#8221;medium&#8221; alignment=&#8221;center&#8221; css=&#8221;&#8221;][vc_column_text css=&#8221;.vc_custom_1732505113498{margin-right: 10% !important;margin-left: 10% !important;}&#8221;] &#8220;CALA Analytics nos ha acompa\u00f1ado y orientado en los beneficios de herramientas anal\u00edticas para identificar los diferentes hechos de violencia del pa\u00eds.&#8221; Orlando Angulo Especialista estad\u00edstico [\/vc_column_text][vc_column_text css=&#8221;.vc_custom_1729529216021{margin-bottom: 25px !important;}&#8221;] Informaci\u00f3n del Proyecto [\/vc_column_text][vc_column_text css=&#8221;&#8221;]En el Ministerio de la Mujer y Poblaciones Vulnerables del Per\u00fa, [&hellip;]<\/p>\n","protected":false},"author":1,"featured_media":0,"parent":0,"menu_order":0,"comment_status":"closed","ping_status":"closed","template":"page-templates\/pages.php","meta":{"_joinchat":[],"footnotes":""},"class_list":["post-2510","page","type-page","status-publish","hentry"],"_links":{"self":[{"href":"https:\/\/cala-analytics.com\/tezt\/wp-json\/wp\/v2\/pages\/2510","targetHints":{"allow":["GET"]}}],"collection":[{"href":"https:\/\/cala-analytics.com\/tezt\/wp-json\/wp\/v2\/pages"}],"about":[{"href":"https:\/\/cala-analytics.com\/tezt\/wp-json\/wp\/v2\/types\/page"}],"author":[{"embeddable":true,"href":"https:\/\/cala-analytics.com\/tezt\/wp-json\/wp\/v2\/users\/1"}],"replies":[{"embeddable":true,"href":"https:\/\/cala-analytics.com\/tezt\/wp-json\/wp\/v2\/comments?post=2510"}],"version-history":[{"count":5,"href":"https:\/\/cala-analytics.com\/tezt\/wp-json\/wp\/v2\/pages\/2510\/revisions"}],"predecessor-version":[{"id":2886,"href":"https:\/\/cala-analytics.com\/tezt\/wp-json\/wp\/v2\/pages\/2510\/revisions\/2886"}],"wp:attachment":[{"href":"https:\/\/cala-analytics.com\/tezt\/wp-json\/wp\/v2\/media?parent=2510"}],"curies":[{"name":"wp","href":"https:\/\/api.w.org\/{rel}","templated":true}]}}