{"id":2507,"date":"2024-11-11T18:25:48","date_gmt":"2024-11-11T23:25:48","guid":{"rendered":"https:\/\/cala-analytics.com\/tezt\/?page_id=2507"},"modified":"2024-11-24T22:24:12","modified_gmt":"2024-11-25T03:24:12","slug":"ministerio-de-justicia-y-derechos-humanos","status":"publish","type":"page","link":"https:\/\/cala-analytics.com\/tezt\/ministerio-de-justicia-y-derechos-humanos\/","title":{"rendered":"Ministerio de Justicia y Derechos Humanos"},"content":{"rendered":"<div class=\"wpb-content-wrapper\"><p>[vc_row][vc_column]\n\t\t\t\t<p class=\"rs-p-wp-fix\"><\/p>\n\t\t\t\t<sr7-module data-alias=\"color-back\" data-id=\"19\" id=\"SR7_19_1\" class=\"rs-ov-hidden\" data-version=\"6.7.23\">\n\t\t\t\t\t<sr7-adjuster><\/sr7-adjuster>\n\t\t\t\t\t<sr7-content>\n\t\t\t\t\t\t<sr7-slide id=\"SR7_19_1-63\" data-key=\"63\">\n\t\t\t\t\t\t<\/sr7-slide>\n\t\t\t\t\t\t<sr7-slide id=\"SR7_19_1-64\" data-key=\"64\">\n\t\t\t\t\t\t<\/sr7-slide>\n\t\t\t\t\t<\/sr7-content>\n\t\t\t\t\t<image_lists style=\"display:none\">\n\t\t\t\t\t\t<img data-src=\"\/\/cala-analytics.com\/tezt\/wp-content\/uploads\/2024\/11\/color-bann-M.png\" width=\"0\" height=\"0\" data-dbsrc=\"Ly9jYWxhLWFuYWx5dGljcy5jb20vdGV6dC93cC1jb250ZW50L3VwbG9hZHMvMjAyNC8xMS9jb2xvci1iYW5uLU0ucG5n\"\/>\n\t\t\t\t\t<\/image_lists>\n\t\t\t\t<\/sr7-module>\n\t\t\t\t<script>\n\t\t\t\t\tSR7.PMH ??={}; SR7.PMH[\"SR7_19_1\"] = {cn:100,state:false,fn: function() { if (_tpt!==undefined && _tpt.prepareModuleHeight !== undefined) {  _tpt.prepareModuleHeight({id:\"SR7_19_1\",el:[120,120,768,768,768],type:'standard',shdw:'0',gh:[120,120,95,95,95],gw:[2540,2540,1024,1024,1024],vpt:['-100px&#039;,&#039;-100px&#039;,&#039;-100px&#039;,&#039;-100px&#039;,&#039;-100px'],size:{fullWidth:true, fullHeight:false},mh:'0',onh:0,onw:0,bg:{color:'{\"orig\":\"transparent\",\"type\":\"solid\",\"string\":\"transparent\"}',image:{src:'https:\/\/cala-analytics.com\/tezt\/wp-content\/uploads\/2024\/11\/color-bann-M.png',size:'',position:'center center',repeat:''}}});   SR7.PMH[\"SR7_19_1\"].state=true;} else if(SR7.PMH[\"SR7_19_1\"].cn-->0)\tsetTimeout( SR7.PMH[\"SR7_19_1\"].fn,19);}};SR7.PMH[\"SR7_19_1\" ].fn();\n\t\t\t\t<\/script>\n[\/vc_column][\/vc_row][vc_row][vc_column]<!-- Start Case Details \r\n    ============================================= -->\r\n    <div class=\"case-details-area default-padding\">\r\n        <div class=\"container\">\r\n            <div class=\"case-details-info\">\r\n                <div class=\"row\">\r\n                    <div class=\"col-md-12\">\r\n                        <div class=\"case-single-carousel owl-carousel owl-theme\">[vc_single_image image=&#8221;2508&#8243; img_size=&#8221;medium&#8221; alignment=&#8221;center&#8221; css=&#8221;&#8221;]<\/div>\r\n                    <\/div>\r\n                <\/div><div class=\"case-basic mt-5 text-center\">\r\n                    <div class=\"row\"><div class=\"col-lg-3 col-md-6\">\r\n                            <div class=\"item\">\r\n                                <i class=\"fas fa-user\"><\/i>\r\n                                <h5>Cliente<\/h5>\r\n                                <span>MINISTERIO DE JUSTICIA Y DERECHOS HUMANOS<\/span>\r\n                            <\/div><\/div><div class=\"col-lg-3 col-md-6\">\r\n                            <div class=\"item\">\r\n                                <i class=\"fas fa-cog\"><\/i>\r\n                                <h5>Categor\u00eda<\/h5>\r\n                                <span>Sector Gobierno<\/span>\r\n                            <\/div><\/div><div class=\"col-lg-3 col-md-6\">\r\n                            <div class=\"item\">\r\n                                <i class=\"fas fa-clock\"><\/i>\r\n                                <h5>Objetivo del Proyecto<\/h5>\r\n                                <span>Optimizar los procesos de an\u00e1lisis de datos para aprovechar la informaci\u00f3n de la entidad.<\/span>\r\n                            <\/div><\/div><div class=\"col-lg-3 col-md-6\">\r\n                            <div class=\"item\">\r\n                                <i class=\"fas fa-globe\"><\/i>\r\n                                <h5>Soluci\u00f3n<\/h5>\r\n                                <span>IBM SPSS Statistics e implementar t\u00e9cnicas anal\u00edticas avanzadas para sacar el m\u00e1ximo provecho de los datos.<\/span>\r\n                            <\/div><\/div><\/div>\r\n        <\/div>\r\n    <\/div>\r\n    <!-- End Case Details --><\/div>\r\n    <\/div>\r\n    <!-- End Case Details -->[vc_column_text css=&#8221;.vc_custom_1732505043759{margin-right: 10% !important;margin-left: 10% !important;}&#8221;]<\/p>\n<blockquote>\n<h5 style=\"text-align: center;\"><em>&#8220;Con la llegada de <strong>IBM SPSS Statistics<\/strong> los an\u00e1lisis se optimizaron. Anteriormente, los realizaban con hojas de c\u00e1lculo como Excel, lo cual no les permit\u00eda trabajar con grandes cantidades de informaci\u00f3n o reducir el tiempo de las tareas.&#8221;<\/em><\/h5>\n<\/blockquote>\n<p>[\/vc_column_text]<!-- Start Case Details \r\n    ============================================= -->\r\n    <div class=\"case-details-area default-padding\">\r\n        <div class=\"container\">\r\n            <div class=\"case-details-info\">\r\n                <div class=\"row\">\r\n                    <div class=\"col-md-12\">\r\n                        <div class=\"case-single-carousel owl-carousel owl-theme\"><\/div>\r\n                    <\/div>\r\n                <\/div>[vc_column_text css=&#8221;.vc_custom_1729529216021{margin-bottom: 25px !important;}&#8221;]<\/p>\n<h2 style=\"text-align: left;\"><strong>Informaci\u00f3n del Proyecto<\/strong><\/h2>\n<p>[\/vc_column_text][vc_column_text css=&#8221;&#8221;]El <strong>Ministerio de Justicia y Derechos Humanos del Per\u00fa<\/strong> es el organismo encargado de promover la protecci\u00f3n de los Derechos Humanos y el acceso a la justicia inclusiva y confiable en el pa\u00eds. Para ello, cuentan con \u00f3rganos adscritos encargados de cumplir con sus pol\u00edticas y garantizar sus objetivos misionales.<\/p>\n<p>Uno de ellos es el <strong>Instituto Nacional Penitenciario \u2013 INPE<\/strong>, encargado de dirigir y administrar el Sistema Nacional Penitenciario, realizar investigaciones sobre criminalidad y elaborar pol\u00edticas de prevenci\u00f3n del delito, entre otros. La Unidad de Estad\u00edstica del INPE buscaba generar un cambio a trav\u00e9s de los resultados del manejo y an\u00e1lisis de datos en la gesti\u00f3n p\u00fablica.<\/p>\n<p>Sin embargo, se encontraron con dos retos:<\/p>\n<p>Trabajar con grandes vol\u00famenes de informaci\u00f3n estad\u00edstica.<\/p>\n<p>No contar con el conocimiento suficiente para realizar adecuadamente un an\u00e1lisis riguroso.<\/p>\n<p>Estos obst\u00e1culos se tradujeron en p\u00e9rdidas de oportunidades y de datos que no pudieron ser transformados en informaci\u00f3n de valor. Por ejemplo, recib\u00edan datos de distintas partes del Per\u00fa y no pod\u00edan consolidarlos o hacer un reporte descriptivo.<\/p>\n<p>Esta situaci\u00f3n los motiv\u00f3 a implementar <strong>IBM SPSS Statistics<\/strong> y capacitarse en su uso para:<\/p>\n<p>Optimizar su rendimiento.<\/p>\n<p>Mejorar su desempe\u00f1o laboral.<\/p>\n<p>Ser eficaces y eficientes en el an\u00e1lisis de datos estad\u00edsticos.<\/p>\n<p>Asimismo, han logrado trabajar con datos de m\u00faltiples fuentes y utilizarlos para generar:<\/p>\n<p>Informes tabulares.<\/p>\n<p>Gr\u00e1ficos y diagramas de distribuciones y tendencias.<\/p>\n<p>Estad\u00edsticos descriptivos.<\/p>\n<p>An\u00e1lisis estad\u00edsticos complejos.<\/p>\n<p>Con el dominio de esta herramienta, el personal de la <strong>Unidad de Estad\u00edstica del INPE<\/strong> tiene conocimiento para llevar a cabo an\u00e1lisis a detalle y gestionar correctamente la base de datos.<\/p>\n<p>Ahora, el 100% de los profesionales del INPE, conocen en el manejo del<strong> IBM SPSS<\/strong> y de cada 20 informes estad\u00edsticos, 18 se realizan con<strong> IBM SPSS Statistics<\/strong>.[\/vc_column_text]<\/div>\r\n        <\/div>\r\n    <\/div>\r\n    <!-- End Case Details --><\/div>\r\n    <\/div>\r\n    <!-- End Case Details -->[\/vc_column][\/vc_row]<\/p>\n<\/div>","protected":false},"excerpt":{"rendered":"<p>[vc_row][vc_column][\/vc_column][\/vc_row][vc_row][vc_column][vc_single_image image=&#8221;2508&#8243; img_size=&#8221;medium&#8221; alignment=&#8221;center&#8221; css=&#8221;&#8221;][vc_column_text css=&#8221;.vc_custom_1732505043759{margin-right: 10% !important;margin-left: 10% !important;}&#8221;] &#8220;Con la llegada de IBM SPSS Statistics los an\u00e1lisis se optimizaron. Anteriormente, los realizaban con hojas de c\u00e1lculo como Excel, lo cual no les permit\u00eda trabajar con grandes cantidades de informaci\u00f3n o reducir el tiempo de las tareas.&#8221; [\/vc_column_text][vc_column_text css=&#8221;.vc_custom_1729529216021{margin-bottom: 25px !important;}&#8221;] Informaci\u00f3n del Proyecto [&hellip;]<\/p>\n","protected":false},"author":1,"featured_media":0,"parent":0,"menu_order":0,"comment_status":"closed","ping_status":"closed","template":"page-templates\/pages.php","meta":{"_joinchat":[],"footnotes":""},"class_list":["post-2507","page","type-page","status-publish","hentry"],"_links":{"self":[{"href":"https:\/\/cala-analytics.com\/tezt\/wp-json\/wp\/v2\/pages\/2507","targetHints":{"allow":["GET"]}}],"collection":[{"href":"https:\/\/cala-analytics.com\/tezt\/wp-json\/wp\/v2\/pages"}],"about":[{"href":"https:\/\/cala-analytics.com\/tezt\/wp-json\/wp\/v2\/types\/page"}],"author":[{"embeddable":true,"href":"https:\/\/cala-analytics.com\/tezt\/wp-json\/wp\/v2\/users\/1"}],"replies":[{"embeddable":true,"href":"https:\/\/cala-analytics.com\/tezt\/wp-json\/wp\/v2\/comments?post=2507"}],"version-history":[{"count":3,"href":"https:\/\/cala-analytics.com\/tezt\/wp-json\/wp\/v2\/pages\/2507\/revisions"}],"predecessor-version":[{"id":2884,"href":"https:\/\/cala-analytics.com\/tezt\/wp-json\/wp\/v2\/pages\/2507\/revisions\/2884"}],"wp:attachment":[{"href":"https:\/\/cala-analytics.com\/tezt\/wp-json\/wp\/v2\/media?parent=2507"}],"curies":[{"name":"wp","href":"https:\/\/api.w.org\/{rel}","templated":true}]}}