{"id":2503,"date":"2024-11-11T18:21:24","date_gmt":"2024-11-11T23:21:24","guid":{"rendered":"https:\/\/cala-analytics.com\/tezt\/?page_id=2503"},"modified":"2024-11-24T21:54:41","modified_gmt":"2024-11-25T02:54:41","slug":"bienestar-familiar","status":"publish","type":"page","link":"https:\/\/cala-analytics.com\/tezt\/bienestar-familiar\/","title":{"rendered":"Bienestar Familiar"},"content":{"rendered":"<div class=\"wpb-content-wrapper\"><p>[vc_row][vc_column]\n\t\t\t\t<p class=\"rs-p-wp-fix\"><\/p>\n\t\t\t\t<sr7-module data-alias=\"color-back\" data-id=\"19\" id=\"SR7_19_1\" class=\"rs-ov-hidden\" data-version=\"6.7.23\">\n\t\t\t\t\t<sr7-adjuster><\/sr7-adjuster>\n\t\t\t\t\t<sr7-content>\n\t\t\t\t\t\t<sr7-slide id=\"SR7_19_1-63\" data-key=\"63\">\n\t\t\t\t\t\t<\/sr7-slide>\n\t\t\t\t\t\t<sr7-slide id=\"SR7_19_1-64\" data-key=\"64\">\n\t\t\t\t\t\t<\/sr7-slide>\n\t\t\t\t\t<\/sr7-content>\n\t\t\t\t\t<image_lists style=\"display:none\">\n\t\t\t\t\t\t<img data-src=\"\/\/cala-analytics.com\/tezt\/wp-content\/uploads\/2024\/11\/color-bann-M.png\" width=\"0\" height=\"0\" data-dbsrc=\"Ly9jYWxhLWFuYWx5dGljcy5jb20vdGV6dC93cC1jb250ZW50L3VwbG9hZHMvMjAyNC8xMS9jb2xvci1iYW5uLU0ucG5n\"\/>\n\t\t\t\t\t<\/image_lists>\n\t\t\t\t<\/sr7-module>\n\t\t\t\t<script>\n\t\t\t\t\tSR7.PMH ??={}; SR7.PMH[\"SR7_19_1\"] = {cn:100,state:false,fn: function() { if (_tpt!==undefined && _tpt.prepareModuleHeight !== undefined) {  _tpt.prepareModuleHeight({id:\"SR7_19_1\",el:[120,120,768,768,768],type:'standard',shdw:'0',gh:[120,120,95,95,95],gw:[2540,2540,1024,1024,1024],vpt:['-100px&#039;,&#039;-100px&#039;,&#039;-100px&#039;,&#039;-100px&#039;,&#039;-100px'],size:{fullWidth:true, fullHeight:false},mh:'0',onh:0,onw:0,bg:{color:'{\"orig\":\"transparent\",\"type\":\"solid\",\"string\":\"transparent\"}',image:{src:'https:\/\/cala-analytics.com\/tezt\/wp-content\/uploads\/2024\/11\/color-bann-M.png',size:'',position:'center center',repeat:''}}});   SR7.PMH[\"SR7_19_1\"].state=true;} else if(SR7.PMH[\"SR7_19_1\"].cn-->0)\tsetTimeout( SR7.PMH[\"SR7_19_1\"].fn,19);}};SR7.PMH[\"SR7_19_1\" ].fn();\n\t\t\t\t<\/script>\n[\/vc_column][\/vc_row][vc_row][vc_column]<!-- Start Case Details \r\n    ============================================= -->\r\n    <div class=\"case-details-area default-padding\">\r\n        <div class=\"container\">\r\n            <div class=\"case-details-info\">\r\n                <div class=\"row\">\r\n                    <div class=\"col-md-12\">\r\n                        <div class=\"case-single-carousel owl-carousel owl-theme\">[vc_single_image image=&#8221;2504&#8243; img_size=&#8221;medium&#8221; alignment=&#8221;center&#8221; css=&#8221;&#8221;]<\/div>\r\n                    <\/div>\r\n                <\/div><div class=\"case-basic mt-5 text-center\">\r\n                    <div class=\"row\"><div class=\"col-lg-3 col-md-6\">\r\n                            <div class=\"item\">\r\n                                <i class=\"fas fa-user\"><\/i>\r\n                                <h5>Cliente<\/h5>\r\n                                <span>BIENESTAR FAMILIAR<\/span>\r\n                            <\/div><\/div><div class=\"col-lg-3 col-md-6\">\r\n                            <div class=\"item\">\r\n                                <i class=\"fas fa-cog\"><\/i>\r\n                                <h5>Categor\u00eda<\/h5>\r\n                                <span>Sector Gobierno<\/span>\r\n                            <\/div><\/div><div class=\"col-lg-3 col-md-6\">\r\n                            <div class=\"item\">\r\n                                <i class=\"fas fa-clock\"><\/i>\r\n                                <h5>Objetivo del Proyecto<\/h5>\r\n                                <span>Combatir la desnutrici\u00f3n de los ni\u00f1os de comunidades ind\u00edgenas de La Guajira.<\/span>\r\n                            <\/div><\/div><div class=\"col-lg-3 col-md-6\">\r\n                            <div class=\"item\">\r\n                                <i class=\"fas fa-globe\"><\/i>\r\n                                <h5>Soluci\u00f3n<\/h5>\r\n                                <span>IBM SPSS Modeler- EntityAnalytics Solutions, implementar un modelo anal\u00edtico con t\u00e9cnicas de Microfocalizaci\u00f3n y Georreferenciaci\u00f3n.<\/span>\r\n                            <\/div><\/div><\/div>\r\n        <\/div>\r\n    <\/div>\r\n    <!-- End Case Details --><\/div>\r\n    <\/div>\r\n    <!-- End Case Details -->[vc_column_text css=&#8221;.vc_custom_1732503257056{margin-right: 10% !important;margin-left: 10% !important;}&#8221;]<\/p>\n<blockquote>\n<h5 style=\"text-align: center;\"><em>&#8220;Gracias al uso de<strong> herramientas anal\u00edticas<\/strong>, el Gobierno y el Instituto Colombiano de Bienestar Familiar (ICBF), pudieron lograr el principal objetivo misional de la entidad y as\u00ed continuar trabajando con calidad y transparencia por el<strong> desarrollo y la protecci\u00f3n integral<\/strong> de la primera infancia, la ni\u00f1ez, la adolescencia y el bienestar de las familias colombianas.&#8221;<\/em><\/h5>\n<\/blockquote>\n<p>[\/vc_column_text]<!-- Start Case Details \r\n    ============================================= -->\r\n    <div class=\"case-details-area default-padding\">\r\n        <div class=\"container\">\r\n            <div class=\"case-details-info\">\r\n                <div class=\"row\">\r\n                    <div class=\"col-md-12\">\r\n                        <div class=\"case-single-carousel owl-carousel owl-theme\"><\/div>\r\n                    <\/div>\r\n                <\/div>[vc_column_text css=&#8221;.vc_custom_1729529216021{margin-bottom: 25px !important;}&#8221;]<\/p>\n<h2 style=\"text-align: left;\"><strong>Informaci\u00f3n del Proyecto<\/strong><\/h2>\n<p>[\/vc_column_text][vc_column_text css=&#8221;&#8221;]El <strong>ICBF<\/strong> es la entidad del Estado colombiano que trabaja por la prevenci\u00f3n y protecci\u00f3n integral de la primera infancia, infancia y adolescencia, el fortalecimiento de los j\u00f3venes y las familias en Colombia, brindando atenci\u00f3n especialmente a aquellos en condiciones de amenaza, inobservancia o vulneraci\u00f3n de sus derechos, llegando a cerca de 3 millones de colombianos con sus programas, estrategias y servicios de atenci\u00f3n con 33 sedes regionales y 215 centros zonales en todo el pa\u00eds.<\/p>\n<p>La toma de decisiones en el sector privado y p\u00fablico se ha convertido en un proceso complejo donde las soluciones anal\u00edticas entregan ventajas incalculables en materia de recursos p\u00fablicos y bienestar social. Ahorrar, focalizar e incrementar la eficiencia de los proyectos gubernamentales ha sido posible gracias a la tecnolog\u00eda.<\/p>\n<p>En este caso, el objetivo del proyecto consist\u00eda en combatir la desnutrici\u00f3n de los ni\u00f1os de comunidades ind\u00edgenas de La Guajira, para ello se deb\u00eda iniciar con una microfocalizaci\u00f3n en Riohacha, Uribia, Manaure y Maicao, la cual esperaba llegar a m\u00e1s de 200 comunidades para determinar la condici\u00f3n de los ni\u00f1os, ni\u00f1as y adolescentes, y disponer su atenci\u00f3n en forma inmediata para desarrollar de forma articulada y con enfoque diferencial las pol\u00edticas, programas y servicios de atenci\u00f3n a la poblaci\u00f3n m\u00e1s vulnerable.<\/p>\n<p>Sin embargo, una de las debilidades para lograr estos objetivos era la ausencia de informaci\u00f3n detallada de las familias, su composici\u00f3n, ubicaci\u00f3n geogr\u00e1fica y necesidades de atenci\u00f3n, debido a las condiciones propias del territorio y caracter\u00edsticas culturales de las comunidades.<\/p>\n<p>A partir de esta necesidad se implementaron tecnolog\u00edas anal\u00edticas robustas al servicio de la ciudadan\u00eda, permitiendo centralizar toda la informaci\u00f3n para darle un manejo inteligente. Para ello se realiz\u00f3 un modelo anal\u00edtico con t\u00e9cnicas de Georreferenciaci\u00f3n para ubicar y caracterizar las rancher\u00edas del departamento de La Guajira para poder acceder a ellas y as\u00ed darle una atenci\u00f3n oportuna a su comunidad.<\/p>\n<p>Este proyecto impact\u00f3 significativamente a la poblaci\u00f3n, ya que se pudo identificar y atender m\u00e1s de 34.000 ni\u00f1os desnutridos, distribuir m\u00e1s de 4\u2019000.000 de suplementos diet\u00e9ticos a la comunidad y entregar 18.000 raciones de alimentos de emergencia para todo el n\u00facleo familiar. Se aument\u00f3 la cobertura de atenci\u00f3n y se redujo la tasa de mortalidad infantil, determinando las condiciones de nutrici\u00f3n y socio-familiar de los ni\u00f1os, ni\u00f1as, adolescentes, mujeres gestantes y sus familias, movilizando la oferta intersectorial del Estado y la entidad territorial, partiendo de la identificaci\u00f3n de la poblaci\u00f3n en situaci\u00f3n de vulnerabilidad y remiti\u00e9ndolos seg\u00fan esquema de atenci\u00f3n integral.<\/p>\n<p>En la pr\u00e1ctica, esta soluci\u00f3n permiti\u00f3 conocer su ubicaci\u00f3n, desplazamientos, atenci\u00f3n, mejorar la calidad de los datos, encontrar si hab\u00eda duplicidad e inconsistencia en las bases de datos, identificar gr\u00e1ficamente necesidades vs coberturas de atenci\u00f3n, dise\u00f1ar rutas de procesos y atenci\u00f3n a poblaci\u00f3n vulnerable. Automatizando procesos complejos, integrando diferentes fuentes de datos y encontrando informaci\u00f3n de valor que permiti\u00f3 mejorar la efectividad y disminuir los tiempos de ejecuci\u00f3n.<\/p>\n<p>Desde el equipo de <strong>CALA Analytics<\/strong> by <strong>INF\u00d3RMESE<\/strong> continuamos contribuyendo en la construcci\u00f3n de un mejor pa\u00eds, brindando las herramientas anal\u00edticas necesarias para que las organizaciones y el Gobierno tomen decisiones informadas a partir del an\u00e1lisis de su <strong>DATAVERSO<\/strong>.[\/vc_column_text]<\/div>\r\n        <\/div>\r\n    <\/div>\r\n    <!-- End Case Details --><\/div>\r\n    <\/div>\r\n    <!-- End Case Details -->[\/vc_column][\/vc_row]<\/p>\n<\/div>","protected":false},"excerpt":{"rendered":"<p>[vc_row][vc_column][\/vc_column][\/vc_row][vc_row][vc_column][vc_single_image image=&#8221;2504&#8243; img_size=&#8221;medium&#8221; alignment=&#8221;center&#8221; css=&#8221;&#8221;][vc_column_text css=&#8221;.vc_custom_1732503257056{margin-right: 10% !important;margin-left: 10% !important;}&#8221;] &#8220;Gracias al uso de herramientas anal\u00edticas, el Gobierno y el Instituto Colombiano de Bienestar Familiar (ICBF), pudieron lograr el principal objetivo misional de la entidad y as\u00ed continuar trabajando con calidad y transparencia por el desarrollo y la protecci\u00f3n integral de la primera infancia, la [&hellip;]<\/p>\n","protected":false},"author":1,"featured_media":0,"parent":0,"menu_order":0,"comment_status":"closed","ping_status":"closed","template":"page-templates\/pages.php","meta":{"_joinchat":[],"footnotes":""},"class_list":["post-2503","page","type-page","status-publish","hentry"],"_links":{"self":[{"href":"https:\/\/cala-analytics.com\/tezt\/wp-json\/wp\/v2\/pages\/2503","targetHints":{"allow":["GET"]}}],"collection":[{"href":"https:\/\/cala-analytics.com\/tezt\/wp-json\/wp\/v2\/pages"}],"about":[{"href":"https:\/\/cala-analytics.com\/tezt\/wp-json\/wp\/v2\/types\/page"}],"author":[{"embeddable":true,"href":"https:\/\/cala-analytics.com\/tezt\/wp-json\/wp\/v2\/users\/1"}],"replies":[{"embeddable":true,"href":"https:\/\/cala-analytics.com\/tezt\/wp-json\/wp\/v2\/comments?post=2503"}],"version-history":[{"count":4,"href":"https:\/\/cala-analytics.com\/tezt\/wp-json\/wp\/v2\/pages\/2503\/revisions"}],"predecessor-version":[{"id":2846,"href":"https:\/\/cala-analytics.com\/tezt\/wp-json\/wp\/v2\/pages\/2503\/revisions\/2846"}],"wp:attachment":[{"href":"https:\/\/cala-analytics.com\/tezt\/wp-json\/wp\/v2\/media?parent=2503"}],"curies":[{"name":"wp","href":"https:\/\/api.w.org\/{rel}","templated":true}]}}