{"id":2492,"date":"2024-11-11T18:04:34","date_gmt":"2024-11-11T23:04:34","guid":{"rendered":"https:\/\/cala-analytics.com\/tezt\/?page_id=2492"},"modified":"2024-11-24T22:21:24","modified_gmt":"2024-11-25T03:21:24","slug":"grupo-dis","status":"publish","type":"page","link":"https:\/\/cala-analytics.com\/tezt\/grupo-dis\/","title":{"rendered":"Grupo DIS"},"content":{"rendered":"<div class=\"wpb-content-wrapper\"><p>[vc_row][vc_column]\n\t\t\t\t<p class=\"rs-p-wp-fix\"><\/p>\n\t\t\t\t<sr7-module data-alias=\"color-back\" data-id=\"19\" id=\"SR7_19_1\" class=\"rs-ov-hidden\" data-version=\"6.7.23\">\n\t\t\t\t\t<sr7-adjuster><\/sr7-adjuster>\n\t\t\t\t\t<sr7-content>\n\t\t\t\t\t\t<sr7-slide id=\"SR7_19_1-63\" data-key=\"63\">\n\t\t\t\t\t\t<\/sr7-slide>\n\t\t\t\t\t\t<sr7-slide id=\"SR7_19_1-64\" data-key=\"64\">\n\t\t\t\t\t\t<\/sr7-slide>\n\t\t\t\t\t<\/sr7-content>\n\t\t\t\t\t<image_lists style=\"display:none\">\n\t\t\t\t\t\t<img data-src=\"\/\/cala-analytics.com\/tezt\/wp-content\/uploads\/2024\/11\/color-bann-M.png\" width=\"0\" height=\"0\" data-dbsrc=\"Ly9jYWxhLWFuYWx5dGljcy5jb20vdGV6dC93cC1jb250ZW50L3VwbG9hZHMvMjAyNC8xMS9jb2xvci1iYW5uLU0ucG5n\"\/>\n\t\t\t\t\t<\/image_lists>\n\t\t\t\t<\/sr7-module>\n\t\t\t\t<script>\n\t\t\t\t\tSR7.PMH ??={}; SR7.PMH[\"SR7_19_1\"] = {cn:100,state:false,fn: function() { if (_tpt!==undefined && _tpt.prepareModuleHeight !== undefined) {  _tpt.prepareModuleHeight({id:\"SR7_19_1\",el:[120,120,768,768,768],type:'standard',shdw:'0',gh:[120,120,95,95,95],gw:[2540,2540,1024,1024,1024],vpt:['-100px&#039;,&#039;-100px&#039;,&#039;-100px&#039;,&#039;-100px&#039;,&#039;-100px'],size:{fullWidth:true, fullHeight:false},mh:'0',onh:0,onw:0,bg:{color:'{\"orig\":\"transparent\",\"type\":\"solid\",\"string\":\"transparent\"}',image:{src:'https:\/\/cala-analytics.com\/tezt\/wp-content\/uploads\/2024\/11\/color-bann-M.png',size:'',position:'center center',repeat:''}}});   SR7.PMH[\"SR7_19_1\"].state=true;} else if(SR7.PMH[\"SR7_19_1\"].cn-->0)\tsetTimeout( SR7.PMH[\"SR7_19_1\"].fn,19);}};SR7.PMH[\"SR7_19_1\" ].fn();\n\t\t\t\t<\/script>\n[\/vc_column][\/vc_row][vc_row][vc_column]<!-- Start Case Details \r\n    ============================================= -->\r\n    <div class=\"case-details-area default-padding\">\r\n        <div class=\"container\">\r\n            <div class=\"case-details-info\">\r\n                <div class=\"row\">\r\n                    <div class=\"col-md-12\">\r\n                        <div class=\"case-single-carousel owl-carousel owl-theme\">[vc_single_image image=&#8221;2493&#8243; img_size=&#8221;medium&#8221; alignment=&#8221;center&#8221; css=&#8221;&#8221;]<\/div>\r\n                    <\/div>\r\n                <\/div><div class=\"case-basic mt-5 text-center\">\r\n                    <div class=\"row\"><div class=\"col-lg-3 col-md-6\">\r\n                            <div class=\"item\">\r\n                                <i class=\"fas fa-user\"><\/i>\r\n                                <h5>Cliente<\/h5>\r\n                                <span>GRUPO DIS<\/span>\r\n                            <\/div><\/div><div class=\"col-lg-3 col-md-6\">\r\n                            <div class=\"item\">\r\n                                <i class=\"fas fa-cog\"><\/i>\r\n                                <h5>Categor\u00eda<\/h5>\r\n                                <span>Sector Financiero<\/span>\r\n                            <\/div><\/div><div class=\"col-lg-3 col-md-6\">\r\n                            <div class=\"item\">\r\n                                <i class=\"fas fa-clock\"><\/i>\r\n                                <h5>Objetivo del Proyecto<\/h5>\r\n                                <span>Determinar las caracter\u00edsticas de los participantes del programa 4e para garantizar un mayor impacto.<\/span>\r\n                            <\/div><\/div><div class=\"col-lg-3 col-md-6\">\r\n                            <div class=\"item\">\r\n                                <i class=\"fas fa-globe\"><\/i>\r\n                                <h5>Soluci\u00f3n<\/h5>\r\n                                <span>IBM SPSS Statistics y an\u00e1lisis cl\u00faster para generar perfiles de tenderos en cada pa\u00eds y brindar recomendaciones para la implementaci\u00f3n del programa seg\u00fan sus caracter\u00edsticas.<\/span>\r\n                            <\/div><\/div><\/div>\r\n        <\/div>\r\n    <\/div>\r\n    <!-- End Case Details --><\/div>\r\n    <\/div>\r\n    <!-- End Case Details -->[vc_column_text css=&#8221;.vc_custom_1732504877556{margin-right: 10% !important;margin-left: 10% !important;}&#8221;]<\/p>\n<blockquote>\n<h5 style=\"text-align: center;\"><em>&#8220;<strong>IBM SPSS Statistics<\/strong> es una herramienta f\u00e1cil de usar, tiene una variedad de alternativas para la resoluci\u00f3n de problem\u00e1ticas que se presentan en la organizaci\u00f3n, ofrece seguridad en el manejo de informaci\u00f3n y aplicaciones que, en herramientas como Excel, no existen.&#8221;<\/em><\/h5>\n<h6 style=\"text-align: center;\"><strong><em>Rafael David L\u00f3pez Ospina<\/em><\/strong><br \/>\n<em>Profesional estad\u00edstico<\/em><\/h6>\n<\/blockquote>\n<p>[\/vc_column_text]<!-- Start Case Details \r\n    ============================================= -->\r\n    <div class=\"case-details-area default-padding\">\r\n        <div class=\"container\">\r\n            <div class=\"case-details-info\">\r\n                <div class=\"row\">\r\n                    <div class=\"col-md-12\">\r\n                        <div class=\"case-single-carousel owl-carousel owl-theme\"><\/div>\r\n                    <\/div>\r\n                <\/div>[vc_column_text css=&#8221;.vc_custom_1729529216021{margin-bottom: 25px !important;}&#8221;]<\/p>\n<h2 style=\"text-align: left;\"><strong>Informaci\u00f3n del Proyecto<\/strong><\/h2>\n<p>[\/vc_column_text][vc_column_text css=&#8221;&#8221;]La <strong>Fundaci\u00f3n DIS<\/strong> fue creada en Bogot\u00e1 en el a\u00f1o 2005 como una entidad sin \u00e1nimo de lucro, conformada por personas con experiencia y trayectoria en el campo de la responsabilidad social empresarial, la gesti\u00f3n de organizaciones sociales e instituciones p\u00fablicas en Colombia y Am\u00e9rica Latina. As\u00ed, su misi\u00f3n es promover la efectividad de las organizaciones sociales y de la inversi\u00f3n social p\u00fablica y privada en Colombia. Dentro de los proyectos desarrollados, la Fundaci\u00f3n realiz\u00f3 la evaluaci\u00f3n de impacto del programa 4e Camino al Progreso de SABMiller, actualmente AB InBev, en sus dos a\u00f1os de ejecuci\u00f3n en:<\/p>\n<p>Colombia<\/p>\n<p>Per\u00fa<\/p>\n<p>Ecuador<\/p>\n<p>Honduras<\/p>\n<p>El Salvador<\/p>\n<p>Panam\u00e1<\/p>\n<p>Este programa consiste en cuatro etapas de formaci\u00f3n a tenderos para mejorar y potenciar sus h\u00e1bitos en el manejo de las tiendas, desarrollo del n\u00facleo familiar y eventualmente, generar capacidades de liderazgo de los tenderos en la comunidad. En el marco de este proyecto, era necesario poder identificar el perfil del tendero que tendr\u00eda un mayor impacto con el programa 4e. Sin embargo, se enfrentaban a un reto: El gran volumen de informaci\u00f3n y hasta 140 variables.<\/p>\n<p>Adicionalmente, contaban con informaci\u00f3n que no pod\u00edan categorizar para diferenciar cada factor clave en los resultados. Asimismo, para cada pa\u00eds ten\u00edan una variaci\u00f3n porcentual del impacto del programa, pero desconoc\u00edan los factores o caracter\u00edsticas de tenderos que registraron un porcentaje superior o inferior.<\/p>\n<p>\u201c<em>Las capacitaciones fueron \u00fatiles, teniendo en cuenta que a trav\u00e9s de ejemplos, ejercicios pr\u00e1cticos y aplicables conocimos las diferentes alternativas estad\u00edsticas para trabajar y construir modelos robustos en la organizaci\u00f3n<\/em>\u201d Rafael David L\u00f3pez Ospina, Profesional estad\u00edstico, Compensar.<\/p>\n<p>Fortalecidos con nuevas herramientas y conocimientos, lograron mejorar sus procesos y cumplir sus objetivos. Revisando la informaci\u00f3n desde diferentes fuentes y formatos, as\u00ed como an\u00e1lisis estad\u00edsticos gr\u00e1ficos aplicados con la herramienta.<\/p>\n<p>Actualmente, son capaces de analizar 100.000 registros de clientes con 50 variables, potenciando el an\u00e1lisis de asignaci\u00f3n de cr\u00e9dito. Ahora, Compensar se prepara para alinear los modelos de otorgamiento de cr\u00e9dito al componente anal\u00edtico para asignar cr\u00e9ditos a sus clientes con un mayor grado de acierto.<\/p>\n<p>\u201c<em><strong>IBM SPSS Statistics<\/strong> es una herramienta f\u00e1cil de usar, tiene una variedad de alternativas para la resoluci\u00f3n de problem\u00e1ticas que se presentan en la organizaci\u00f3n, ofrece seguridad en el manejo de informaci\u00f3n y aplicaciones que en herramientas como Excel, no existen<\/em>\u201d Rafael David L\u00f3pez Ospina,<br \/>\nProfesional estad\u00edstico, Compensar.<\/p>\n<p>En <strong>CALA Analytics<\/strong> sabemos c\u00f3mo ayudarte a potenciar tus datos y a mejorar la toma de decisiones aprovechando el poder de tu <strong>DATAVERSO<\/strong>.[\/vc_column_text]<\/div>\r\n        <\/div>\r\n    <\/div>\r\n    <!-- End Case Details --><\/div>\r\n    <\/div>\r\n    <!-- End Case Details -->[\/vc_column][\/vc_row]<\/p>\n<\/div>","protected":false},"excerpt":{"rendered":"<p>[vc_row][vc_column][\/vc_column][\/vc_row][vc_row][vc_column][vc_single_image image=&#8221;2493&#8243; img_size=&#8221;medium&#8221; alignment=&#8221;center&#8221; css=&#8221;&#8221;][vc_column_text css=&#8221;.vc_custom_1732504877556{margin-right: 10% !important;margin-left: 10% !important;}&#8221;] &#8220;IBM SPSS Statistics es una herramienta f\u00e1cil de usar, tiene una variedad de alternativas para la resoluci\u00f3n de problem\u00e1ticas que se presentan en la organizaci\u00f3n, ofrece seguridad en el manejo de informaci\u00f3n y aplicaciones que, en herramientas como Excel, no existen.&#8221; Rafael David L\u00f3pez Ospina [&hellip;]<\/p>\n","protected":false},"author":1,"featured_media":0,"parent":0,"menu_order":0,"comment_status":"closed","ping_status":"closed","template":"page-templates\/pages.php","meta":{"_joinchat":[],"footnotes":""},"class_list":["post-2492","page","type-page","status-publish","hentry"],"_links":{"self":[{"href":"https:\/\/cala-analytics.com\/tezt\/wp-json\/wp\/v2\/pages\/2492","targetHints":{"allow":["GET"]}}],"collection":[{"href":"https:\/\/cala-analytics.com\/tezt\/wp-json\/wp\/v2\/pages"}],"about":[{"href":"https:\/\/cala-analytics.com\/tezt\/wp-json\/wp\/v2\/types\/page"}],"author":[{"embeddable":true,"href":"https:\/\/cala-analytics.com\/tezt\/wp-json\/wp\/v2\/users\/1"}],"replies":[{"embeddable":true,"href":"https:\/\/cala-analytics.com\/tezt\/wp-json\/wp\/v2\/comments?post=2492"}],"version-history":[{"count":4,"href":"https:\/\/cala-analytics.com\/tezt\/wp-json\/wp\/v2\/pages\/2492\/revisions"}],"predecessor-version":[{"id":2880,"href":"https:\/\/cala-analytics.com\/tezt\/wp-json\/wp\/v2\/pages\/2492\/revisions\/2880"}],"wp:attachment":[{"href":"https:\/\/cala-analytics.com\/tezt\/wp-json\/wp\/v2\/media?parent=2492"}],"curies":[{"name":"wp","href":"https:\/\/api.w.org\/{rel}","templated":true}]}}