{"id":2489,"date":"2024-11-11T17:59:33","date_gmt":"2024-11-11T22:59:33","guid":{"rendered":"https:\/\/cala-analytics.com\/tezt\/?page_id=2489"},"modified":"2024-11-24T22:14:23","modified_gmt":"2024-11-25T03:14:23","slug":"fiducoomeva","status":"publish","type":"page","link":"https:\/\/cala-analytics.com\/tezt\/fiducoomeva\/","title":{"rendered":"Fiducoomeva"},"content":{"rendered":"<div class=\"wpb-content-wrapper\"><p>[vc_row][vc_column]\n\t\t\t\t<p class=\"rs-p-wp-fix\"><\/p>\n\t\t\t\t<sr7-module data-alias=\"color-back\" data-id=\"19\" id=\"SR7_19_1\" class=\"rs-ov-hidden\" data-version=\"6.7.23\">\n\t\t\t\t\t<sr7-adjuster><\/sr7-adjuster>\n\t\t\t\t\t<sr7-content>\n\t\t\t\t\t\t<sr7-slide id=\"SR7_19_1-63\" data-key=\"63\">\n\t\t\t\t\t\t<\/sr7-slide>\n\t\t\t\t\t\t<sr7-slide id=\"SR7_19_1-64\" data-key=\"64\">\n\t\t\t\t\t\t<\/sr7-slide>\n\t\t\t\t\t<\/sr7-content>\n\t\t\t\t\t<image_lists style=\"display:none\">\n\t\t\t\t\t\t<img data-src=\"\/\/cala-analytics.com\/tezt\/wp-content\/uploads\/2024\/11\/color-bann-M.png\" width=\"0\" height=\"0\" data-dbsrc=\"Ly9jYWxhLWFuYWx5dGljcy5jb20vdGV6dC93cC1jb250ZW50L3VwbG9hZHMvMjAyNC8xMS9jb2xvci1iYW5uLU0ucG5n\"\/>\n\t\t\t\t\t<\/image_lists>\n\t\t\t\t<\/sr7-module>\n\t\t\t\t<script>\n\t\t\t\t\tSR7.PMH ??={}; SR7.PMH[\"SR7_19_1\"] = {cn:100,state:false,fn: function() { if (_tpt!==undefined && _tpt.prepareModuleHeight !== undefined) {  _tpt.prepareModuleHeight({id:\"SR7_19_1\",el:[120,120,768,768,768],type:'standard',shdw:'0',gh:[120,120,95,95,95],gw:[2540,2540,1024,1024,1024],vpt:['-100px&#039;,&#039;-100px&#039;,&#039;-100px&#039;,&#039;-100px&#039;,&#039;-100px'],size:{fullWidth:true, fullHeight:false},mh:'0',onh:0,onw:0,bg:{color:'{\"orig\":\"transparent\",\"type\":\"solid\",\"string\":\"transparent\"}',image:{src:'https:\/\/cala-analytics.com\/tezt\/wp-content\/uploads\/2024\/11\/color-bann-M.png',size:'',position:'center center',repeat:''}}});   SR7.PMH[\"SR7_19_1\"].state=true;} else if(SR7.PMH[\"SR7_19_1\"].cn-->0)\tsetTimeout( SR7.PMH[\"SR7_19_1\"].fn,19);}};SR7.PMH[\"SR7_19_1\" ].fn();\n\t\t\t\t<\/script>\n[\/vc_column][\/vc_row][vc_row][vc_column]<!-- Start Case Details \r\n    ============================================= -->\r\n    <div class=\"case-details-area default-padding\">\r\n        <div class=\"container\">\r\n            <div class=\"case-details-info\">\r\n                <div class=\"row\">\r\n                    <div class=\"col-md-12\">\r\n                        <div class=\"case-single-carousel owl-carousel owl-theme\">[vc_single_image image=&#8221;2429&#8243; img_size=&#8221;medium&#8221; alignment=&#8221;center&#8221; css=&#8221;&#8221;]<\/div>\r\n                    <\/div>\r\n                <\/div><div class=\"case-basic mt-5 text-center\">\r\n                    <div class=\"row\"><div class=\"col-lg-3 col-md-6\">\r\n                            <div class=\"item\">\r\n                                <i class=\"fas fa-user\"><\/i>\r\n                                <h5>Cliente<\/h5>\r\n                                <span>FIDUCOOMEVA<\/span>\r\n                            <\/div><\/div><div class=\"col-lg-3 col-md-6\">\r\n                            <div class=\"item\">\r\n                                <i class=\"fas fa-cog\"><\/i>\r\n                                <h5>Categor\u00eda<\/h5>\r\n                                <span>Sector Financiero<\/span>\r\n                            <\/div><\/div><div class=\"col-lg-3 col-md-6\">\r\n                            <div class=\"item\">\r\n                                <i class=\"fas fa-clock\"><\/i>\r\n                                <h5>Objetivo del Proyecto<\/h5>\r\n                                <span>Construir modelos de segmentaci\u00f3n de los factores de riesgo LA\/FT y dise\u00f1ar se\u00f1ales de alerta.<\/span>\r\n                            <\/div><\/div><div class=\"col-lg-3 col-md-6\">\r\n                            <div class=\"item\">\r\n                                <i class=\"fas fa-globe\"><\/i>\r\n                                <h5>Soluci\u00f3n<\/h5>\r\n                                <span>Implementaci\u00f3n de IBM SPSS Modeler para el proceso de segmentaci\u00f3n de la entidad.<\/span>\r\n                            <\/div><\/div><\/div>\r\n        <\/div>\r\n    <\/div>\r\n    <!-- End Case Details --><\/div>\r\n    <\/div>\r\n    <!-- End Case Details -->[vc_column_text css=&#8221;.vc_custom_1732504456393{margin-right: 10% !important;margin-left: 10% !important;}&#8221;]<\/p>\n<blockquote>\n<h5 style=\"text-align: center;\"><em>&#8220;En las entidades manejamos grandes vol\u00famenes de datos y gracias a<strong> IBM SPSS Modeler<\/strong> hemos disminuido tiempos de ejecuci\u00f3n de los modelos, hemos automatizado procesos, nos integramos f\u00e1cilmente con otras aplicaciones y estamos <strong>generando reportes para diferentes \u00e1reas y entidades<\/strong> reguladoras de manera \u00e1gil y r\u00e1pida.&#8221;<\/em><\/h5>\n<h6 style=\"text-align: center;\"><strong><em>Katherine Agudelo Escobar<\/em><\/strong><br \/>\n<em>Analista SARLAFT<\/em><\/h6>\n<\/blockquote>\n<p>[\/vc_column_text]<!-- Start Case Details \r\n    ============================================= -->\r\n    <div class=\"case-details-area default-padding\">\r\n        <div class=\"container\">\r\n            <div class=\"case-details-info\">\r\n                <div class=\"row\">\r\n                    <div class=\"col-md-12\">\r\n                        <div class=\"case-single-carousel owl-carousel owl-theme\"><\/div>\r\n                    <\/div>\r\n                <\/div>[vc_column_text css=&#8221;.vc_custom_1729529216021{margin-bottom: 25px !important;}&#8221;]<\/p>\n<h2 style=\"text-align: left;\"><strong>Informaci\u00f3n del Proyecto<\/strong><\/h2>\n<p>[\/vc_column_text][vc_column_text css=&#8221;&#8221;]<strong>Fiduciaria Coomeva S.A. (Fiduccomeva S.A.)<\/strong>, constitu\u00edda el 25 de mayo de 2016, es filial de Bancoomeva S.A y perteneciente al Grupo Empresarial Cooperativo Coomeva. <strong>Fiducoomeva<\/strong> es una entidad miembro del Autorregulador del Mercado de Valores y vigilada por la Superintendencia Financiera de Colombia.<\/p>\n<p>Coomeva se enfoca en satisfacer las necesidades de inversi\u00f3n y administraci\u00f3n de la comunidad en general, focalizada en el segmento de Asociados a Coomeva y sus empresas, garantizando la excelencia en la prestaci\u00f3n del servicio e innovaci\u00f3n de sus productos y procesos.<\/p>\n<p>La <strong>Fiduciaria Coomeva<\/strong> requer\u00eda contar con una herramienta potente y confiable que le permitiera construir modelos anal\u00edticos flexibles para analizar y segmentar a sus clientes, canales, productos y jurisdicciones e identificar las diferentes aristas del negocio para contar con mejores controles y detectar de manera temprana las irregularidades o se\u00f1ales inusuales en sus comportamientos de una manera \u00e1gil y eficaz, permitiendo as\u00ed el fortalecimiento de su sistema de prevenci\u00f3n de lavado de activos y financiamiento al terrorismo <strong>(SARLAFT)<\/strong>.<\/p>\n<p><strong>Fiduciaria Coomeva<\/strong> contaba con una aplicaci\u00f3n para realizar todo el proceso de segmentaci\u00f3n; sin embargo, las limitaciones que presentaba la herramienta contribu\u00edan al aumento en los tiempos de ejecuci\u00f3n y en diferentes procesos c\u00f3mo: el cargue de los registros, la asignaci\u00f3n de alertas, ya que no permit\u00eda realizar modificaciones, ni cambio de par\u00e1metros y de umbrales, lo que limitaba su radio de ejecuci\u00f3n.<\/p>\n<p>Con el apoyo del equipo de consultor\u00eda de<strong> CALA ANALYTICS<\/strong>, Fiduciaria Coomeva est\u00e1 sacando el m\u00e1ximo provecho de la anal\u00edtica avanzada, los modelos de segmentaci\u00f3n construidos permiten conocer el perfil de sus clientes y dem\u00e1s factores de riesgo e identificar inusualidades en su comportamiento para fortalecer la prevenci\u00f3n de lavado de activos y financiaci\u00f3n del terrorismo.<\/p>\n<p>\u201c<em>En las entidades manejamos grandes vol\u00famenes de datos y gracias a <strong>IBM SPSS Modeler<\/strong> hemos disminuido tiempos de ejecuci\u00f3n de los modelos, hemos automatizado procesos, nos integramos f\u00e1cilmente con otras aplicaciones y estamos generando reportes para diferentes \u00e1reas y entidades reguladoras de manera \u00e1gil y r\u00e1pida<\/em>\u201d Katherine Agudelo Escobar, Analista SARLAFT, Fiduciaria Coomeva<\/p>\n<p>\u201c<em>Hoy en d\u00eda la Superintendencia Financiera ha planteado una gu\u00eda de aspectos que se deben tener en cuenta al momento de realizar procesos de segmentaci\u00f3n y gracias al uso de<\/em> <strong>IBM SPSS Modeler<\/strong> fue posible llevarlos a cabo de una manera satisfactoria\u201d. Katherine Agudelo Escobar, Analista SARLAFT, Fiduciaria Coomeva<\/p>\n<p>Actualmente, <strong>Grupo Coomeva<\/strong> contin\u00faa trabajando en el fortalecimiento de sus procesos a trav\u00e9s de capacidades anal\u00edticas y extendiendo el modelo a Bancoomeva y sus dem\u00e1s entidades.[\/vc_column_text]<\/div>\r\n        <\/div>\r\n    <\/div>\r\n    <!-- End Case Details --><\/div>\r\n    <\/div>\r\n    <!-- End Case Details -->[\/vc_column][\/vc_row]<\/p>\n<\/div>","protected":false},"excerpt":{"rendered":"<p>[vc_row][vc_column][\/vc_column][\/vc_row][vc_row][vc_column][vc_single_image image=&#8221;2429&#8243; img_size=&#8221;medium&#8221; alignment=&#8221;center&#8221; css=&#8221;&#8221;][vc_column_text css=&#8221;.vc_custom_1732504456393{margin-right: 10% !important;margin-left: 10% !important;}&#8221;] &#8220;En las entidades manejamos grandes vol\u00famenes de datos y gracias a IBM SPSS Modeler hemos disminuido tiempos de ejecuci\u00f3n de los modelos, hemos automatizado procesos, nos integramos f\u00e1cilmente con otras aplicaciones y estamos generando reportes para diferentes \u00e1reas y entidades reguladoras de manera \u00e1gil y [&hellip;]<\/p>\n","protected":false},"author":1,"featured_media":0,"parent":0,"menu_order":0,"comment_status":"closed","ping_status":"closed","template":"page-templates\/pages.php","meta":{"_joinchat":[],"footnotes":""},"class_list":["post-2489","page","type-page","status-publish","hentry"],"_links":{"self":[{"href":"https:\/\/cala-analytics.com\/tezt\/wp-json\/wp\/v2\/pages\/2489","targetHints":{"allow":["GET"]}}],"collection":[{"href":"https:\/\/cala-analytics.com\/tezt\/wp-json\/wp\/v2\/pages"}],"about":[{"href":"https:\/\/cala-analytics.com\/tezt\/wp-json\/wp\/v2\/types\/page"}],"author":[{"embeddable":true,"href":"https:\/\/cala-analytics.com\/tezt\/wp-json\/wp\/v2\/users\/1"}],"replies":[{"embeddable":true,"href":"https:\/\/cala-analytics.com\/tezt\/wp-json\/wp\/v2\/comments?post=2489"}],"version-history":[{"count":4,"href":"https:\/\/cala-analytics.com\/tezt\/wp-json\/wp\/v2\/pages\/2489\/revisions"}],"predecessor-version":[{"id":2870,"href":"https:\/\/cala-analytics.com\/tezt\/wp-json\/wp\/v2\/pages\/2489\/revisions\/2870"}],"wp:attachment":[{"href":"https:\/\/cala-analytics.com\/tezt\/wp-json\/wp\/v2\/media?parent=2489"}],"curies":[{"name":"wp","href":"https:\/\/api.w.org\/{rel}","templated":true}]}}