{"id":2484,"date":"2024-11-11T17:52:22","date_gmt":"2024-11-11T22:52:22","guid":{"rendered":"https:\/\/cala-analytics.com\/tezt\/?page_id=2484"},"modified":"2024-11-24T22:20:12","modified_gmt":"2024-11-25T03:20:12","slug":"golder","status":"publish","type":"page","link":"https:\/\/cala-analytics.com\/tezt\/golder\/","title":{"rendered":"Golder"},"content":{"rendered":"<div class=\"wpb-content-wrapper\"><p>[vc_row][vc_column]\n\t\t\t\t<p class=\"rs-p-wp-fix\"><\/p>\n\t\t\t\t<sr7-module data-alias=\"color-back\" data-id=\"19\" id=\"SR7_19_1\" class=\"rs-ov-hidden\" data-version=\"6.7.23\">\n\t\t\t\t\t<sr7-adjuster><\/sr7-adjuster>\n\t\t\t\t\t<sr7-content>\n\t\t\t\t\t\t<sr7-slide id=\"SR7_19_1-63\" data-key=\"63\">\n\t\t\t\t\t\t<\/sr7-slide>\n\t\t\t\t\t\t<sr7-slide id=\"SR7_19_1-64\" data-key=\"64\">\n\t\t\t\t\t\t<\/sr7-slide>\n\t\t\t\t\t<\/sr7-content>\n\t\t\t\t\t<image_lists style=\"display:none\">\n\t\t\t\t\t\t<img data-src=\"\/\/cala-analytics.com\/tezt\/wp-content\/uploads\/2024\/11\/color-bann-M.png\" width=\"0\" height=\"0\" data-dbsrc=\"Ly9jYWxhLWFuYWx5dGljcy5jb20vdGV6dC93cC1jb250ZW50L3VwbG9hZHMvMjAyNC8xMS9jb2xvci1iYW5uLU0ucG5n\"\/>\n\t\t\t\t\t<\/image_lists>\n\t\t\t\t<\/sr7-module>\n\t\t\t\t<script>\n\t\t\t\t\tSR7.PMH ??={}; SR7.PMH[\"SR7_19_1\"] = {cn:100,state:false,fn: function() { if (_tpt!==undefined && _tpt.prepareModuleHeight !== undefined) {  _tpt.prepareModuleHeight({id:\"SR7_19_1\",el:[120,120,768,768,768],type:'standard',shdw:'0',gh:[120,120,95,95,95],gw:[2540,2540,1024,1024,1024],vpt:['-100px&#039;,&#039;-100px&#039;,&#039;-100px&#039;,&#039;-100px&#039;,&#039;-100px'],size:{fullWidth:true, fullHeight:false},mh:'0',onh:0,onw:0,bg:{color:'{\"orig\":\"transparent\",\"type\":\"solid\",\"string\":\"transparent\"}',image:{src:'https:\/\/cala-analytics.com\/tezt\/wp-content\/uploads\/2024\/11\/color-bann-M.png',size:'',position:'center center',repeat:''}}});   SR7.PMH[\"SR7_19_1\"].state=true;} else if(SR7.PMH[\"SR7_19_1\"].cn-->0)\tsetTimeout( SR7.PMH[\"SR7_19_1\"].fn,19);}};SR7.PMH[\"SR7_19_1\" ].fn();\n\t\t\t\t<\/script>\n[\/vc_column][\/vc_row][vc_row][vc_column]<!-- Start Case Details \r\n    ============================================= -->\r\n    <div class=\"case-details-area default-padding\">\r\n        <div class=\"container\">\r\n            <div class=\"case-details-info\">\r\n                <div class=\"row\">\r\n                    <div class=\"col-md-12\">\r\n                        <div class=\"case-single-carousel owl-carousel owl-theme\">[vc_single_image image=&#8221;2485&#8243; img_size=&#8221;medium&#8221; alignment=&#8221;center&#8221; css=&#8221;&#8221;]<\/div>\r\n                    <\/div>\r\n                <\/div><div class=\"case-basic mt-5 text-center\">\r\n                    <div class=\"row\"><div class=\"col-lg-3 col-md-6\">\r\n                            <div class=\"item\">\r\n                                <i class=\"fas fa-user\"><\/i>\r\n                                <h5>Cliente<\/h5>\r\n                                <span>GOLDER<\/span>\r\n                            <\/div><\/div><div class=\"col-lg-3 col-md-6\">\r\n                            <div class=\"item\">\r\n                                <i class=\"fas fa-cog\"><\/i>\r\n                                <h5>Categor\u00eda<\/h5>\r\n                                <span>Sector Multindustria<\/span>\r\n                            <\/div><\/div><div class=\"col-lg-3 col-md-6\">\r\n                            <div class=\"item\">\r\n                                <i class=\"fas fa-clock\"><\/i>\r\n                                <h5>Objetivo del Proyecto<\/h5>\r\n                                <span>Implementar una herramienta anal\u00edtica para optimizar los procesos de manejo de datos en los estudios de impacto ambiental.<\/span>\r\n                            <\/div><\/div><div class=\"col-lg-3 col-md-6\">\r\n                            <div class=\"item\">\r\n                                <i class=\"fas fa-globe\"><\/i>\r\n                                <h5>Soluci\u00f3n<\/h5>\r\n                                <span>IBM SPSS Statistics, mejora de la eficiencia de sus an\u00e1lisis, automatizaci\u00f3n de procesos, presentaci\u00f3n de informes y control de calidad.<\/span>\r\n                            <\/div><\/div><\/div>\r\n        <\/div>\r\n    <\/div>\r\n    <!-- End Case Details --><\/div>\r\n    <\/div>\r\n    <!-- End Case Details -->[vc_column_text css=&#8221;.vc_custom_1732504802108{margin-right: 10% !important;margin-left: 10% !important;}&#8221;]<\/p>\n<blockquote>\n<h5 style=\"text-align: center;\"><em>&#8220;Gracias a que <strong>IBM SPSS Statistics<\/strong> tiene un dashboard amigable y no se necesita conocimientos de programaci\u00f3n, se increment\u00f3 de 2 a 5 el n\u00famero de usuarios de la plataforma en la compa\u00f1\u00eda y se obtuvo <strong>indicadores m\u00e1s claros de la poblaci\u00f3n evaluada<\/strong> sobre la base de los prop\u00f3sitos generales establecidos por la organizaci\u00f3n.&#8221;<\/em><\/h5>\n<\/blockquote>\n<p>[\/vc_column_text]<!-- Start Case Details \r\n    ============================================= -->\r\n    <div class=\"case-details-area default-padding\">\r\n        <div class=\"container\">\r\n            <div class=\"case-details-info\">\r\n                <div class=\"row\">\r\n                    <div class=\"col-md-12\">\r\n                        <div class=\"case-single-carousel owl-carousel owl-theme\"><\/div>\r\n                    <\/div>\r\n                <\/div>[vc_column_text css=&#8221;.vc_custom_1729529216021{margin-bottom: 25px !important;}&#8221;]<\/p>\n<h2 style=\"text-align: left;\"><strong>Informaci\u00f3n del Proyecto<\/strong><\/h2>\n<p>[\/vc_column_text][vc_column_text css=&#8221;&#8221;]<strong>GOLDER<\/strong> es una empresa internacional que ofrece servicios de alta calidad en consultor\u00eda, dise\u00f1o y construcci\u00f3n en temas de ingenier\u00eda, estudios socio-ambientales y afines. En Per\u00fa, tiene presencia en distintos sectores de la econom\u00eda como:<\/p>\n<p>Gas<\/p>\n<p>Miner\u00eda<\/p>\n<p>Petr\u00f3leo<\/p>\n<p>Energ\u00eda<\/p>\n<p>Infraestructura<\/p>\n<p>Dentro del portafolio de servicios que la compa\u00f1\u00eda ofrece a sus clientes, se encuentran los estudios de impacto ambiental (EIA), documentos que describen:<\/p>\n<p>Un proyecto determinado.<\/p>\n<p>La evaluaci\u00f3n de impactos socio-ambientales.<\/p>\n<p>Las medidas de manejo y planes de contingencia.<\/p>\n<p>Los alcances desde la conceptualizaci\u00f3n hasta el cierre.<\/p>\n<p>Es as\u00ed que una de las compa\u00f1\u00edas m\u00e1s importantes del sector minero solicit\u00f3 los servicios de <strong>Golder Per\u00fa<\/strong> para ejecutar la Modificaci\u00f3n del EIA en la provincia de Espinar en Cusco. Con este estudio se eval\u00faa la viabilidad as\u00ed como el impacto de las modificaciones de la Unidad Minera en sus \u00e1reas de influencia.<\/p>\n<p>En el marco de este estudio, el an\u00e1lisis de la data primaria social se realiz\u00f3 con el software<strong> IBM SPSS Statistics<\/strong> lo que ayud\u00f3 a la mayor efectividad y precisi\u00f3n en la obtenci\u00f3n de datos. A ra\u00edz de la implementaci\u00f3n de los m\u00f3dulos <strong>Base y Tablas de IBM SPSS Statistics<\/strong>, una plataforma m\u00e1s entendible y din\u00e1mica comparada con otras herramientas, se aceler\u00f3 el procesamiento de datos y an\u00e1lisis estad\u00edstico de m\u00e1s de 1000 variables (varios m\u00f3dulos), logrando:<\/p>\n<p>Potenciar las capacidades en ponderaci\u00f3n y proyecci\u00f3n.<\/p>\n<p>La automatizaci\u00f3n de procesos en el cruce de informaci\u00f3n.<\/p>\n<p>La reducci\u00f3n del tiempo de trabajo y entrega de informes a la mitad.<\/p>\n<p>Mayor rapidez en la entrega de informes requeridos.<\/p>\n<p>De acuerdo a un informe de Gesti\u00f3n (2015), los EIA involucran costos que superan el mill\u00f3n de d\u00f3lares y considerando que <strong>Golder<\/strong> involucra a SPSS en 2 proyectos anuales para EIA, se evidencia el poder de <strong>IBM SPSS<\/strong> en la optimizaci\u00f3n de recursos y generaci\u00f3n de resultados.<\/p>\n<p>En la actualidad, <strong>Golder<\/strong> est\u00e1 dispuesto a aceptar nuevos retos en colaboraci\u00f3n con <strong>IBM SPSS<\/strong> para implementar anal\u00edtica predictiva y estudios geof\u00edsicos a ser aplicados para los componentes f\u00edsicos de los EIA o los estudios de pre-factibilidad o factibilidad durante las etapas de exploraci\u00f3n y explotaci\u00f3n de recursos.<\/p>\n<p>Gracias a que <strong>IBM SPSS Statistics<\/strong> tiene un dashboard amigable y no se necesita conocimientos de programaci\u00f3n, se increment\u00f3 de 2 a 5 el n\u00famero de usuarios de la plataforma en la compa\u00f1\u00eda y se obtuvo indicadores m\u00e1s claros de la poblaci\u00f3n evaluada sobre la base de los prop\u00f3sitos generales establecidos por la organizaci\u00f3n.[\/vc_column_text]<\/div>\r\n        <\/div>\r\n    <\/div>\r\n    <!-- End Case Details --><\/div>\r\n    <\/div>\r\n    <!-- End Case Details -->[\/vc_column][\/vc_row]<\/p>\n<\/div>","protected":false},"excerpt":{"rendered":"<p>[vc_row][vc_column][\/vc_column][\/vc_row][vc_row][vc_column][vc_single_image image=&#8221;2485&#8243; img_size=&#8221;medium&#8221; alignment=&#8221;center&#8221; css=&#8221;&#8221;][vc_column_text css=&#8221;.vc_custom_1732504802108{margin-right: 10% !important;margin-left: 10% !important;}&#8221;] &#8220;Gracias a que IBM SPSS Statistics tiene un dashboard amigable y no se necesita conocimientos de programaci\u00f3n, se increment\u00f3 de 2 a 5 el n\u00famero de usuarios de la plataforma en la compa\u00f1\u00eda y se obtuvo indicadores m\u00e1s claros de la poblaci\u00f3n evaluada sobre la [&hellip;]<\/p>\n","protected":false},"author":1,"featured_media":0,"parent":0,"menu_order":0,"comment_status":"closed","ping_status":"closed","template":"page-templates\/pages.php","meta":{"_joinchat":[],"footnotes":""},"class_list":["post-2484","page","type-page","status-publish","hentry"],"_links":{"self":[{"href":"https:\/\/cala-analytics.com\/tezt\/wp-json\/wp\/v2\/pages\/2484","targetHints":{"allow":["GET"]}}],"collection":[{"href":"https:\/\/cala-analytics.com\/tezt\/wp-json\/wp\/v2\/pages"}],"about":[{"href":"https:\/\/cala-analytics.com\/tezt\/wp-json\/wp\/v2\/types\/page"}],"author":[{"embeddable":true,"href":"https:\/\/cala-analytics.com\/tezt\/wp-json\/wp\/v2\/users\/1"}],"replies":[{"embeddable":true,"href":"https:\/\/cala-analytics.com\/tezt\/wp-json\/wp\/v2\/comments?post=2484"}],"version-history":[{"count":4,"href":"https:\/\/cala-analytics.com\/tezt\/wp-json\/wp\/v2\/pages\/2484\/revisions"}],"predecessor-version":[{"id":2878,"href":"https:\/\/cala-analytics.com\/tezt\/wp-json\/wp\/v2\/pages\/2484\/revisions\/2878"}],"wp:attachment":[{"href":"https:\/\/cala-analytics.com\/tezt\/wp-json\/wp\/v2\/media?parent=2484"}],"curies":[{"name":"wp","href":"https:\/\/api.w.org\/{rel}","templated":true}]}}