{"id":2450,"date":"2024-11-11T14:26:40","date_gmt":"2024-11-11T19:26:40","guid":{"rendered":"https:\/\/cala-analytics.com\/tezt\/?page_id=2450"},"modified":"2024-11-24T22:10:40","modified_gmt":"2024-11-25T03:10:40","slug":"devida","status":"publish","type":"page","link":"https:\/\/cala-analytics.com\/tezt\/devida\/","title":{"rendered":"Devida"},"content":{"rendered":"<div class=\"wpb-content-wrapper\"><p>[vc_row][vc_column]\n\t\t\t\t<p class=\"rs-p-wp-fix\"><\/p>\n\t\t\t\t<sr7-module data-alias=\"color-back\" data-id=\"19\" id=\"SR7_19_1\" class=\"rs-ov-hidden\" data-version=\"6.7.23\">\n\t\t\t\t\t<sr7-adjuster><\/sr7-adjuster>\n\t\t\t\t\t<sr7-content>\n\t\t\t\t\t\t<sr7-slide id=\"SR7_19_1-63\" data-key=\"63\">\n\t\t\t\t\t\t<\/sr7-slide>\n\t\t\t\t\t\t<sr7-slide id=\"SR7_19_1-64\" data-key=\"64\">\n\t\t\t\t\t\t<\/sr7-slide>\n\t\t\t\t\t<\/sr7-content>\n\t\t\t\t\t<image_lists style=\"display:none\">\n\t\t\t\t\t\t<img data-src=\"\/\/cala-analytics.com\/tezt\/wp-content\/uploads\/2024\/11\/color-bann-M.png\" width=\"0\" height=\"0\" data-dbsrc=\"Ly9jYWxhLWFuYWx5dGljcy5jb20vdGV6dC93cC1jb250ZW50L3VwbG9hZHMvMjAyNC8xMS9jb2xvci1iYW5uLU0ucG5n\"\/>\n\t\t\t\t\t<\/image_lists>\n\t\t\t\t<\/sr7-module>\n\t\t\t\t<script>\n\t\t\t\t\tSR7.PMH ??={}; SR7.PMH[\"SR7_19_1\"] = {cn:100,state:false,fn: function() { if (_tpt!==undefined && _tpt.prepareModuleHeight !== undefined) {  _tpt.prepareModuleHeight({id:\"SR7_19_1\",el:[120,120,768,768,768],type:'standard',shdw:'0',gh:[120,120,95,95,95],gw:[2540,2540,1024,1024,1024],vpt:['-100px&#039;,&#039;-100px&#039;,&#039;-100px&#039;,&#039;-100px&#039;,&#039;-100px'],size:{fullWidth:true, fullHeight:false},mh:'0',onh:0,onw:0,bg:{color:'{\"orig\":\"transparent\",\"type\":\"solid\",\"string\":\"transparent\"}',image:{src:'https:\/\/cala-analytics.com\/tezt\/wp-content\/uploads\/2024\/11\/color-bann-M.png',size:'',position:'center center',repeat:''}}});   SR7.PMH[\"SR7_19_1\"].state=true;} else if(SR7.PMH[\"SR7_19_1\"].cn-->0)\tsetTimeout( SR7.PMH[\"SR7_19_1\"].fn,19);}};SR7.PMH[\"SR7_19_1\" ].fn();\n\t\t\t\t<\/script>\n[\/vc_column][\/vc_row][vc_row][vc_column]<!-- Start Case Details \r\n    ============================================= -->\r\n    <div class=\"case-details-area default-padding\">\r\n        <div class=\"container\">\r\n            <div class=\"case-details-info\">\r\n                <div class=\"row\">\r\n                    <div class=\"col-md-12\">\r\n                        <div class=\"case-single-carousel owl-carousel owl-theme\">[vc_single_image image=&#8221;2451&#8243; img_size=&#8221;medium&#8221; alignment=&#8221;center&#8221; css=&#8221;&#8221;]<\/div>\r\n                    <\/div>\r\n                <\/div><div class=\"case-basic mt-5 text-center\">\r\n                    <div class=\"row\"><div class=\"col-lg-3 col-md-6\">\r\n                            <div class=\"item\">\r\n                                <i class=\"fas fa-user\"><\/i>\r\n                                <h5>Cliente<\/h5>\r\n                                <span>DEVIDA<\/span>\r\n                            <\/div><\/div><div class=\"col-lg-3 col-md-6\">\r\n                            <div class=\"item\">\r\n                                <i class=\"fas fa-cog\"><\/i>\r\n                                <h5>Categor\u00eda<\/h5>\r\n                                <span>Sector Gobierno<\/span>\r\n                            <\/div><\/div><div class=\"col-lg-3 col-md-6\">\r\n                            <div class=\"item\">\r\n                                <i class=\"fas fa-clock\"><\/i>\r\n                                <h5>Objetivo del Proyecto<\/h5>\r\n                                <span>Mejorar el procesamiento de informaci\u00f3n y an\u00e1lisis de encuestas para la generaci\u00f3n de reportes y evaluaciones.<\/span>\r\n                            <\/div><\/div><div class=\"col-lg-3 col-md-6\">\r\n                            <div class=\"item\">\r\n                                <i class=\"fas fa-globe\"><\/i>\r\n                                <h5>Soluci\u00f3n<\/h5>\r\n                                <span>Implementaci\u00f3n de IBM SPSS Statistics y eficiencia en el an\u00e1lisis, calidad de informaci\u00f3n, automatizaci\u00f3n de procesos y elaboraci\u00f3n de reportes.<\/span>\r\n                            <\/div><\/div><\/div>\r\n        <\/div>\r\n    <\/div>\r\n    <!-- End Case Details --><\/div>\r\n    <\/div>\r\n    <!-- End Case Details -->[vc_column_text css=&#8221;.vc_custom_1732504235253{margin-right: 10% !important;margin-left: 10% !important;}&#8221;]<\/p>\n<blockquote>\n<h5 style=\"text-align: center;\"><em>&#8220;La flexibilidad de <strong>IBM SPSS<\/strong> y la implementaci\u00f3n de seis licencias ayud\u00f3 a que DEVIDA personalizara las metodolog\u00edas y generar\u00e1n informaci\u00f3n en dos semanas. Sin herramientas \u00e1giles e intuitivas, como <strong>IBM SPSS,<\/strong> este tiempo ser\u00eda incalculable.&#8221;<\/em><\/h5>\n<h6 style=\"text-align: center;\"><strong><em>Wilmer Ponce<\/em><\/strong><br \/>\n<em>Sub Director de Monitoreo<\/em><\/h6>\n<\/blockquote>\n<p>[\/vc_column_text]<!-- Start Case Details \r\n    ============================================= -->\r\n    <div class=\"case-details-area default-padding\">\r\n        <div class=\"container\">\r\n            <div class=\"case-details-info\">\r\n                <div class=\"row\">\r\n                    <div class=\"col-md-12\">\r\n                        <div class=\"case-single-carousel owl-carousel owl-theme\"><\/div>\r\n                    <\/div>\r\n                <\/div>[vc_column_text css=&#8221;.vc_custom_1729529216021{margin-bottom: 25px !important;}&#8221;]<\/p>\n<h2 style=\"text-align: left;\"><strong>Informaci\u00f3n del Proyecto<\/strong><\/h2>\n<p>[\/vc_column_text][vc_column_text css=&#8221;&#8221;]La<strong> Comisi\u00f3n Nacional para el Desarrollo de Vida sin Drogas<\/strong>, <strong>DEVIDA<\/strong>, en un Organismo P\u00fablico Ejecutor adscrito a la Presidencia del Consejo de Ministros, encargado de dise\u00f1ar y conducir la Estrategia Nacional de la Lucha contra las Drogas. Adem\u00e1s, administra los fondos nacionales e internacionales de cooperaci\u00f3n destinados a la lucha contra las drogas.<\/p>\n<p>Desde el 2010, <strong>DEVIDA<\/strong> ha implementado el Programa Presupuestal Desarrollo Alternativo Integral y Sostenible \u2013 PIRDAIS, cuyo objetivo es lograr el cambio de actitud de la poblaci\u00f3n y las autoridades de las zonas de influencia cocalera. Llev\u00e1ndolos a un desarrollo y vida l\u00edcita, sin la sombra de la econom\u00eda y las actividades delictivas asociadas con el narcotr\u00e1fico.<\/p>\n<p>Anualmente, el <strong>PIRDAIS<\/strong> realiza una evaluaci\u00f3n de resultados para medir el efecto de intervenci\u00f3n del programa. Para lograr este prop\u00f3sito, realizan una encuesta agr\u00edcola-sociodemogr\u00e1fica a una muestra de: M\u00e1s de 8.500 jefes de hogar que viven en localidades de las zonas cocaleras donde interviene el Programa. Con los resultados de la entrevista, elaboran el indicador de prop\u00f3sito que mide la actitud de las familias al desarrollo alternativo integral y sostenible, el cual sintetiza la informaci\u00f3n en tres criterios:<\/p>\n<p>Relaci\u00f3n y valorizaci\u00f3n sobre los cultivos de coca.<\/p>\n<p>Percepci\u00f3n sobre el bienestar econ\u00f3mico familiar.<\/p>\n<p>El progreso comunal.<\/p>\n<p>Con el poder anal\u00edtico de <strong>IBM SPSS Statistics<\/strong> agilizaron el procesamiento de datos y an\u00e1lisis estad\u00edstico de las encuestas, cuyo cuestionario cuenta con m\u00e1s de 750 variables (cualitativas y cuantitativas). De esta forma, pudieron automatizar los procesos de consistencia de informaci\u00f3n, la elaboraci\u00f3n de tablas personalizadas y el c\u00e1lculo de indicadores basados en sintaxis que permiten generar reportes que evidencian las familias que tienen actitud favorable al desarrollo alternativo integral y sostenible.[\/vc_column_text]<\/div>\r\n        <\/div>\r\n    <\/div>\r\n    <!-- End Case Details --><\/div>\r\n    <\/div>\r\n    <!-- End Case Details -->[\/vc_column][\/vc_row]<\/p>\n<\/div>","protected":false},"excerpt":{"rendered":"<p>[vc_row][vc_column][\/vc_column][\/vc_row][vc_row][vc_column][vc_single_image image=&#8221;2451&#8243; img_size=&#8221;medium&#8221; alignment=&#8221;center&#8221; css=&#8221;&#8221;][vc_column_text css=&#8221;.vc_custom_1732504235253{margin-right: 10% !important;margin-left: 10% !important;}&#8221;] &#8220;La flexibilidad de IBM SPSS y la implementaci\u00f3n de seis licencias ayud\u00f3 a que DEVIDA personalizara las metodolog\u00edas y generar\u00e1n informaci\u00f3n en dos semanas. Sin herramientas \u00e1giles e intuitivas, como IBM SPSS, este tiempo ser\u00eda incalculable.&#8221; Wilmer Ponce Sub Director de Monitoreo [\/vc_column_text][vc_column_text css=&#8221;.vc_custom_1729529216021{margin-bottom: 25px [&hellip;]<\/p>\n","protected":false},"author":1,"featured_media":0,"parent":0,"menu_order":0,"comment_status":"closed","ping_status":"closed","template":"page-templates\/pages.php","meta":{"_joinchat":[],"footnotes":""},"class_list":["post-2450","page","type-page","status-publish","hentry"],"_links":{"self":[{"href":"https:\/\/cala-analytics.com\/tezt\/wp-json\/wp\/v2\/pages\/2450","targetHints":{"allow":["GET"]}}],"collection":[{"href":"https:\/\/cala-analytics.com\/tezt\/wp-json\/wp\/v2\/pages"}],"about":[{"href":"https:\/\/cala-analytics.com\/tezt\/wp-json\/wp\/v2\/types\/page"}],"author":[{"embeddable":true,"href":"https:\/\/cala-analytics.com\/tezt\/wp-json\/wp\/v2\/users\/1"}],"replies":[{"embeddable":true,"href":"https:\/\/cala-analytics.com\/tezt\/wp-json\/wp\/v2\/comments?post=2450"}],"version-history":[{"count":5,"href":"https:\/\/cala-analytics.com\/tezt\/wp-json\/wp\/v2\/pages\/2450\/revisions"}],"predecessor-version":[{"id":2864,"href":"https:\/\/cala-analytics.com\/tezt\/wp-json\/wp\/v2\/pages\/2450\/revisions\/2864"}],"wp:attachment":[{"href":"https:\/\/cala-analytics.com\/tezt\/wp-json\/wp\/v2\/media?parent=2450"}],"curies":[{"name":"wp","href":"https:\/\/api.w.org\/{rel}","templated":true}]}}