{"id":2445,"date":"2024-11-11T13:38:34","date_gmt":"2024-11-11T18:38:34","guid":{"rendered":"https:\/\/cala-analytics.com\/tezt\/?page_id=2445"},"modified":"2024-11-24T22:09:37","modified_gmt":"2024-11-25T03:09:37","slug":"crc-comision-de-regulacion-de-comunicaciones","status":"publish","type":"page","link":"https:\/\/cala-analytics.com\/tezt\/crc-comision-de-regulacion-de-comunicaciones\/","title":{"rendered":"CRC Comisi\u00f3n de Regulaci\u00f3n de Comunicaciones\u200b"},"content":{"rendered":"<div class=\"wpb-content-wrapper\"><p>[vc_row][vc_column]\n\t\t\t\t<p class=\"rs-p-wp-fix\"><\/p>\n\t\t\t\t<sr7-module data-alias=\"color-back\" data-id=\"19\" id=\"SR7_19_1\" class=\"rs-ov-hidden\" data-version=\"6.7.23\">\n\t\t\t\t\t<sr7-adjuster><\/sr7-adjuster>\n\t\t\t\t\t<sr7-content>\n\t\t\t\t\t\t<sr7-slide id=\"SR7_19_1-63\" data-key=\"63\">\n\t\t\t\t\t\t<\/sr7-slide>\n\t\t\t\t\t\t<sr7-slide id=\"SR7_19_1-64\" data-key=\"64\">\n\t\t\t\t\t\t<\/sr7-slide>\n\t\t\t\t\t<\/sr7-content>\n\t\t\t\t\t<image_lists style=\"display:none\">\n\t\t\t\t\t\t<img data-src=\"\/\/cala-analytics.com\/tezt\/wp-content\/uploads\/2024\/11\/color-bann-M.png\" width=\"0\" height=\"0\" data-dbsrc=\"Ly9jYWxhLWFuYWx5dGljcy5jb20vdGV6dC93cC1jb250ZW50L3VwbG9hZHMvMjAyNC8xMS9jb2xvci1iYW5uLU0ucG5n\"\/>\n\t\t\t\t\t<\/image_lists>\n\t\t\t\t<\/sr7-module>\n\t\t\t\t<script>\n\t\t\t\t\tSR7.PMH ??={}; SR7.PMH[\"SR7_19_1\"] = {cn:100,state:false,fn: function() { if (_tpt!==undefined && _tpt.prepareModuleHeight !== undefined) {  _tpt.prepareModuleHeight({id:\"SR7_19_1\",el:[120,120,768,768,768],type:'standard',shdw:'0',gh:[120,120,95,95,95],gw:[2540,2540,1024,1024,1024],vpt:['-100px&#039;,&#039;-100px&#039;,&#039;-100px&#039;,&#039;-100px&#039;,&#039;-100px'],size:{fullWidth:true, fullHeight:false},mh:'0',onh:0,onw:0,bg:{color:'{\"orig\":\"transparent\",\"type\":\"solid\",\"string\":\"transparent\"}',image:{src:'https:\/\/cala-analytics.com\/tezt\/wp-content\/uploads\/2024\/11\/color-bann-M.png',size:'',position:'center center',repeat:''}}});   SR7.PMH[\"SR7_19_1\"].state=true;} else if(SR7.PMH[\"SR7_19_1\"].cn-->0)\tsetTimeout( SR7.PMH[\"SR7_19_1\"].fn,19);}};SR7.PMH[\"SR7_19_1\" ].fn();\n\t\t\t\t<\/script>\n[\/vc_column][\/vc_row][vc_row][vc_column]<!-- Start Case Details \r\n    ============================================= -->\r\n    <div class=\"case-details-area default-padding\">\r\n        <div class=\"container\">\r\n            <div class=\"case-details-info\">\r\n                <div class=\"row\">\r\n                    <div class=\"col-md-12\">\r\n                        <div class=\"case-single-carousel owl-carousel owl-theme\">[vc_single_image image=&#8221;2446&#8243; img_size=&#8221;medium&#8221; alignment=&#8221;center&#8221; css=&#8221;&#8221;]<\/div>\r\n                    <\/div>\r\n                <\/div><div class=\"case-basic mt-5 text-center\">\r\n                    <div class=\"row\"><div class=\"col-lg-3 col-md-6\">\r\n                            <div class=\"item\">\r\n                                <i class=\"fas fa-user\"><\/i>\r\n                                <h5>Cliente<\/h5>\r\n                                <span>CRC - COMISI\u00d3N DE REGULACI\u00d3N DE COMUNICACIONES<\/span>\r\n                            <\/div><\/div><div class=\"col-lg-3 col-md-6\">\r\n                            <div class=\"item\">\r\n                                <i class=\"fas fa-cog\"><\/i>\r\n                                <h5>Categor\u00eda<\/h5>\r\n                                <span>Sector Gobierno<\/span>\r\n                            <\/div><\/div><div class=\"col-lg-3 col-md-6\">\r\n                            <div class=\"item\">\r\n                                <i class=\"fas fa-clock\"><\/i>\r\n                                <h5>Objetivo del Proyecto<\/h5>\r\n                                <span>Contar con una herramienta de gesti\u00f3n de conocimiento que realice an\u00e1lisis de textos para facilitar el banco de informaci\u00f3n.<\/span>\r\n                            <\/div><\/div><div class=\"col-lg-3 col-md-6\">\r\n                            <div class=\"item\">\r\n                                <i class=\"fas fa-globe\"><\/i>\r\n                                <h5>Soluci\u00f3n<\/h5>\r\n                                <span>Herramienta de anal\u00edtica mediante el uso de tecnolog\u00edas emergentes de Inteligencia Artificial-IA y Machine Learning-ML.<\/span>\r\n                            <\/div><\/div><\/div>\r\n        <\/div>\r\n    <\/div>\r\n    <!-- End Case Details --><\/div>\r\n    <\/div>\r\n    <!-- End Case Details -->[vc_column_text css=&#8221;.vc_custom_1732504170174{margin-right: 10% !important;margin-left: 10% !important;}&#8221;]<\/p>\n<blockquote>\n<h5 style=\"text-align: center;\"><em>&#8220;<strong>CALA Analytics<\/strong>, m\u00e1s que ser la empresa que implement\u00f3 dicha soluci\u00f3n para la Entidad, se convirti\u00f3 en el socio anal\u00edtico que nos gu\u00eda en la toma de decisiones basadas en datos, brind\u00e1ndonos un excelente soporte y disposici\u00f3n comercial.&#8221;<\/em><\/h5>\n<h6 style=\"text-align: center;\"><strong><em>Comisi\u00f3n de Regulaci\u00f3n de Comunicaciones <\/em><\/strong><br \/>\n<strong><em>Sandra Salazar Acosta<\/em><\/strong><br \/>\n<em>Profesional Especializado<\/em><\/h6>\n<\/blockquote>\n<p>[\/vc_column_text]<!-- Start Case Details \r\n    ============================================= -->\r\n    <div class=\"case-details-area default-padding\">\r\n        <div class=\"container\">\r\n            <div class=\"case-details-info\">\r\n                <div class=\"row\">\r\n                    <div class=\"col-md-12\">\r\n                        <div class=\"case-single-carousel owl-carousel owl-theme\"><\/div>\r\n                    <\/div>\r\n                <\/div>[vc_column_text css=&#8221;.vc_custom_1729529216021{margin-bottom: 25px !important;}&#8221;]<\/p>\n<h2 style=\"text-align: left;\"><strong>Informaci\u00f3n del Proyecto<\/strong><\/h2>\n<p>[\/vc_column_text][vc_column_text css=&#8221;&#8221;]La <strong>CRC (Comisi\u00f3n de Regulaci\u00f3n de Comunicaciones)<\/strong> se enfoca en hacer mejoras continuas en los procesos y productos de comunicaciones. \u00bfPor qu\u00e9? Para regular el mercado y proteger los derechos de la ciudadan\u00eda. Adem\u00e1s, promueven la competencia, la inversi\u00f3n, la calidad de los servicios y el pluralismo informativo de forma eficaz, eficiente y efectiva.<\/p>\n<p>El \u00c1rea de Asesor\u00eda Jur\u00eddica y Soluci\u00f3n de Controversias de la CRC es la responsable de la <strong>Pol\u00edtica de Prevenci\u00f3n de Da\u00f1o Antijur\u00eddico de la Comisi\u00f3n de Regulaci\u00f3n de Comunicaciones<\/strong>. El Comit\u00e9 de Conciliaci\u00f3n de la Entidad present\u00f3 una iniciativa para incluir una herramienta de gesti\u00f3n de conocimiento que realice an\u00e1lisis de textos que facilite la elaboraci\u00f3n de futuros documentos por parte de un colaborador de la CRC.<\/p>\n<p>Esta iniciativa fue aprobada por la Agencia Nacional de Defensa Jur\u00eddica del Estado \u2014ANDJE- donde a trav\u00e9s de soluciones de inteligencia artificial y aprendizaje de m\u00e1quina, se pudiese programar, configurar y personalizar a trav\u00e9s de algoritmos y componentes ling\u00fc\u00edsticos un banco de conocimiento para la Entidad y a sus colaboradores, logrando ser m\u00e1s asertivos en sus pronunciamientos, minimizando el riesgo y dando cumplimiento a la Pol\u00edtica de Prevenci\u00f3n de Da\u00f1o Antijur\u00eddico.<\/p>\n<p><strong>CALA Analytics<\/strong>, entra a ser el socio anal\u00edtico en la implementaci\u00f3n de esta herramienta, permitiendo a los usuarios consultar un banco de conocimiento antes de la expedici\u00f3n de una nueva decisi\u00f3n mediante un acto administrativo, y validar que en el pasado la CRC no se haya referido a temas similares. Como resultado, el equipo de CALA implementa una correlaci\u00f3n del documento de estudio contra los documentos que hacen parte del Banco de Conocimiento y de esta manera poder tener la certeza de la l\u00ednea regulatoria de la CRC. <strong>CRC<\/strong> en la actualidad toma decisiones basadas en datos, impactando en sus procesos y en la ciudadan\u00eda con el poder del <strong>DATAVERSO<\/strong>.<\/p>\n<p>\u201c<em><strong>CALA Analytics<\/strong>, m\u00e1s que ser la empresa que implement\u00f3 dicha soluci\u00f3n para la Entidad, se convirti\u00f3 en el socio anal\u00edtico que nos gu\u00eda en la toma de decisiones basadas en datos, brind\u00e1ndonos un excelente soporte y disposici\u00f3n comercial.<\/em>\u201d Sandra Salazar Acosta \u2013 Profesional Especializado del CRC.<\/p>\n<p>Desde el equipo de <strong>CALA Analytics<\/strong> continuamos contribuyendo en la construcci\u00f3n de un mejor pa\u00eds, brindando las herramientas anal\u00edticas necesarias para que las organizaciones y el Gobierno tomen decisiones informadas a partir del an\u00e1lisis de su <strong>DATAVERSO<\/strong>.[\/vc_column_text]<\/div>\r\n        <\/div>\r\n    <\/div>\r\n    <!-- End Case Details --><\/div>\r\n    <\/div>\r\n    <!-- End Case Details -->[\/vc_column][\/vc_row]<\/p>\n<\/div>","protected":false},"excerpt":{"rendered":"<p>[vc_row][vc_column][\/vc_column][\/vc_row][vc_row][vc_column][vc_single_image image=&#8221;2446&#8243; img_size=&#8221;medium&#8221; alignment=&#8221;center&#8221; css=&#8221;&#8221;][vc_column_text css=&#8221;.vc_custom_1732504170174{margin-right: 10% !important;margin-left: 10% !important;}&#8221;] &#8220;CALA Analytics, m\u00e1s que ser la empresa que implement\u00f3 dicha soluci\u00f3n para la Entidad, se convirti\u00f3 en el socio anal\u00edtico que nos gu\u00eda en la toma de decisiones basadas en datos, brind\u00e1ndonos un excelente soporte y disposici\u00f3n comercial.&#8221; Comisi\u00f3n de Regulaci\u00f3n de Comunicaciones Sandra Salazar [&hellip;]<\/p>\n","protected":false},"author":1,"featured_media":0,"parent":0,"menu_order":0,"comment_status":"closed","ping_status":"closed","template":"page-templates\/pages.php","meta":{"_joinchat":[],"footnotes":""},"class_list":["post-2445","page","type-page","status-publish","hentry"],"_links":{"self":[{"href":"https:\/\/cala-analytics.com\/tezt\/wp-json\/wp\/v2\/pages\/2445","targetHints":{"allow":["GET"]}}],"collection":[{"href":"https:\/\/cala-analytics.com\/tezt\/wp-json\/wp\/v2\/pages"}],"about":[{"href":"https:\/\/cala-analytics.com\/tezt\/wp-json\/wp\/v2\/types\/page"}],"author":[{"embeddable":true,"href":"https:\/\/cala-analytics.com\/tezt\/wp-json\/wp\/v2\/users\/1"}],"replies":[{"embeddable":true,"href":"https:\/\/cala-analytics.com\/tezt\/wp-json\/wp\/v2\/comments?post=2445"}],"version-history":[{"count":4,"href":"https:\/\/cala-analytics.com\/tezt\/wp-json\/wp\/v2\/pages\/2445\/revisions"}],"predecessor-version":[{"id":2862,"href":"https:\/\/cala-analytics.com\/tezt\/wp-json\/wp\/v2\/pages\/2445\/revisions\/2862"}],"wp:attachment":[{"href":"https:\/\/cala-analytics.com\/tezt\/wp-json\/wp\/v2\/media?parent=2445"}],"curies":[{"name":"wp","href":"https:\/\/api.w.org\/{rel}","templated":true}]}}