{"id":2423,"date":"2024-11-11T13:04:11","date_gmt":"2024-11-11T18:04:11","guid":{"rendered":"https:\/\/cala-analytics.com\/tezt\/?page_id=2423"},"modified":"2024-11-24T22:00:10","modified_gmt":"2024-11-25T03:00:10","slug":"compensar","status":"publish","type":"page","link":"https:\/\/cala-analytics.com\/tezt\/compensar\/","title":{"rendered":"Compensar"},"content":{"rendered":"<div class=\"wpb-content-wrapper\"><p>[vc_row][vc_column]\n\t\t\t\t<p class=\"rs-p-wp-fix\"><\/p>\n\t\t\t\t<sr7-module data-alias=\"color-back\" data-id=\"19\" id=\"SR7_19_1\" class=\"rs-ov-hidden\" data-version=\"6.7.23\">\n\t\t\t\t\t<sr7-adjuster><\/sr7-adjuster>\n\t\t\t\t\t<sr7-content>\n\t\t\t\t\t\t<sr7-slide id=\"SR7_19_1-63\" data-key=\"63\">\n\t\t\t\t\t\t<\/sr7-slide>\n\t\t\t\t\t\t<sr7-slide id=\"SR7_19_1-64\" data-key=\"64\">\n\t\t\t\t\t\t<\/sr7-slide>\n\t\t\t\t\t<\/sr7-content>\n\t\t\t\t\t<image_lists style=\"display:none\">\n\t\t\t\t\t\t<img data-src=\"\/\/cala-analytics.com\/tezt\/wp-content\/uploads\/2024\/11\/color-bann-M.png\" width=\"0\" height=\"0\" data-dbsrc=\"Ly9jYWxhLWFuYWx5dGljcy5jb20vdGV6dC93cC1jb250ZW50L3VwbG9hZHMvMjAyNC8xMS9jb2xvci1iYW5uLU0ucG5n\"\/>\n\t\t\t\t\t<\/image_lists>\n\t\t\t\t<\/sr7-module>\n\t\t\t\t<script>\n\t\t\t\t\tSR7.PMH ??={}; SR7.PMH[\"SR7_19_1\"] = {cn:100,state:false,fn: function() { if (_tpt!==undefined && _tpt.prepareModuleHeight !== undefined) {  _tpt.prepareModuleHeight({id:\"SR7_19_1\",el:[120,120,768,768,768],type:'standard',shdw:'0',gh:[120,120,95,95,95],gw:[2540,2540,1024,1024,1024],vpt:['-100px&#039;,&#039;-100px&#039;,&#039;-100px&#039;,&#039;-100px&#039;,&#039;-100px'],size:{fullWidth:true, fullHeight:false},mh:'0',onh:0,onw:0,bg:{color:'{\"orig\":\"transparent\",\"type\":\"solid\",\"string\":\"transparent\"}',image:{src:'https:\/\/cala-analytics.com\/tezt\/wp-content\/uploads\/2024\/11\/color-bann-M.png',size:'',position:'center center',repeat:''}}});   SR7.PMH[\"SR7_19_1\"].state=true;} else if(SR7.PMH[\"SR7_19_1\"].cn-->0)\tsetTimeout( SR7.PMH[\"SR7_19_1\"].fn,19);}};SR7.PMH[\"SR7_19_1\" ].fn();\n\t\t\t\t<\/script>\n[\/vc_column][\/vc_row][vc_row][vc_column]<!-- Start Case Details \r\n    ============================================= -->\r\n    <div class=\"case-details-area default-padding\">\r\n        <div class=\"container\">\r\n            <div class=\"case-details-info\">\r\n                <div class=\"row\">\r\n                    <div class=\"col-md-12\">\r\n                        <div class=\"case-single-carousel owl-carousel owl-theme\">[vc_single_image image=&#8221;2424&#8243; img_size=&#8221;medium&#8221; alignment=&#8221;center&#8221; css=&#8221;.vc_custom_1732503593264{padding-bottom: -50px !important;}&#8221;]<\/div>\r\n                    <\/div>\r\n                <\/div><div class=\"case-basic mt-5 text-center\">\r\n                    <div class=\"row\"><div class=\"col-lg-3 col-md-6\">\r\n                            <div class=\"item\">\r\n                                <i class=\"fas fa-user\"><\/i>\r\n                                <h5>Cliente<\/h5>\r\n                                <span>COMPENSAR<\/span>\r\n                            <\/div><\/div><div class=\"col-lg-3 col-md-6\">\r\n                            <div class=\"item\">\r\n                                <i class=\"fas fa-cog\"><\/i>\r\n                                <h5>Categor\u00eda<\/h5>\r\n                                <span>Sector Salud<\/span>\r\n                            <\/div><\/div><div class=\"col-lg-3 col-md-6\">\r\n                            <div class=\"item\">\r\n                                <i class=\"fas fa-clock\"><\/i>\r\n                                <h5>Objetivo del Proyecto<\/h5>\r\n                                <span>Fortalecer el conocimiento de los beneficios de IBM SPSS Statistics.<\/span>\r\n                            <\/div><\/div><div class=\"col-lg-3 col-md-6\">\r\n                            <div class=\"item\">\r\n                                <i class=\"fas fa-globe\"><\/i>\r\n                                <h5>Soluci\u00f3n<\/h5>\r\n                                <span>Capacitarse para conocer m\u00e1s sobre el uso de la herramienta.<\/span>\r\n                            <\/div><\/div><\/div>\r\n        <\/div>\r\n    <\/div>\r\n    <!-- End Case Details --><\/div>\r\n    <\/div>\r\n    <!-- End Case Details -->[vc_column_text css=&#8221;.vc_custom_1732503510407{margin-right: 10% !important;margin-left: 10% !important;}&#8221;]<\/p>\n<blockquote>\n<h5 style=\"text-align: center;\"><em>&#8220;<strong>IBM SPSS Statistics<\/strong> es una herramienta f\u00e1cil de usar, tiene una variedad de alternativas para la resoluci\u00f3n de problem\u00e1ticas que se presentan en la organizaci\u00f3n, ofrece seguridad en el manejo de informaci\u00f3n y aplicaciones que en herramientas como Excel, no existen.&#8221;<\/em><\/h5>\n<h6 style=\"text-align: center;\"><strong><em>Rafael David L\u00f3pez Ospina<\/em><\/strong><br \/>\n<em>Profesional estad\u00edstico<\/em><\/h6>\n<\/blockquote>\n<p>[\/vc_column_text]<!-- Start Case Details \r\n    ============================================= -->\r\n    <div class=\"case-details-area default-padding\">\r\n        <div class=\"container\">\r\n            <div class=\"case-details-info\">\r\n                <div class=\"row\">\r\n                    <div class=\"col-md-12\">\r\n                        <div class=\"case-single-carousel owl-carousel owl-theme\"><\/div>\r\n                    <\/div>\r\n                <\/div>[vc_column_text css=&#8221;.vc_custom_1729529216021{margin-bottom: 25px !important;}&#8221;]<\/p>\n<h2 style=\"text-align: left;\"><strong>Informaci\u00f3n del Proyecto<\/strong><\/h2>\n<p>[\/vc_column_text][vc_column_text css=&#8221;&#8221;]La caja de compensaci\u00f3n <strong>Compensar<\/strong> naci\u00f3 el 15 de noviembre de 1978 como iniciativa de la <strong>Fundaci\u00f3n C\u00edrculo de Obreros<\/strong>. Compensar es una entidad enfocada en el campo de la protecci\u00f3n social. Su finalidad es el desarrollo de las familias, trabajadores y empresas como motor de transformaci\u00f3n y progreso social. Actualmente, est\u00e1 consolidada como una de las cajas de compensaci\u00f3n m\u00e1s importantes en Bogot\u00e1 y Cundinamarca.<\/p>\n<p>Compensar necesitaba la mejor herramienta de an\u00e1lisis de datos para fortalecer sus modelos estad\u00edsticos junto a una capacitaci\u00f3n de la soluci\u00f3n. Con la nueva implementaci\u00f3n de modelos anal\u00edticos de otorgamiento de cr\u00e9dito, necesitaban la mejor herramienta de an\u00e1lisis, encontrando la soluci\u00f3n perfecta: <strong>IBM SPSS STATISTICS<\/strong>. Se implement\u00f3 un plan de capacitaciones de 3 meses con cursos de:<\/p>\n<p><strong>Regresi\u00f3n<\/strong><\/p>\n<p><strong>Series de Tiempo<\/strong><\/p>\n<p><strong>Preparaci\u00f3n de Datos<\/strong><\/p>\n<p><strong>An\u00e1lisis Multivariado<\/strong><\/p>\n<p>Entre otros cursos sobre <strong>IBM SPSS Statistics<\/strong>.<\/p>\n<p>Fortalecidos con nuevas herramientas y conocimientos, lograron mejorar sus procesos y cumplir sus objetivos. Revisando la informaci\u00f3n desde diferentes fuentes y formatos, as\u00ed como an\u00e1lisis estad\u00edsticos gr\u00e1ficos aplicados con la herramienta.<\/p>\n<p>\u201c<em>Las capacitaciones fueron \u00fatiles, teniendo en cuenta que a trav\u00e9s de ejemplos, ejercicios pr\u00e1cticos y aplicables conocimos las diferentes alternativas estad\u00edsticas para trabajar y construir modelos robustos en la organizaci\u00f3n<\/em>\u201d Rafael David L\u00f3pez Ospina, Profesional estad\u00edstico, Compensar<\/p>\n<p>Actualmente, son capaces de analizar 100.000 registros de clientes con 50 variables, potenciando el an\u00e1lisis de asignaci\u00f3n de cr\u00e9dito. Ahora, Compensar se prepara para alinear los modelos de otorgamiento de cr\u00e9dito al componente anal\u00edtico para asignar cr\u00e9ditos a sus clientes con un mayor grado de acierto.<\/p>\n<p>\u00ab<em><strong>IBM SPSS Statistics<\/strong> es una herramienta f\u00e1cil de usar, tiene una variedad de alternativas para la resoluci\u00f3n de problem\u00e1ticas que se presentan en la organizaci\u00f3n, ofrece seguridad en el manejo de informaci\u00f3n y aplicaciones que en herramientas como Excel, no existen<\/em>\u201d Rafael David L\u00f3pez Ospina,<br \/>\nProfesional estad\u00edstico, Compensar<\/p>\n<p>En <strong>CALA Analytics<\/strong> sabemos c\u00f3mo ayudarte a potenciar tus datos y a mejorar la toma de decisiones aprovechando el poder de tu <strong>DATAVERSO<\/strong>.[\/vc_column_text]<\/div>\r\n        <\/div>\r\n    <\/div>\r\n    <!-- End Case Details --><\/div>\r\n    <\/div>\r\n    <!-- End Case Details -->[\/vc_column][\/vc_row]<\/p>\n<\/div>","protected":false},"excerpt":{"rendered":"<p>[vc_row][vc_column][\/vc_column][\/vc_row][vc_row][vc_column][vc_single_image image=&#8221;2424&#8243; img_size=&#8221;medium&#8221; alignment=&#8221;center&#8221; css=&#8221;.vc_custom_1732503593264{padding-bottom: -50px !important;}&#8221;][vc_column_text css=&#8221;.vc_custom_1732503510407{margin-right: 10% !important;margin-left: 10% !important;}&#8221;] &#8220;IBM SPSS Statistics es una herramienta f\u00e1cil de usar, tiene una variedad de alternativas para la resoluci\u00f3n de problem\u00e1ticas que se presentan en la organizaci\u00f3n, ofrece seguridad en el manejo de informaci\u00f3n y aplicaciones que en herramientas como Excel, no existen.&#8221; Rafael David [&hellip;]<\/p>\n","protected":false},"author":1,"featured_media":0,"parent":0,"menu_order":0,"comment_status":"closed","ping_status":"closed","template":"page-templates\/pages.php","meta":{"_joinchat":[],"footnotes":""},"class_list":["post-2423","page","type-page","status-publish","hentry"],"_links":{"self":[{"href":"https:\/\/cala-analytics.com\/tezt\/wp-json\/wp\/v2\/pages\/2423","targetHints":{"allow":["GET"]}}],"collection":[{"href":"https:\/\/cala-analytics.com\/tezt\/wp-json\/wp\/v2\/pages"}],"about":[{"href":"https:\/\/cala-analytics.com\/tezt\/wp-json\/wp\/v2\/types\/page"}],"author":[{"embeddable":true,"href":"https:\/\/cala-analytics.com\/tezt\/wp-json\/wp\/v2\/users\/1"}],"replies":[{"embeddable":true,"href":"https:\/\/cala-analytics.com\/tezt\/wp-json\/wp\/v2\/comments?post=2423"}],"version-history":[{"count":5,"href":"https:\/\/cala-analytics.com\/tezt\/wp-json\/wp\/v2\/pages\/2423\/revisions"}],"predecessor-version":[{"id":2851,"href":"https:\/\/cala-analytics.com\/tezt\/wp-json\/wp\/v2\/pages\/2423\/revisions\/2851"}],"wp:attachment":[{"href":"https:\/\/cala-analytics.com\/tezt\/wp-json\/wp\/v2\/media?parent=2423"}],"curies":[{"name":"wp","href":"https:\/\/api.w.org\/{rel}","templated":true}]}}