{"id":2419,"date":"2024-11-11T12:58:04","date_gmt":"2024-11-11T17:58:04","guid":{"rendered":"https:\/\/cala-analytics.com\/tezt\/?page_id=2419"},"modified":"2024-11-24T21:57:30","modified_gmt":"2024-11-25T02:57:30","slug":"comfandi","status":"publish","type":"page","link":"https:\/\/cala-analytics.com\/tezt\/comfandi\/","title":{"rendered":"Comfandi"},"content":{"rendered":"<div class=\"wpb-content-wrapper\"><p>[vc_row][vc_column]\n\t\t\t\t<p class=\"rs-p-wp-fix\"><\/p>\n\t\t\t\t<sr7-module data-alias=\"color-back\" data-id=\"19\" id=\"SR7_19_1\" class=\"rs-ov-hidden\" data-version=\"6.7.23\">\n\t\t\t\t\t<sr7-adjuster><\/sr7-adjuster>\n\t\t\t\t\t<sr7-content>\n\t\t\t\t\t\t<sr7-slide id=\"SR7_19_1-63\" data-key=\"63\">\n\t\t\t\t\t\t<\/sr7-slide>\n\t\t\t\t\t\t<sr7-slide id=\"SR7_19_1-64\" data-key=\"64\">\n\t\t\t\t\t\t<\/sr7-slide>\n\t\t\t\t\t<\/sr7-content>\n\t\t\t\t\t<image_lists style=\"display:none\">\n\t\t\t\t\t\t<img data-src=\"\/\/cala-analytics.com\/tezt\/wp-content\/uploads\/2024\/11\/color-bann-M.png\" width=\"0\" height=\"0\" data-dbsrc=\"Ly9jYWxhLWFuYWx5dGljcy5jb20vdGV6dC93cC1jb250ZW50L3VwbG9hZHMvMjAyNC8xMS9jb2xvci1iYW5uLU0ucG5n\"\/>\n\t\t\t\t\t<\/image_lists>\n\t\t\t\t<\/sr7-module>\n\t\t\t\t<script>\n\t\t\t\t\tSR7.PMH ??={}; SR7.PMH[\"SR7_19_1\"] = {cn:100,state:false,fn: function() { if (_tpt!==undefined && _tpt.prepareModuleHeight !== undefined) {  _tpt.prepareModuleHeight({id:\"SR7_19_1\",el:[120,120,768,768,768],type:'standard',shdw:'0',gh:[120,120,95,95,95],gw:[2540,2540,1024,1024,1024],vpt:['-100px&#039;,&#039;-100px&#039;,&#039;-100px&#039;,&#039;-100px&#039;,&#039;-100px'],size:{fullWidth:true, fullHeight:false},mh:'0',onh:0,onw:0,bg:{color:'{\"orig\":\"transparent\",\"type\":\"solid\",\"string\":\"transparent\"}',image:{src:'https:\/\/cala-analytics.com\/tezt\/wp-content\/uploads\/2024\/11\/color-bann-M.png',size:'',position:'center center',repeat:''}}});   SR7.PMH[\"SR7_19_1\"].state=true;} else if(SR7.PMH[\"SR7_19_1\"].cn-->0)\tsetTimeout( SR7.PMH[\"SR7_19_1\"].fn,19);}};SR7.PMH[\"SR7_19_1\" ].fn();\n\t\t\t\t<\/script>\n[\/vc_column][\/vc_row][vc_row][vc_column]<!-- Start Case Details \r\n    ============================================= -->\r\n    <div class=\"case-details-area default-padding\">\r\n        <div class=\"container\">\r\n            <div class=\"case-details-info\">\r\n                <div class=\"row\">\r\n                    <div class=\"col-md-12\">\r\n                        <div class=\"case-single-carousel owl-carousel owl-theme\">[vc_single_image image=&#8221;2420&#8243; img_size=&#8221;medium&#8221; alignment=&#8221;center&#8221; css=&#8221;&#8221;]<\/div>\r\n                    <\/div>\r\n                <\/div><div class=\"case-basic mt-5 text-center\">\r\n                    <div class=\"row\"><div class=\"col-lg-3 col-md-6\">\r\n                            <div class=\"item\">\r\n                                <i class=\"fas fa-user\"><\/i>\r\n                                <h5>Cliente<\/h5>\r\n                                <span>COMFANDI<\/span>\r\n                            <\/div><\/div><div class=\"col-lg-3 col-md-6\">\r\n                            <div class=\"item\">\r\n                                <i class=\"fas fa-cog\"><\/i>\r\n                                <h5>Categor\u00eda<\/h5>\r\n                                <span>Sector Salud<\/span>\r\n                            <\/div><\/div><div class=\"col-lg-3 col-md-6\">\r\n                            <div class=\"item\">\r\n                                <i class=\"fas fa-clock\"><\/i>\r\n                                <h5>Objetivo del Proyecto<\/h5>\r\n                                <span>Contar con una herramienta anal\u00edtica confiable para analizar grandes vol\u00famenes de datos sobre sus clientes para conocer sus comportamientos e intereses a profundidad.<\/span>\r\n                            <\/div><\/div><div class=\"col-lg-3 col-md-6\">\r\n                            <div class=\"item\">\r\n                                <i class=\"fas fa-globe\"><\/i>\r\n                                <h5>Soluci\u00f3n<\/h5>\r\n                                <span>Implementaci\u00f3n de IBM SPSS Modeler y implementaci\u00f3n de modelos anal\u00edticos para la identificaci\u00f3n de patrones de comportamiento de acuerdo a variables demogr\u00e1ficas y cuantitativas.<\/span>\r\n                            <\/div><\/div><\/div>\r\n        <\/div>\r\n    <\/div>\r\n    <!-- End Case Details --><\/div>\r\n    <\/div>\r\n    <!-- End Case Details -->[vc_column_text css=&#8221;.vc_custom_1732503431499{margin-right: 10% !important;margin-left: 10% !important;}&#8221;]<\/p>\n<blockquote>\n<h5 style=\"text-align: center;\"><em>&#8220;De este modo, <strong>Comfandi<\/strong> logr\u00f3 convertir sus datos en el impulso de sus estrategias para fortalecer sus productos, <strong>llegar al cliente con acciones enfocadas a sus preferencias<\/strong> y generar un impacto positivo en las ventas.&#8221;<\/em><\/h5>\n<\/blockquote>\n<p>[\/vc_column_text]<!-- Start Case Details \r\n    ============================================= -->\r\n    <div class=\"case-details-area default-padding\">\r\n        <div class=\"container\">\r\n            <div class=\"case-details-info\">\r\n                <div class=\"row\">\r\n                    <div class=\"col-md-12\">\r\n                        <div class=\"case-single-carousel owl-carousel owl-theme\"><\/div>\r\n                    <\/div>\r\n                <\/div>[vc_column_text css=&#8221;.vc_custom_1729529216021{margin-bottom: 25px !important;}&#8221;]<\/p>\n<h2 style=\"text-align: left;\"><strong>Informaci\u00f3n del Proyecto<\/strong><\/h2>\n<p>[\/vc_column_text][vc_column_text css=&#8221;&#8221;]La <strong>Caja de Compensaci\u00f3n Familiar del Valle del Cauca, Comfandi<\/strong>, inici\u00f3 su operaci\u00f3n en 1957, convirti\u00e9ndose en la primera Caja de la regi\u00f3n en aportes y afiliados. Actualmente, cuenta con una cobertura en servicios que alcanza el 55% de los 42 municipios del Departamento del Valle del Cauca. <strong>Comfandi<\/strong> es prestadora de servicios de salud, educaci\u00f3n, subsidio, vivienda, recreaci\u00f3n y cultura. Cuenta con 44.000 empresas afiliadas con el objetivo de promover la solidaridad social entre empleadores y trabajadores mediante el otorgamiento de subsidios en dinero o en especie y la prestaci\u00f3n de servicios a los trabajadores afiliados y sus familias.<\/p>\n<p>Buscaban una herramienta con base en la anal\u00edtica avanzada capaz de procesar r\u00e1pidamente datos complejos y los ayud\u00e9 a resolver sus problemas de negocios. Con la llegada de <strong>IBM SPSS Modeler<\/strong> incrementaron el indicador de cumplimiento de actividades diarias, pasando de un 40% al 70% Asimismo alcanzaron un aumento en el cumplimiento de desarrollo de proyectos en innovaci\u00f3n, increment\u00f3 de un 50% al 75% en cada semestre.<\/p>\n<p>Adem\u00e1s, pudieron implementar el proyecto <strong>Vecino Fiel<\/strong>, que buscaba obtener un conocimiento de los clientes para entender su patr\u00f3n de comportamiento e identificar el riesgo de abandono, con el fin de establecer estrategias de fidelizaci\u00f3n, retenci\u00f3n y ofertas personalizadas; segment\u00e1ndolos mediante variables demogr\u00e1ficas y cuantitativas. Este modelo les permiti\u00f3 generar acciones, a trav\u00e9s de estrategias focalizadas, bas\u00e1ndose en un an\u00e1lisis de Market Basket.[\/vc_column_text]<\/div>\r\n        <\/div>\r\n    <\/div>\r\n    <!-- End Case Details --><\/div>\r\n    <\/div>\r\n    <!-- End Case Details -->[\/vc_column][\/vc_row]<\/p>\n<\/div>","protected":false},"excerpt":{"rendered":"<p>[vc_row][vc_column][\/vc_column][\/vc_row][vc_row][vc_column][vc_single_image image=&#8221;2420&#8243; img_size=&#8221;medium&#8221; alignment=&#8221;center&#8221; css=&#8221;&#8221;][vc_column_text css=&#8221;.vc_custom_1732503431499{margin-right: 10% !important;margin-left: 10% !important;}&#8221;] &#8220;De este modo, Comfandi logr\u00f3 convertir sus datos en el impulso de sus estrategias para fortalecer sus productos, llegar al cliente con acciones enfocadas a sus preferencias y generar un impacto positivo en las ventas.&#8221; [\/vc_column_text][vc_column_text css=&#8221;.vc_custom_1729529216021{margin-bottom: 25px !important;}&#8221;] Informaci\u00f3n del Proyecto [\/vc_column_text][vc_column_text css=&#8221;&#8221;]La Caja [&hellip;]<\/p>\n","protected":false},"author":1,"featured_media":0,"parent":0,"menu_order":0,"comment_status":"closed","ping_status":"closed","template":"page-templates\/pages.php","meta":{"_joinchat":[],"footnotes":""},"class_list":["post-2419","page","type-page","status-publish","hentry"],"_links":{"self":[{"href":"https:\/\/cala-analytics.com\/tezt\/wp-json\/wp\/v2\/pages\/2419","targetHints":{"allow":["GET"]}}],"collection":[{"href":"https:\/\/cala-analytics.com\/tezt\/wp-json\/wp\/v2\/pages"}],"about":[{"href":"https:\/\/cala-analytics.com\/tezt\/wp-json\/wp\/v2\/types\/page"}],"author":[{"embeddable":true,"href":"https:\/\/cala-analytics.com\/tezt\/wp-json\/wp\/v2\/users\/1"}],"replies":[{"embeddable":true,"href":"https:\/\/cala-analytics.com\/tezt\/wp-json\/wp\/v2\/comments?post=2419"}],"version-history":[{"count":4,"href":"https:\/\/cala-analytics.com\/tezt\/wp-json\/wp\/v2\/pages\/2419\/revisions"}],"predecessor-version":[{"id":2849,"href":"https:\/\/cala-analytics.com\/tezt\/wp-json\/wp\/v2\/pages\/2419\/revisions\/2849"}],"wp:attachment":[{"href":"https:\/\/cala-analytics.com\/tezt\/wp-json\/wp\/v2\/media?parent=2419"}],"curies":[{"name":"wp","href":"https:\/\/api.w.org\/{rel}","templated":true}]}}