{"id":2415,"date":"2024-11-11T12:50:44","date_gmt":"2024-11-11T17:50:44","guid":{"rendered":"https:\/\/cala-analytics.com\/tezt\/?page_id=2415"},"modified":"2024-11-11T12:52:15","modified_gmt":"2024-11-11T17:52:15","slug":"colegio-de-estadisticos-del-peru","status":"publish","type":"page","link":"https:\/\/cala-analytics.com\/tezt\/colegio-de-estadisticos-del-peru\/","title":{"rendered":"Colegio de Estad\u00edsticos del Per\u00fa"},"content":{"rendered":"<div class=\"wpb-content-wrapper\"><p>[vc_row][vc_column]\n\t\t\t\t<p class=\"rs-p-wp-fix\"><\/p>\n\t\t\t\t<sr7-module data-alias=\"color-back\" data-id=\"19\" id=\"SR7_19_1\" class=\"rs-ov-hidden\" data-version=\"6.7.23\">\n\t\t\t\t\t<sr7-adjuster><\/sr7-adjuster>\n\t\t\t\t\t<sr7-content>\n\t\t\t\t\t\t<sr7-slide id=\"SR7_19_1-63\" data-key=\"63\">\n\t\t\t\t\t\t<\/sr7-slide>\n\t\t\t\t\t\t<sr7-slide id=\"SR7_19_1-64\" data-key=\"64\">\n\t\t\t\t\t\t<\/sr7-slide>\n\t\t\t\t\t<\/sr7-content>\n\t\t\t\t\t<image_lists style=\"display:none\">\n\t\t\t\t\t\t<img data-src=\"\/\/cala-analytics.com\/tezt\/wp-content\/uploads\/2024\/11\/color-bann-M.png\" width=\"0\" height=\"0\" data-dbsrc=\"Ly9jYWxhLWFuYWx5dGljcy5jb20vdGV6dC93cC1jb250ZW50L3VwbG9hZHMvMjAyNC8xMS9jb2xvci1iYW5uLU0ucG5n\"\/>\n\t\t\t\t\t<\/image_lists>\n\t\t\t\t<\/sr7-module>\n\t\t\t\t<script>\n\t\t\t\t\tSR7.PMH ??={}; SR7.PMH[\"SR7_19_1\"] = {cn:100,state:false,fn: function() { if (_tpt!==undefined && _tpt.prepareModuleHeight !== undefined) {  _tpt.prepareModuleHeight({id:\"SR7_19_1\",el:[120,120,768,768,768],type:'standard',shdw:'0',gh:[120,120,95,95,95],gw:[2540,2540,1024,1024,1024],vpt:['-100px&#039;,&#039;-100px&#039;,&#039;-100px&#039;,&#039;-100px&#039;,&#039;-100px'],size:{fullWidth:true, fullHeight:false},mh:'0',onh:0,onw:0,bg:{color:'{\"orig\":\"transparent\",\"type\":\"solid\",\"string\":\"transparent\"}',image:{src:'https:\/\/cala-analytics.com\/tezt\/wp-content\/uploads\/2024\/11\/color-bann-M.png',size:'',position:'center center',repeat:''}}});   SR7.PMH[\"SR7_19_1\"].state=true;} else if(SR7.PMH[\"SR7_19_1\"].cn-->0)\tsetTimeout( SR7.PMH[\"SR7_19_1\"].fn,19);}};SR7.PMH[\"SR7_19_1\" ].fn();\n\t\t\t\t<\/script>\n[\/vc_column][\/vc_row][vc_row][vc_column width=&#8221;1\/6&#8243;][\/vc_column][vc_column width=&#8221;2\/3&#8243;]<!-- Start Case Details \r\n    ============================================= -->\r\n    <div class=\"case-details-area default-padding\">\r\n        <div class=\"container\">\r\n            <div class=\"case-details-info\">\r\n                <div class=\"row\">\r\n                    <div class=\"col-md-12\">\r\n                        <div class=\"case-single-carousel owl-carousel owl-theme\">[vc_single_image image=&#8221;2416&#8243; img_size=&#8221;medium&#8221; alignment=&#8221;center&#8221; css=&#8221;&#8221;]<\/div>\r\n                    <\/div>\r\n                <\/div><div class=\"case-basic mt-5 text-center\">\r\n                    <div class=\"row\"><div class=\"col-lg-3 col-md-6\">\r\n                            <div class=\"item\">\r\n                                <i class=\"fas fa-user\"><\/i>\r\n                                <h5>Cliente<\/h5>\r\n                                <span>COLEGIO DE ESTAD\u00cdSTICOS DEL PER\u00da<\/span>\r\n                            <\/div><\/div><div class=\"col-lg-3 col-md-6\">\r\n                            <div class=\"item\">\r\n                                <i class=\"fas fa-cog\"><\/i>\r\n                                <h5>Categor\u00eda<\/h5>\r\n                                <span>Sector Acad\u00e9mico<\/span>\r\n                            <\/div><\/div><div class=\"col-lg-3 col-md-6\">\r\n                            <div class=\"item\">\r\n                                <i class=\"fas fa-clock\"><\/i>\r\n                                <h5>Objetivo del Proyecto<\/h5>\r\n                                <span>Segmentar los clientes para desarrollar estrategias de mantenimiento y fidelizaci\u00f3n.<\/span>\r\n                            <\/div><\/div><div class=\"col-lg-3 col-md-6\">\r\n                            <div class=\"item\">\r\n                                <i class=\"fas fa-globe\"><\/i>\r\n                                <h5>Soluci\u00f3n<\/h5>\r\n                                <span>Capacitaci\u00f3n pr\u00e1ctica en IBM SPSS Statistics y 40 horas dictadas del curso en 3 niveles.<\/span>\r\n                            <\/div><\/div><\/div>\r\n        <\/div>\r\n    <\/div>\r\n    <!-- End Case Details --><\/div>\r\n    <\/div>\r\n    <!-- End Case Details -->[vc_column_text css=&#8221;&#8221;]<\/p>\n<blockquote>\n<h3 style=\"text-align: center;\"><em><strong>&#8220;Gracias a este plan de capacitaci\u00f3n de la plataforma IBM SPSS Statistics y el acompa\u00f1amiento de CALA ANALYTICS, el Colegio de Estad\u00edstico del Per\u00fa inici\u00f3 un ambicioso plan de llevar a la anal\u00edtica como el eje del desarrollo nacional toda vez que sus colegiados, habiendo robustecido sus habilidades en an\u00e1lisis de datos, apliquen y difundan el conocimiento adquirido en sus respectivas organizaciones.<\/strong>&#8220;<\/em><\/h3>\n<\/blockquote>\n<p>[\/vc_column_text]<!-- Start Case Details \r\n    ============================================= -->\r\n    <div class=\"case-details-area default-padding\">\r\n        <div class=\"container\">\r\n            <div class=\"case-details-info\">\r\n                <div class=\"row\">\r\n                    <div class=\"col-md-12\">\r\n                        <div class=\"case-single-carousel owl-carousel owl-theme\"><\/div>\r\n                    <\/div>\r\n                <\/div>[vc_column_text css=&#8221;.vc_custom_1729529216021{margin-bottom: 25px !important;}&#8221;]<\/p>\n<h2 style=\"text-align: left;\"><strong>Informaci\u00f3n del Proyecto<\/strong><\/h2>\n<p>[\/vc_column_text][vc_column_text css=&#8221;&#8221;]El <strong>Colegio de Estad\u00edstico del Per\u00fa<\/strong> (COESPE), creado el 28 de septiembre del 2007 por el Congreso de la Rep\u00fablica del Per\u00fa mediante la Ley 29093. Es una instituci\u00f3n sin fines de lucro, cuenta con siete Consejos Regionales: Piura, Lambayeque, La Libertad, Ancash, Lima, Cusco y Puno; siendo uno de sus fines promover e impulsar la investigaci\u00f3n estad\u00edstica, actuando como fuente de consulta para profesionales multidisciplinarios que se desarrollan como l\u00edderes en puestos claves de diferentes organizaciones, tanto p\u00fablicas como privadas, con el objetivo de tomar decisiones informadas en pro del desarrollo de la sociedad.<\/p>\n<p>Considerando el contexto, la organizaci\u00f3n identific\u00f3 cambios significativos en el campo laboral de sus colegiados y se plante\u00f3 el objetivo de brindar soporte a su formaci\u00f3n profesional potenciando las competencias en materia de ana\u0301lisis de datos que generen un impacto positivo en el que hacer diario al interior de las entidades p\u00fablicas y privadas que acogen a los estad\u00edsticos.<\/p>\n<p>De esta forma, el <strong>Colegio de Estad\u00edsticos del Per\u00fa<\/strong> gestion\u00f3 un plan de capacitaci\u00f3n para sus miembros, desde el punto de vista de la anal\u00edtica avanzada y ciencia de datos que permita enfocar a los colegiados en habilidades en an\u00e1lisis de datos y de razonamiento l\u00f3gico, m\u00e1s que en temas t\u00e9cnicos de c\u00f3digo, que genere valor a sus perfiles profesionales.<\/p>\n<p>Es aqu\u00ed donde entra el Curso virtual An\u00e1lisis Estad\u00edstico con <strong>IBM SPSS Statistics<\/strong> dictado por Inf\u00f3rmese, un programa de capacitaci\u00f3n te\u00f3rico-pr\u00e1ctico en 03 niveles y de 40 horas de duraci\u00f3n que permiti\u00f3 que 51 colegiados de 06 regiones del pa\u00eds (Piura, Cusco, Puno, Lambayeque, La libertad, Ancash) puedan profundizar sus conocimientos en la plataforma anal\u00edtica m\u00e1s vers\u00e1til, amigable y multidisciplinaria del mercado.<\/p>\n<p>Gracias a este plan de capacitaci\u00f3n de la plataforma <strong>IBM SPSS Statistics<\/strong> y el acompa\u00f1amiento de<strong> CALA ANALYTICS<\/strong>, el Colegio de Estad\u00edstico del Per\u00fa inici\u00f3 un ambicioso plan de llevar a la anal\u00edtica como el eje del desarrollo nacional toda vez que sus colegiados, habiendo robustecido sus habilidades en an\u00e1lisis de datos, apliquen y difundan el conocimiento adquirido en sus respectivas organizaciones.[\/vc_column_text]<\/div>\r\n        <\/div>\r\n    <\/div>\r\n    <!-- End Case Details --><\/div>\r\n    <\/div>\r\n    <!-- End Case Details -->[\/vc_column][vc_column width=&#8221;1\/6&#8243;][\/vc_column][\/vc_row]<\/p>\n<\/div>","protected":false},"excerpt":{"rendered":"<p>[vc_row][vc_column][\/vc_column][\/vc_row][vc_row][vc_column width=&#8221;1\/6&#8243;][\/vc_column][vc_column width=&#8221;2\/3&#8243;][vc_single_image image=&#8221;2416&#8243; img_size=&#8221;medium&#8221; alignment=&#8221;center&#8221; css=&#8221;&#8221;][vc_column_text css=&#8221;&#8221;] &#8220;Gracias a este plan de capacitaci\u00f3n de la plataforma IBM SPSS Statistics y el acompa\u00f1amiento de CALA ANALYTICS, el Colegio de Estad\u00edstico del Per\u00fa inici\u00f3 un ambicioso plan de llevar a la anal\u00edtica como el eje del desarrollo nacional toda vez que sus colegiados, habiendo robustecido sus [&hellip;]<\/p>\n","protected":false},"author":1,"featured_media":0,"parent":0,"menu_order":0,"comment_status":"closed","ping_status":"closed","template":"page-templates\/pages.php","meta":{"_joinchat":[],"footnotes":""},"class_list":["post-2415","page","type-page","status-publish","hentry"],"_links":{"self":[{"href":"https:\/\/cala-analytics.com\/tezt\/wp-json\/wp\/v2\/pages\/2415","targetHints":{"allow":["GET"]}}],"collection":[{"href":"https:\/\/cala-analytics.com\/tezt\/wp-json\/wp\/v2\/pages"}],"about":[{"href":"https:\/\/cala-analytics.com\/tezt\/wp-json\/wp\/v2\/types\/page"}],"author":[{"embeddable":true,"href":"https:\/\/cala-analytics.com\/tezt\/wp-json\/wp\/v2\/users\/1"}],"replies":[{"embeddable":true,"href":"https:\/\/cala-analytics.com\/tezt\/wp-json\/wp\/v2\/comments?post=2415"}],"version-history":[{"count":2,"href":"https:\/\/cala-analytics.com\/tezt\/wp-json\/wp\/v2\/pages\/2415\/revisions"}],"predecessor-version":[{"id":2418,"href":"https:\/\/cala-analytics.com\/tezt\/wp-json\/wp\/v2\/pages\/2415\/revisions\/2418"}],"wp:attachment":[{"href":"https:\/\/cala-analytics.com\/tezt\/wp-json\/wp\/v2\/media?parent=2415"}],"curies":[{"name":"wp","href":"https:\/\/api.w.org\/{rel}","templated":true}]}}