{"id":2408,"date":"2024-11-11T12:40:31","date_gmt":"2024-11-11T17:40:31","guid":{"rendered":"https:\/\/cala-analytics.com\/tezt\/?page_id=2408"},"modified":"2024-11-24T22:02:28","modified_gmt":"2024-11-25T03:02:28","slug":"contraloria-general-de-la-republica","status":"publish","type":"page","link":"https:\/\/cala-analytics.com\/tezt\/contraloria-general-de-la-republica\/","title":{"rendered":"Contraloria General de la Republica"},"content":{"rendered":"<div class=\"wpb-content-wrapper\"><p>[vc_row][vc_column]\n\t\t\t\t<p class=\"rs-p-wp-fix\"><\/p>\n\t\t\t\t<sr7-module data-alias=\"color-back\" data-id=\"19\" id=\"SR7_19_1\" class=\"rs-ov-hidden\" data-version=\"6.7.23\">\n\t\t\t\t\t<sr7-adjuster><\/sr7-adjuster>\n\t\t\t\t\t<sr7-content>\n\t\t\t\t\t\t<sr7-slide id=\"SR7_19_1-63\" data-key=\"63\">\n\t\t\t\t\t\t<\/sr7-slide>\n\t\t\t\t\t\t<sr7-slide id=\"SR7_19_1-64\" data-key=\"64\">\n\t\t\t\t\t\t<\/sr7-slide>\n\t\t\t\t\t<\/sr7-content>\n\t\t\t\t\t<image_lists style=\"display:none\">\n\t\t\t\t\t\t<img data-src=\"\/\/cala-analytics.com\/tezt\/wp-content\/uploads\/2024\/11\/color-bann-M.png\" width=\"0\" height=\"0\" data-dbsrc=\"Ly9jYWxhLWFuYWx5dGljcy5jb20vdGV6dC93cC1jb250ZW50L3VwbG9hZHMvMjAyNC8xMS9jb2xvci1iYW5uLU0ucG5n\"\/>\n\t\t\t\t\t<\/image_lists>\n\t\t\t\t<\/sr7-module>\n\t\t\t\t<script>\n\t\t\t\t\tSR7.PMH ??={}; SR7.PMH[\"SR7_19_1\"] = {cn:100,state:false,fn: function() { if (_tpt!==undefined && _tpt.prepareModuleHeight !== undefined) {  _tpt.prepareModuleHeight({id:\"SR7_19_1\",el:[120,120,768,768,768],type:'standard',shdw:'0',gh:[120,120,95,95,95],gw:[2540,2540,1024,1024,1024],vpt:['-100px&#039;,&#039;-100px&#039;,&#039;-100px&#039;,&#039;-100px&#039;,&#039;-100px'],size:{fullWidth:true, fullHeight:false},mh:'0',onh:0,onw:0,bg:{color:'{\"orig\":\"transparent\",\"type\":\"solid\",\"string\":\"transparent\"}',image:{src:'https:\/\/cala-analytics.com\/tezt\/wp-content\/uploads\/2024\/11\/color-bann-M.png',size:'',position:'center center',repeat:''}}});   SR7.PMH[\"SR7_19_1\"].state=true;} else if(SR7.PMH[\"SR7_19_1\"].cn-->0)\tsetTimeout( SR7.PMH[\"SR7_19_1\"].fn,19);}};SR7.PMH[\"SR7_19_1\" ].fn();\n\t\t\t\t<\/script>\n[\/vc_column][\/vc_row][vc_row][vc_column]<!-- Start Case Details \r\n    ============================================= -->\r\n    <div class=\"case-details-area default-padding\">\r\n        <div class=\"container\">\r\n            <div class=\"case-details-info\">\r\n                <div class=\"row\">\r\n                    <div class=\"col-md-12\">\r\n                        <div class=\"case-single-carousel owl-carousel owl-theme\">[vc_single_image image=&#8221;2409&#8243; img_size=&#8221;medium&#8221; alignment=&#8221;center&#8221; css=&#8221;&#8221;]<\/div>\r\n                    <\/div>\r\n                <\/div><div class=\"case-basic mt-5 text-center\">\r\n                    <div class=\"row\"><div class=\"col-lg-3 col-md-6\">\r\n                            <div class=\"item\">\r\n                                <i class=\"fas fa-user\"><\/i>\r\n                                <h5>Cliente<\/h5>\r\n                                <span>CONTRALOR\u00cdA GENERAL DE LA REP\u00daBLICA<\/span>\r\n                            <\/div><\/div><div class=\"col-lg-3 col-md-6\">\r\n                            <div class=\"item\">\r\n                                <i class=\"fas fa-cog\"><\/i>\r\n                                <h5>Categor\u00eda<\/h5>\r\n                                <span>Sector Gobierno<\/span>\r\n                            <\/div><\/div><div class=\"col-lg-3 col-md-6\">\r\n                            <div class=\"item\">\r\n                                <i class=\"fas fa-clock\"><\/i>\r\n                                <h5>Objetivo del Proyecto<\/h5>\r\n                                <span>Realizar un monitoreo de medios para seleccionar los temas m\u00e1s relevantes para realizar las auditor\u00edas.<\/span>\r\n                            <\/div><\/div><div class=\"col-lg-3 col-md-6\">\r\n                            <div class=\"item\">\r\n                                <i class=\"fas fa-globe\"><\/i>\r\n                                <h5>Soluci\u00f3n<\/h5>\r\n                                <span>IBM SPSS Modeler y Text Analytics e implementar un modelo para filtrar los temas recurrentes en medios de comunicaci\u00f3n.<\/span>\r\n                            <\/div><\/div><\/div>\r\n        <\/div>\r\n    <\/div>\r\n    <!-- End Case Details --><\/div>\r\n    <\/div>\r\n    <!-- End Case Details -->[vc_column_text css=&#8221;.vc_custom_1732503727458{margin-right: 10% !important;margin-left: 10% !important;}&#8221;]<\/p>\n<blockquote>\n<h5 style=\"text-align: center;\"><em>&#8220;Con el apoyo de <strong>Text Analytics de IBM SPSS Modeler<\/strong> pudieron establecer modelos para filtrar los temas recurrentes en los medios de comunicaci\u00f3n como insumo para las auditor\u00edas. A la hora de iniciar la ruta encontraron aproximadamente 30 fuentes noticiosas que pueden llegar a generar en promedio unas 1.000 noticias semanales.&#8221;<\/em><\/h5>\n<\/blockquote>\n<p>[\/vc_column_text]<!-- Start Case Details \r\n    ============================================= -->\r\n    <div class=\"case-details-area default-padding\">\r\n        <div class=\"container\">\r\n            <div class=\"case-details-info\">\r\n                <div class=\"row\">\r\n                    <div class=\"col-md-12\">\r\n                        <div class=\"case-single-carousel owl-carousel owl-theme\"><\/div>\r\n                    <\/div>\r\n                <\/div>[vc_column_text css=&#8221;.vc_custom_1729529216021{margin-bottom: 25px !important;}&#8221;]<\/p>\n<h2 style=\"text-align: left;\"><strong>Informaci\u00f3n del Proyecto<\/strong><\/h2>\n<p>[\/vc_column_text][vc_column_text css=&#8221;&#8221;]La <strong>Contralor\u00eda General de la Rep\u00fablica (CGR)<\/strong> es el m\u00e1ximo \u00f3rgano de control fiscal del Estado colombiano. Tiene la misi\u00f3n de procurar el buen uso de los recursos y bienes p\u00fablicos y contribuir a la modernizaci\u00f3n del Estado mediante acciones que lleven al mejoramiento continuo en las distintas entidades p\u00fablicas.<\/p>\n<p>En la entidad implementan la anal\u00edtica en el ejercicio del control fiscal. Sin embargo, una de las etapas importantes para el cumplimiento de los objetivos misionales es la planificaci\u00f3n de los procesos de auditores. Para ello, uno de los insumos que utilizan las <strong>Entidades de Fiscalizaci\u00f3n Superior \u2013 EFS<\/strong> en el mundo, son las noticias sobre hechos relevantes de corrupci\u00f3n o factores de riesgo relevantes.<\/p>\n<p>La Contralor\u00eda no contaba con ninguna herramienta automatizada que hiciera monitoreo de medios y que los ayudara a seleccionar los temas m\u00e1s relevantes desde una perspectiva t\u00e9cnica y alejada de la manipulaci\u00f3n humana.<\/p>\n<p>Con el apoyo de <strong>Text Analytics<\/strong> de <strong>IBM SPSS Modeler<\/strong> pudieron establecer modelos para filtrar los temas recurrentes en los medios de comunicaci\u00f3n como insumo para las auditor\u00edas. A la hora de iniciar la ruta encontraron aproximadamente 30 fuentes noticiosas que pueden llegar a generar en promedio unas 1.000 noticias semanales.<\/p>\n<p>Este proyecto se est\u00e1 desarrollando en el sector de Minas y Energ\u00eda con el objetivo de extraer en formato RSS las noticias pertinentes, generar un medio de comunicaci\u00f3n a los funcionarios de la Delegada del Sector Minas y Energ\u00eda, adem\u00e1s de servir como fuente para la planificaci\u00f3n de las auditor\u00edas.<\/p>\n<p>Con la implementaci\u00f3n de <strong>IBM SPSS Modeler<\/strong>, la Contralor\u00eda ha logrado optimizar este proceso y disminuir los recursos para esta labor, ahora los auditores solamente deben preocuparse por enriquecer el diccionario de datos de acuerdo a la importancia sectorial y dejar que el trabajo operativo lo realice la herramienta.<\/p>\n<p>Debido al \u00e9xito en el proyecto, el proceso se extender\u00e1 a las otras seis delegadas sectoriales, ajustando el diccionario de datos.<br \/>\nDe esta forma, no ser\u00e1n solo 110 funcionarios beneficiados en una delegaci\u00f3n, sino 1800 que obtendr\u00e1n un insumo de calidad para la planificaci\u00f3n del proceso auditor.<\/p>\n<p>Asimismo, la Contralor\u00eda General realizar\u00e1 un monitoreo de medios de inter\u00e9s general que beneficie otros procesos. De esta forma, sus esfuerzos se enfocar\u00e1n en los temas m\u00e1s relevantes a trav\u00e9s de los medios de comunicaci\u00f3n para realizar auditor\u00edas efectivas que contribuyan al cumplimiento de sus objetivos misionales.[\/vc_column_text]<\/div>\r\n        <\/div>\r\n    <\/div>\r\n    <!-- End Case Details --><\/div>\r\n    <\/div>\r\n    <!-- End Case Details -->[\/vc_column][\/vc_row]<\/p>\n<\/div>","protected":false},"excerpt":{"rendered":"<p>[vc_row][vc_column][\/vc_column][\/vc_row][vc_row][vc_column][vc_single_image image=&#8221;2409&#8243; img_size=&#8221;medium&#8221; alignment=&#8221;center&#8221; css=&#8221;&#8221;][vc_column_text css=&#8221;.vc_custom_1732503727458{margin-right: 10% !important;margin-left: 10% !important;}&#8221;] &#8220;Con el apoyo de Text Analytics de IBM SPSS Modeler pudieron establecer modelos para filtrar los temas recurrentes en los medios de comunicaci\u00f3n como insumo para las auditor\u00edas. A la hora de iniciar la ruta encontraron aproximadamente 30 fuentes noticiosas que pueden llegar a generar [&hellip;]<\/p>\n","protected":false},"author":1,"featured_media":0,"parent":0,"menu_order":0,"comment_status":"closed","ping_status":"closed","template":"page-templates\/pages.php","meta":{"_joinchat":[],"footnotes":""},"class_list":["post-2408","page","type-page","status-publish","hentry"],"_links":{"self":[{"href":"https:\/\/cala-analytics.com\/tezt\/wp-json\/wp\/v2\/pages\/2408","targetHints":{"allow":["GET"]}}],"collection":[{"href":"https:\/\/cala-analytics.com\/tezt\/wp-json\/wp\/v2\/pages"}],"about":[{"href":"https:\/\/cala-analytics.com\/tezt\/wp-json\/wp\/v2\/types\/page"}],"author":[{"embeddable":true,"href":"https:\/\/cala-analytics.com\/tezt\/wp-json\/wp\/v2\/users\/1"}],"replies":[{"embeddable":true,"href":"https:\/\/cala-analytics.com\/tezt\/wp-json\/wp\/v2\/comments?post=2408"}],"version-history":[{"count":6,"href":"https:\/\/cala-analytics.com\/tezt\/wp-json\/wp\/v2\/pages\/2408\/revisions"}],"predecessor-version":[{"id":2852,"href":"https:\/\/cala-analytics.com\/tezt\/wp-json\/wp\/v2\/pages\/2408\/revisions\/2852"}],"wp:attachment":[{"href":"https:\/\/cala-analytics.com\/tezt\/wp-json\/wp\/v2\/media?parent=2408"}],"curies":[{"name":"wp","href":"https:\/\/api.w.org\/{rel}","templated":true}]}}