{"id":2385,"date":"2024-11-11T11:48:25","date_gmt":"2024-11-11T16:48:25","guid":{"rendered":"https:\/\/cala-analytics.com\/tezt\/?page_id=2385"},"modified":"2024-11-24T21:45:30","modified_gmt":"2024-11-25T02:45:30","slug":"bancolombia","status":"publish","type":"page","link":"https:\/\/cala-analytics.com\/tezt\/bancolombia\/","title":{"rendered":"Bancolombia"},"content":{"rendered":"<div class=\"wpb-content-wrapper\"><p>[vc_row][vc_column]\n\t\t\t\t<p class=\"rs-p-wp-fix\"><\/p>\n\t\t\t\t<sr7-module data-alias=\"color-back\" data-id=\"19\" id=\"SR7_19_1\" class=\"rs-ov-hidden\" data-version=\"6.7.23\">\n\t\t\t\t\t<sr7-adjuster><\/sr7-adjuster>\n\t\t\t\t\t<sr7-content>\n\t\t\t\t\t\t<sr7-slide id=\"SR7_19_1-63\" data-key=\"63\">\n\t\t\t\t\t\t<\/sr7-slide>\n\t\t\t\t\t\t<sr7-slide id=\"SR7_19_1-64\" data-key=\"64\">\n\t\t\t\t\t\t<\/sr7-slide>\n\t\t\t\t\t<\/sr7-content>\n\t\t\t\t\t<image_lists style=\"display:none\">\n\t\t\t\t\t\t<img data-src=\"\/\/cala-analytics.com\/tezt\/wp-content\/uploads\/2024\/11\/color-bann-M.png\" width=\"0\" height=\"0\" data-dbsrc=\"Ly9jYWxhLWFuYWx5dGljcy5jb20vdGV6dC93cC1jb250ZW50L3VwbG9hZHMvMjAyNC8xMS9jb2xvci1iYW5uLU0ucG5n\"\/>\n\t\t\t\t\t<\/image_lists>\n\t\t\t\t<\/sr7-module>\n\t\t\t\t<script>\n\t\t\t\t\tSR7.PMH ??={}; SR7.PMH[\"SR7_19_1\"] = {cn:100,state:false,fn: function() { if (_tpt!==undefined && _tpt.prepareModuleHeight !== undefined) {  _tpt.prepareModuleHeight({id:\"SR7_19_1\",el:[120,120,768,768,768],type:'standard',shdw:'0',gh:[120,120,95,95,95],gw:[2540,2540,1024,1024,1024],vpt:['-100px&#039;,&#039;-100px&#039;,&#039;-100px&#039;,&#039;-100px&#039;,&#039;-100px'],size:{fullWidth:true, fullHeight:false},mh:'0',onh:0,onw:0,bg:{color:'{\"orig\":\"transparent\",\"type\":\"solid\",\"string\":\"transparent\"}',image:{src:'https:\/\/cala-analytics.com\/tezt\/wp-content\/uploads\/2024\/11\/color-bann-M.png',size:'',position:'center center',repeat:''}}});   SR7.PMH[\"SR7_19_1\"].state=true;} else if(SR7.PMH[\"SR7_19_1\"].cn-->0)\tsetTimeout( SR7.PMH[\"SR7_19_1\"].fn,19);}};SR7.PMH[\"SR7_19_1\" ].fn();\n\t\t\t\t<\/script>\n[\/vc_column][\/vc_row][vc_row][vc_column]<!-- Start Case Details \r\n    ============================================= -->\r\n    <div class=\"case-details-area default-padding\">\r\n        <div class=\"container\">\r\n            <div class=\"case-details-info\">\r\n                <div class=\"row\">\r\n                    <div class=\"col-md-12\">\r\n                        <div class=\"case-single-carousel owl-carousel owl-theme\">[vc_single_image image=&#8221;2388&#8243; img_size=&#8221;medium&#8221; alignment=&#8221;center&#8221; css=&#8221;&#8221;]<\/div>\r\n                    <\/div>\r\n                <\/div><div class=\"case-basic mt-5 text-center\">\r\n                    <div class=\"row\"><div class=\"col-lg-3 col-md-6\">\r\n                            <div class=\"item\">\r\n                                <i class=\"fas fa-user\"><\/i>\r\n                                <h5>Cliente<\/h5>\r\n                                <span>BANCOLOMBIA<\/span>\r\n                            <\/div><\/div><div class=\"col-lg-3 col-md-6\">\r\n                            <div class=\"item\">\r\n                                <i class=\"fas fa-cog\"><\/i>\r\n                                <h5>Categor\u00eda<\/h5>\r\n                                <span>Sector Financiero<\/span>\r\n                            <\/div><\/div><div class=\"col-lg-3 col-md-6\">\r\n                            <div class=\"item\">\r\n                                <i class=\"fas fa-clock\"><\/i>\r\n                                <h5>Objetivo del Proyecto<\/h5>\r\n                                <span>Mejorar el proceso de auditor\u00eda, teniendo mayor asertividad al momento de seleccionar los clientes que presentan alertas en sus indicadores financieros.<\/span>\r\n                            <\/div><\/div><div class=\"col-lg-3 col-md-6\">\r\n                            <div class=\"item\">\r\n                                <i class=\"fas fa-globe\"><\/i>\r\n                                <h5>Soluci\u00f3n<\/h5>\r\n                                <span>Implementaci\u00f3n de IBM SPSS Modeler. Implementaci\u00f3n de modelos anal\u00edticos para identificar alertas que puedan generar riesgo de cr\u00e9dito.<\/span>\r\n                            <\/div><\/div><\/div>\r\n        <\/div>\r\n    <\/div>\r\n    <!-- End Case Details --><\/div>\r\n    <\/div>\r\n    <!-- End Case Details -->[vc_column_text css=&#8221;.vc_custom_1732502716944{margin-right: 10% !important;margin-left: 10% !important;}&#8221;]<\/p>\n<blockquote>\n<h5 style=\"text-align: center;\"><em>&#8220;A trav\u00e9s de la incorporaci\u00f3n de modelos anal\u00edticos de <strong>IBM SPSS Modeler<\/strong>, se incluy\u00f3 el 100% de la poblaci\u00f3n en los an\u00e1lisis, lo que agrega valor al tener una mayor cobertura de los riesgos a los cuales est\u00e1 expuesto el banco.&#8221;<\/em><\/h5>\n<\/blockquote>\n<p>[\/vc_column_text]<!-- Start Case Details \r\n    ============================================= -->\r\n    <div class=\"case-details-area default-padding\">\r\n        <div class=\"container\">\r\n            <div class=\"case-details-info\">\r\n                <div class=\"row\">\r\n                    <div class=\"col-md-12\">\r\n                        <div class=\"case-single-carousel owl-carousel owl-theme\"><\/div>\r\n                    <\/div>\r\n                <\/div>[vc_column_text css=&#8221;.vc_custom_1729529216021{margin-bottom: 25px !important;}&#8221;]<\/p>\n<h2 style=\"text-align: left;\"><strong>Informaci\u00f3n del Proyecto<\/strong><\/h2>\n<p>[\/vc_column_text][vc_column_text css=&#8221;&#8221;]Con m\u00e1s de 140 a\u00f1os de operaciones en Colombia, <strong>Bancolombia<\/strong> se ha convertido en uno de los grupos m\u00e1s s\u00f3lidos del pa\u00eds. Este conglomerado de empresas financieras provee servicios de corretaje burs\u00e1til, banca de inversi\u00f3n, leasing financiero, factoring, cr\u00e9dito de consumo, servicios fiduciarios, administraci\u00f3n de activos, entre otros.<\/p>\n<p>Debido a la necesidad de mejorar e innovar cada d\u00eda, Bancolombia ajusta constantemente sus procesos para cumplir con las necesidades y exigencias de sus clientes. Para alcanzar este objetivo, la auditor\u00eda interna de los clientes deb\u00eda ser optimizada para tener un mayor alcance en sus resultados.<\/p>\n<p>Para ello necesitaban contar con una herramienta anal\u00edtica potente que les permitiera mejorar el proceso de auditor\u00eda, teniendo mayor asertividad al momento de seleccionar los clientes que presentan alertas en sus indicadores financieros.<\/p>\n<p>Su mayor reto era no contar con los recursos tecnol\u00f3gicos para implementar un modelo de alertas financieras que incorporara el 100% de la poblaci\u00f3n y tuviera componentes estad\u00edsticos y financieros, para agregar valor a las operaciones del banco a trav\u00e9s de la Banca Empresarial y Corporativa.<\/p>\n<p>A trav\u00e9s de la incorporaci\u00f3n de modelos anal\u00edticos de <strong>IBM SPSS Modeler<\/strong>, se incluy\u00f3 el 100% de la poblaci\u00f3n en los an\u00e1lisis, lo que agrega valor al tener una mayor cobertura de los riesgos a los cuales est\u00e1 expuesto el banco.<\/p>\n<p>Por otra parte, los modelos incorporan un an\u00e1lisis del cliente con su sector, de manera que los indicadores tienen un contexto adecuado, acorde a cada cliente.<\/p>\n<p>Al generar estas alertas, se busca mitigar el riesgo de cr\u00e9dito implementando acciones efectivas para obtener mayores beneficios econ\u00f3micos para el banco, brindando una mejor asesor\u00eda a los clientes de acuerdo a sus necesidades.<\/p>\n<p>Ahora, Bancolombia cuenta con una herramienta anal\u00edtica que les permite automatizar procesos, ahorrar tiempo en ejecuci\u00f3n y entrega de resultados para adaptarse r\u00e1pidamente a las necesidades del entorno y del negocio.[\/vc_column_text]<\/div>\r\n        <\/div>\r\n    <\/div>\r\n    <!-- End Case Details --><\/div>\r\n    <\/div>\r\n    <!-- End Case Details -->[\/vc_column][\/vc_row]<\/p>\n<\/div>","protected":false},"excerpt":{"rendered":"<p>[vc_row][vc_column][\/vc_column][\/vc_row][vc_row][vc_column][vc_single_image image=&#8221;2388&#8243; img_size=&#8221;medium&#8221; alignment=&#8221;center&#8221; css=&#8221;&#8221;][vc_column_text css=&#8221;.vc_custom_1732502716944{margin-right: 10% !important;margin-left: 10% !important;}&#8221;] &#8220;A trav\u00e9s de la incorporaci\u00f3n de modelos anal\u00edticos de IBM SPSS Modeler, se incluy\u00f3 el 100% de la poblaci\u00f3n en los an\u00e1lisis, lo que agrega valor al tener una mayor cobertura de los riesgos a los cuales est\u00e1 expuesto el banco.&#8221; [\/vc_column_text][vc_column_text css=&#8221;.vc_custom_1729529216021{margin-bottom: 25px !important;}&#8221;] [&hellip;]<\/p>\n","protected":false},"author":1,"featured_media":0,"parent":0,"menu_order":0,"comment_status":"closed","ping_status":"closed","template":"page-templates\/pages.php","meta":{"_joinchat":[],"footnotes":""},"class_list":["post-2385","page","type-page","status-publish","hentry"],"_links":{"self":[{"href":"https:\/\/cala-analytics.com\/tezt\/wp-json\/wp\/v2\/pages\/2385","targetHints":{"allow":["GET"]}}],"collection":[{"href":"https:\/\/cala-analytics.com\/tezt\/wp-json\/wp\/v2\/pages"}],"about":[{"href":"https:\/\/cala-analytics.com\/tezt\/wp-json\/wp\/v2\/types\/page"}],"author":[{"embeddable":true,"href":"https:\/\/cala-analytics.com\/tezt\/wp-json\/wp\/v2\/users\/1"}],"replies":[{"embeddable":true,"href":"https:\/\/cala-analytics.com\/tezt\/wp-json\/wp\/v2\/comments?post=2385"}],"version-history":[{"count":5,"href":"https:\/\/cala-analytics.com\/tezt\/wp-json\/wp\/v2\/pages\/2385\/revisions"}],"predecessor-version":[{"id":2837,"href":"https:\/\/cala-analytics.com\/tezt\/wp-json\/wp\/v2\/pages\/2385\/revisions\/2837"}],"wp:attachment":[{"href":"https:\/\/cala-analytics.com\/tezt\/wp-json\/wp\/v2\/media?parent=2385"}],"curies":[{"name":"wp","href":"https:\/\/api.w.org\/{rel}","templated":true}]}}